{"id":125,"date":"2024-12-09T17:42:47","date_gmt":"2024-12-09T16:42:47","guid":{"rendered":"https:\/\/redfilosofia.es\/comision-investigacion\/?page_id=125"},"modified":"2025-12-10T09:59:56","modified_gmt":"2025-12-10T08:59:56","slug":"novedades","status":"publish","type":"page","link":"https:\/\/redfilosofia.es\/comision-investigacion\/novedades\/","title":{"rendered":"Novedades"},"content":{"rendered":"\n<div class=\"wp-block-group alignfull has-accent-3-background-color has-background is-vertical is-content-justification-center is-layout-flex wp-container-core-group-is-layout-623b1cb9 wp-block-group-is-layout-flex\" style=\"min-height:100vh;margin-top:0;margin-bottom:0;padding-top:var(--wp--preset--spacing--60);padding-right:var(--wp--preset--spacing--50);padding-bottom:var(--wp--preset--spacing--60);padding-left:var(--wp--preset--spacing--50)\">\n<div class=\"wp-block-group has-global-padding is-layout-constrained wp-block-group-is-layout-constrained\">\n<h2 class=\"wp-block-heading has-text-align-center has-contrast-color has-text-color has-link-color has-x-large-font-size wp-elements-00a0769d0327c37d5aa73d466eecdedf\" style=\"margin-right:0;margin-left:0;padding-right:0;padding-left:0\">Pr\u00f3xima actividad pendiente de anunciar (inicios 2026)<\/h2>\n\n\n\n<p class=\"has-text-align-center has-base-color has-text-color has-link-color has-large-font-size wp-elements-5ca23bc8533094a4d3af797f1a499f64\"><strong>\u00daltima actividad: <\/strong><\/p>\n\n\n\n<p class=\"has-text-align-center has-base-color has-text-color has-link-color has-large-font-size wp-elements-d452d82313a29a2dfc00dcb52ede64e6\"><strong>CoARA y la evaluaci\u00f3n de la filosof\u00eda en Espa\u00f1a<br><\/strong>Videoconferencia <\/p>\n\n\n\n<p class=\"has-text-align-center has-base-color has-text-color has-link-color has-large-font-size wp-elements-f7766898dc37555481ecb369590381ab\">21 de enero de 2025,\u00a017.00-18.30\u00a0CET<\/p>\n\n\n\n<h2 class=\"wp-block-heading has-text-align-center has-x-large-font-size\">=&gt;<a href=\"https:\/\/canal.uned.es\/video\/6790910e82302a2d46090ca2\" data-type=\"link\" data-id=\"https:\/\/canal.uned.es\/video\/6790910e82302a2d46090ca2\">Grabaci\u00f3n<\/a><\/h2>\n\n\n\n<p class=\"has-text-align-center\">La SLMFCE y la&nbsp;<a href=\"https:\/\/redfilosofia.es\/comision-investigacion\/\" target=\"_blank\" rel=\"noreferrer noopener\">Comisi\u00f3n de Investigaci\u00f3n de la Red Espa\u00f1ola de Filosof\u00eda<\/a>&nbsp;organizan una sesi\u00f3n conjunta para discutir c\u00f3mo afectar\u00e1 CoARA a la evaluaci\u00f3n de la filosof\u00eda en Espa\u00f1a.&nbsp;<a href=\"https:\/\/coara.eu\/\" target=\"_blank\" rel=\"noreferrer noopener\">CoARA<\/a>&nbsp; es el acr\u00f3nimo de Coalici\u00f3n para la Reforma de la Evaluaci\u00f3n Cient\u00edfica, de la que forman parte m\u00e1s de 700 organizaciones cient\u00edficas espa\u00f1olas e internacionales.<\/p>\n\n\n\n<p class=\"has-text-align-center\">Entre otras cuestiones, CoARA fomenta el reconocimiento de la diversidad de pr\u00e1cticas y resultados de investigaci\u00f3n, el uso responsable de indicadores cuantitativos y un equilibro entre las formas de evaluaci\u00f3n cualitativa y cuantitativa, como principios compartidos sobre los que avanzar de forma conjunta en una reforma sist\u00e9mica.<\/p>\n\n\n\n<p class=\"has-text-align-center\"><a href=\"https:\/\/www.aneca.es\/\" target=\"_blank\" rel=\"noreferrer noopener\">ANECA<\/a>&nbsp;se adhiri\u00f3 a CoARA en abril de 2023 y coordina, junto a otros dos miembros de la coalici\u00f3n, CSIC y CRUE, el cap\u00edtulo nacional. Recientes reformas impulsadas por ANECA \u2212en los criterios para la evaluaci\u00f3n de la actividad investigadora (sexenios) y el procedimiento de acreditaci\u00f3n estatal del profesorado\u2212 recogen el esp\u00edritu de los compromisos CoARA.<\/p>\n\n\n\n<p class=\"has-text-align-center\">En esta sesi\u00f3n,&nbsp;<a href=\"https:\/\/www.iesa.csic.es\/directorio\/irene-ramos-vielba\/\" target=\"_blank\" rel=\"noreferrer noopener\">Irene Ramos Vielba,<\/a>&nbsp;cient\u00edfica titular de IESA-CSIC y vocal asesora de ANECA, expondr\u00e1 el sentido general de estos principios de reforma. La acompa\u00f1ar\u00e1&nbsp;<a href=\"http:\/\/eticaydemocracia.uji.es\/miembros\/ramon-a-feenstra\/\" target=\"_blank\" rel=\"noreferrer noopener\">Ram\u00f3n Feenstra<\/a>&nbsp;(UJI), responsable de COARA en la Universidad Jaime I, quien presentar\u00e1 su implementaci\u00f3n en el \u00e1mbito de la Filosof\u00eda, seguido de un debate general.<\/p>\n\n\n\n<div style=\"height:var(--wp--preset--spacing--10)\" aria-hidden=\"true\" class=\"wp-block-spacer\"><\/div>\n\n\n\n<div class=\"wp-block-buttons is-content-justification-center is-layout-flex wp-container-core-buttons-is-layout-a89b3969 wp-block-buttons-is-layout-flex\">\n<div class=\"wp-block-button\"><a class=\"wp-block-button__link wp-element-button\" href=\"https:\/\/docs.google.com\/forms\/d\/e\/1FAIpQLSc0AowM-g4bsXI1tSZHvwIBTQ3zGX-WS57EL-Bv6KykrjYL1g\/viewform\">Registro<\/a><\/div>\n<\/div>\n\n\n\n<figure class=\"wp-block-image size-full is-resized\"><img loading=\"lazy\" decoding=\"async\" width=\"495\" height=\"700\" src=\"https:\/\/redfilosofia.es\/comision-investigacion\/wp-content\/uploads\/sites\/8\/2024\/12\/CoARA-Filo-7.-Cartel-definitivo.png\" alt=\"\" class=\"wp-image-127\" style=\"width:620px;height:auto\" srcset=\"https:\/\/redfilosofia.es\/comision-investigacion\/wp-content\/uploads\/sites\/8\/2024\/12\/CoARA-Filo-7.-Cartel-definitivo.png 495w, https:\/\/redfilosofia.es\/comision-investigacion\/wp-content\/uploads\/sites\/8\/2024\/12\/CoARA-Filo-7.-Cartel-definitivo-212x300.png 212w\" sizes=\"auto, (max-width: 495px) 100vw, 495px\" \/><\/figure>\n<\/div>\n<\/div>\n\n\n\n<p><\/p>\n","protected":false},"excerpt":{"rendered":"<p>Pr\u00f3xima actividad pendiente de anunciar (inicios 2026) \u00daltima actividad: CoARA y la evaluaci\u00f3n de la filosof\u00eda en Espa\u00f1aVideoconferencia 21 de enero de 2025,\u00a017.00-18.30\u00a0CET =&gt;Grabaci\u00f3n La SLMFCE y la&nbsp;Comisi\u00f3n de Investigaci\u00f3n de la Red Espa\u00f1ola de Filosof\u00eda&nbsp;organizan una sesi\u00f3n conjunta para discutir c\u00f3mo afectar\u00e1 CoARA a la evaluaci\u00f3n de la filosof\u00eda en Espa\u00f1a.&nbsp;CoARA&nbsp; es el acr\u00f3nimo [&hellip;]<\/p>\n","protected":false},"author":24,"featured_media":0,"parent":0,"menu_order":0,"comment_status":"closed","ping_status":"closed","template":"","meta":{"footnotes":""},"class_list":["post-125","page","type-page","status-publish","hentry"],"_links":{"self":[{"href":"https:\/\/redfilosofia.es\/comision-investigacion\/wp-json\/wp\/v2\/pages\/125","targetHints":{"allow":["GET"]}}],"collection":[{"href":"https:\/\/redfilosofia.es\/comision-investigacion\/wp-json\/wp\/v2\/pages"}],"about":[{"href":"https:\/\/redfilosofia.es\/comision-investigacion\/wp-json\/wp\/v2\/types\/page"}],"author":[{"embeddable":true,"href":"https:\/\/redfilosofia.es\/comision-investigacion\/wp-json\/wp\/v2\/users\/24"}],"replies":[{"embeddable":true,"href":"https:\/\/redfilosofia.es\/comision-investigacion\/wp-json\/wp\/v2\/comments?post=125"}],"version-history":[{"count":6,"href":"https:\/\/redfilosofia.es\/comision-investigacion\/wp-json\/wp\/v2\/pages\/125\/revisions"}],"predecessor-version":[{"id":148,"href":"https:\/\/redfilosofia.es\/comision-investigacion\/wp-json\/wp\/v2\/pages\/125\/revisions\/148"}],"wp:attachment":[{"href":"https:\/\/redfilosofia.es\/comision-investigacion\/wp-json\/wp\/v2\/media?parent=125"}],"curies":[{"name":"wp","href":"https:\/\/api.w.org\/{rel}","templated":true}]}}