{"id":57,"date":"2024-09-15T17:58:59","date_gmt":"2024-09-15T15:58:59","guid":{"rendered":"https:\/\/redfilosofia.es\/comision-investigacion\/?page_id=57"},"modified":"2025-12-10T09:42:13","modified_gmt":"2025-12-10T08:42:13","slug":"quienes-somos","status":"publish","type":"page","link":"https:\/\/redfilosofia.es\/comision-investigacion\/quienes-somos\/","title":{"rendered":"\u00bfQui\u00e9nes somos?"},"content":{"rendered":"\n<div class=\"wp-block-group alignfull has-accent-3-background-color has-background is-vertical is-content-justification-center is-layout-flex wp-container-core-group-is-layout-623b1cb9 wp-block-group-is-layout-flex\" style=\"min-height:100vh;margin-top:0;margin-bottom:0;padding-top:var(--wp--preset--spacing--60);padding-right:var(--wp--preset--spacing--50);padding-bottom:var(--wp--preset--spacing--60);padding-left:var(--wp--preset--spacing--50)\">\n<div class=\"wp-block-group has-global-padding is-layout-constrained wp-block-group-is-layout-constrained\">\n<p><strong><a href=\"http:\/\/eticaydemocracia.uji.es\/en\/miembros\/ramon-a-feenstra\/\">Ram\u00f3n Feenstra<\/a><\/strong>, catedr\u00e1tico de \u00e9tica en la Universidad Jaume I de Castell\u00f3n | Presidente de la comisi\u00f3n<\/p>\n\n\n\n<p><strong><a href=\"http:\/\/eticaydemocracia.uji.es\/en\/maria-medina-vicent\/\">Maria Medina Vicent<\/a><\/strong>, profesora titular en el \u00e1rea de filosof\u00eda, Universitat Jaume I de Castell\u00f3n.<\/p>\n\n\n\n<p><strong><a href=\"https:\/\/www.uv.es\/uvweb\/universidad\/es\/ficha-persona-1285950309813.html?p2=oresce&amp;idA=\">C\u00e9sar Ortega Esquembre<\/a><\/strong>, profesor Ayudante Doctor en el \u00e1rea de filosof\u00eda moral, Universitat de Val\u00e8ncia.<\/p>\n\n\n\n<p><strong><a href=\"https:\/\/cchs.csic.es\/en\/personal\/roberto-rodriguez-aramayo\">Roberto R. Aramayo<\/a><\/strong>, profesor de investigaci\u00f3n en el Departamento de Filosof\u00eda, Cultura y Sociedad, Instituto de Filosof\u00eda, CSIC.<\/p>\n\n\n\n<p><strong><a href=\"https:\/\/ifs.csic.es\/en\/personal\/ma-concepcion-roldan-panadero\">Concha Rold\u00e1n<\/a><\/strong>, profesora de investigaci\u00f3n en el Departamento de Filosof\u00eda, Cultura y Sociedad, Instituto de Filosof\u00eda, CSIC.<\/p>\n\n\n\n<p><strong><a href=\"https:\/\/jonrueda.com\/\">Jon Rueda<\/a><\/strong>, Contratado Juan de la Cierva. Instituto de Filosof\u00eda, CSIC<\/p>\n\n\n\n<p><strong><a href=\"https:\/\/www.ucm.es\/directorio?id=9460\">Nuria S\u00e1nchez Madrid<\/a><\/strong>, catedr\u00e1tica del departamento de Filosof\u00eda y Sociedad, Facultad de Filosof\u00eda, Universidad Complutense de Madrid.<\/p>\n\n\n\n<p><strong><a href=\"https:\/\/www.uned.es\/universidad\/docentes\/filosofia\/david-teira-serrano.html\">David Teira<\/a><\/strong>, catedr\u00e1tico en el departamento de L\u00f3gica, Historia y Filosof\u00eda de la ciencia, Universidad Nacional de Educaci\u00f3n a Distancia (UNED). <\/p>\n\n\n\n<p><\/p>\n\n\n\n<div style=\"height:var(--wp--preset--spacing--10)\" aria-hidden=\"true\" class=\"wp-block-spacer\"><\/div>\n\n\n\n<div class=\"wp-block-buttons is-content-justification-center is-layout-flex wp-container-core-buttons-is-layout-a89b3969 wp-block-buttons-is-layout-flex\">\n<div class=\"wp-block-button\"><a class=\"wp-block-button__link wp-element-button\" href=\"https:\/\/redfilosofia.es\/comision-investigacion\/\">Inicio<\/a><\/div>\n<\/div>\n<\/div>\n<\/div>\n","protected":false},"excerpt":{"rendered":"<p>Ram\u00f3n Feenstra, catedr\u00e1tico de \u00e9tica en la Universidad Jaume I de Castell\u00f3n | Presidente de la comisi\u00f3n Maria Medina Vicent, profesora titular en el \u00e1rea de filosof\u00eda, Universitat Jaume I de Castell\u00f3n. C\u00e9sar Ortega Esquembre, profesor Ayudante Doctor en el \u00e1rea de filosof\u00eda moral, Universitat de Val\u00e8ncia. Roberto R. Aramayo, profesor de investigaci\u00f3n en el [&hellip;]<\/p>\n","protected":false},"author":24,"featured_media":0,"parent":0,"menu_order":0,"comment_status":"closed","ping_status":"closed","template":"","meta":{"footnotes":""},"class_list":["post-57","page","type-page","status-publish","hentry"],"_links":{"self":[{"href":"https:\/\/redfilosofia.es\/comision-investigacion\/wp-json\/wp\/v2\/pages\/57","targetHints":{"allow":["GET"]}}],"collection":[{"href":"https:\/\/redfilosofia.es\/comision-investigacion\/wp-json\/wp\/v2\/pages"}],"about":[{"href":"https:\/\/redfilosofia.es\/comision-investigacion\/wp-json\/wp\/v2\/types\/page"}],"author":[{"embeddable":true,"href":"https:\/\/redfilosofia.es\/comision-investigacion\/wp-json\/wp\/v2\/users\/24"}],"replies":[{"embeddable":true,"href":"https:\/\/redfilosofia.es\/comision-investigacion\/wp-json\/wp\/v2\/comments?post=57"}],"version-history":[{"count":8,"href":"https:\/\/redfilosofia.es\/comision-investigacion\/wp-json\/wp\/v2\/pages\/57\/revisions"}],"predecessor-version":[{"id":143,"href":"https:\/\/redfilosofia.es\/comision-investigacion\/wp-json\/wp\/v2\/pages\/57\/revisions\/143"}],"wp:attachment":[{"href":"https:\/\/redfilosofia.es\/comision-investigacion\/wp-json\/wp\/v2\/media?parent=57"}],"curies":[{"name":"wp","href":"https:\/\/api.w.org\/{rel}","templated":true}]}}