{"id":69,"date":"2024-09-15T18:44:04","date_gmt":"2024-09-15T16:44:04","guid":{"rendered":"https:\/\/redfilosofia.es\/comision-investigacion\/?page_id=69"},"modified":"2024-09-17T18:52:18","modified_gmt":"2024-09-17T16:52:18","slug":"nuestras-actividades","status":"publish","type":"page","link":"https:\/\/redfilosofia.es\/comision-investigacion\/nuestras-actividades\/","title":{"rendered":"Nuestras actividades"},"content":{"rendered":"\n<figure class=\"wp-block-gallery has-nested-images columns-default is-cropped wp-block-gallery-1 is-layout-flex wp-block-gallery-is-layout-flex\">\n<figure class=\"wp-block-image size-large\"><a href=\"https:\/\/canal.uned.es\/video\/63998008ae6c2228830b5122\"><img loading=\"lazy\" decoding=\"async\" width=\"495\" height=\"700\" data-id=\"29\" src=\"https:\/\/redfilosofia.es\/comision-investigacion\/wp-content\/uploads\/sites\/8\/2024\/07\/Panel-acceso-abierto-revistas-de-filosofia-1.png\" alt=\"Las revistas de filosof\u00eda espa\u00f1olas y el futuro del acceso abierto \" class=\"wp-image-29\" srcset=\"https:\/\/redfilosofia.es\/comision-investigacion\/wp-content\/uploads\/sites\/8\/2024\/07\/Panel-acceso-abierto-revistas-de-filosofia-1.png 495w, https:\/\/redfilosofia.es\/comision-investigacion\/wp-content\/uploads\/sites\/8\/2024\/07\/Panel-acceso-abierto-revistas-de-filosofia-1-212x300.png 212w\" sizes=\"auto, (max-width: 495px) 100vw, 495px\" \/><\/a><\/figure>\n\n\n\n<figure class=\"wp-block-image size-large\"><a href=\"https:\/\/canal.uned.es\/video\/647597be6ff5a720a3681360\"><img loading=\"lazy\" decoding=\"async\" width=\"495\" height=\"700\" data-id=\"30\" src=\"https:\/\/redfilosofia.es\/comision-investigacion\/wp-content\/uploads\/sites\/8\/2024\/07\/BIAP-centro-de-excelencia-1.png\" alt=\"Las revistas de filosof\u00eda espa\u00f1olas y el futuro del acceso abierto | Claves del \u00e9xito del BIAP | Las revistas de filosof\u00eda espa\u00f1olas: un informe | Los sistemas de evaluaci\u00f3n a debate\" class=\"wp-image-30\" srcset=\"https:\/\/redfilosofia.es\/comision-investigacion\/wp-content\/uploads\/sites\/8\/2024\/07\/BIAP-centro-de-excelencia-1.png 495w, https:\/\/redfilosofia.es\/comision-investigacion\/wp-content\/uploads\/sites\/8\/2024\/07\/BIAP-centro-de-excelencia-1-212x300.png 212w\" sizes=\"auto, (max-width: 495px) 100vw, 495px\" \/><\/a><\/figure>\n\n\n\n<figure class=\"wp-block-image size-large\"><a href=\"https:\/\/canal.uned.es\/video\/6620e361a35b627b05761872\"><img loading=\"lazy\" decoding=\"async\" width=\"495\" height=\"700\" data-id=\"31\" src=\"https:\/\/redfilosofia.es\/comision-investigacion\/wp-content\/uploads\/sites\/8\/2024\/07\/Jornada-Informa-revistas-de-filosofia-2024-1.png\" alt=\"\" class=\"wp-image-31\" srcset=\"https:\/\/redfilosofia.es\/comision-investigacion\/wp-content\/uploads\/sites\/8\/2024\/07\/Jornada-Informa-revistas-de-filosofia-2024-1.png 495w, https:\/\/redfilosofia.es\/comision-investigacion\/wp-content\/uploads\/sites\/8\/2024\/07\/Jornada-Informa-revistas-de-filosofia-2024-1-212x300.png 212w\" sizes=\"auto, (max-width: 495px) 100vw, 495px\" \/><\/a><\/figure>\n\n\n\n<figure class=\"wp-block-image size-large\"><a href=\"https:\/\/canal.uned.es\/video\/667bdc5fc45c42c03d129822\"><img loading=\"lazy\" decoding=\"async\" width=\"495\" height=\"700\" data-id=\"32\" src=\"https:\/\/redfilosofia.es\/comision-investigacion\/wp-content\/uploads\/sites\/8\/2024\/07\/La-evaluacion-de-la-filosofia-a-debate-3-1.png\" alt=\"\" class=\"wp-image-32\" srcset=\"https:\/\/redfilosofia.es\/comision-investigacion\/wp-content\/uploads\/sites\/8\/2024\/07\/La-evaluacion-de-la-filosofia-a-debate-3-1.png 495w, https:\/\/redfilosofia.es\/comision-investigacion\/wp-content\/uploads\/sites\/8\/2024\/07\/La-evaluacion-de-la-filosofia-a-debate-3-1-212x300.png 212w\" sizes=\"auto, (max-width: 495px) 100vw, 495px\" \/><\/a><\/figure>\n<\/figure>\n\n\n\n<p class=\"has-text-align-center has-small-font-size\"><a href=\"https:\/\/canal.uned.es\/video\/63998008ae6c2228830b5122\">Las revistas de filosof\u00eda espa\u00f1olas y el futuro del acceso abierto<\/a> | <a href=\"https:\/\/canal.uned.es\/video\/647597be6ff5a720a3681360\">Claves del \u00e9xito del BIAP<\/a> | <a href=\"https:\/\/canal.uned.es\/video\/6620e361a35b627b05761872\">Las revistas de filosof\u00eda espa\u00f1olas: un informe<\/a> | <a href=\"https:\/\/canal.uned.es\/video\/667bdc5fc45c42c03d129822\">Los sistemas de evaluaci\u00f3n a debate<\/a><\/p>\n","protected":false},"excerpt":{"rendered":"<p>Las revistas de filosof\u00eda espa\u00f1olas y el futuro del acceso abierto | Claves del \u00e9xito del BIAP | Las revistas de filosof\u00eda espa\u00f1olas: un informe | Los sistemas de evaluaci\u00f3n a debate<\/p>\n","protected":false},"author":24,"featured_media":0,"parent":0,"menu_order":0,"comment_status":"closed","ping_status":"closed","template":"","meta":{"footnotes":""},"class_list":["post-69","page","type-page","status-publish","hentry"],"_links":{"self":[{"href":"https:\/\/redfilosofia.es\/comision-investigacion\/wp-json\/wp\/v2\/pages\/69","targetHints":{"allow":["GET"]}}],"collection":[{"href":"https:\/\/redfilosofia.es\/comision-investigacion\/wp-json\/wp\/v2\/pages"}],"about":[{"href":"https:\/\/redfilosofia.es\/comision-investigacion\/wp-json\/wp\/v2\/types\/page"}],"author":[{"embeddable":true,"href":"https:\/\/redfilosofia.es\/comision-investigacion\/wp-json\/wp\/v2\/users\/24"}],"replies":[{"embeddable":true,"href":"https:\/\/redfilosofia.es\/comision-investigacion\/wp-json\/wp\/v2\/comments?post=69"}],"version-history":[{"count":4,"href":"https:\/\/redfilosofia.es\/comision-investigacion\/wp-json\/wp\/v2\/pages\/69\/revisions"}],"predecessor-version":[{"id":103,"href":"https:\/\/redfilosofia.es\/comision-investigacion\/wp-json\/wp\/v2\/pages\/69\/revisions\/103"}],"wp:attachment":[{"href":"https:\/\/redfilosofia.es\/comision-investigacion\/wp-json\/wp\/v2\/media?parent=69"}],"curies":[{"name":"wp","href":"https:\/\/api.w.org\/{rel}","templated":true}]}}