{"id":80,"date":"2024-09-15T19:03:38","date_gmt":"2024-09-15T17:03:38","guid":{"rendered":"https:\/\/redfilosofia.es\/comision-investigacion\/?page_id=80"},"modified":"2025-12-10T09:46:07","modified_gmt":"2025-12-10T08:46:07","slug":"informes","status":"publish","type":"page","link":"https:\/\/redfilosofia.es\/comision-investigacion\/informes\/","title":{"rendered":"Informes"},"content":{"rendered":"\n<figure class=\"wp-block-gallery has-nested-images columns-default is-cropped wp-block-gallery-1 is-layout-flex wp-block-gallery-is-layout-flex\">\n<figure class=\"wp-block-image size-large\"><a href=\"https:\/\/repositori.uji.es\/items\/7a8270e2-09cc-4cdf-89e2-29557a9b91dd\"><img loading=\"lazy\" decoding=\"async\" width=\"439\" height=\"700\" data-id=\"40\" src=\"https:\/\/redfilosofia.es\/comision-investigacion\/wp-content\/uploads\/sites\/8\/2024\/07\/Copia-de-Informe-sobre-revistas-de-filosofia-en-Espana-situacion-actual-y-perspectivas-de-futuro-Ramon-A.-Feenstra-Universitat-Jaume-I-de-Castello-David-Teira-UNED-2.png\" alt=\"Informe sobre revistas de filosof\u00eda en Epsa\u00f1a\" class=\"wp-image-40\" srcset=\"https:\/\/redfilosofia.es\/comision-investigacion\/wp-content\/uploads\/sites\/8\/2024\/07\/Copia-de-Informe-sobre-revistas-de-filosofia-en-Espana-situacion-actual-y-perspectivas-de-futuro-Ramon-A.-Feenstra-Universitat-Jaume-I-de-Castello-David-Teira-UNED-2.png 439w, https:\/\/redfilosofia.es\/comision-investigacion\/wp-content\/uploads\/sites\/8\/2024\/07\/Copia-de-Informe-sobre-revistas-de-filosofia-en-Espana-situacion-actual-y-perspectivas-de-futuro-Ramon-A.-Feenstra-Universitat-Jaume-I-de-Castello-David-Teira-UNED-2-188x300.png 188w\" sizes=\"auto, (max-width: 439px) 100vw, 439px\" \/><\/a><\/figure>\n\n\n\n<figure class=\"wp-block-image size-large\"><a href=\"https:\/\/repositori.uji.es\/items\/fdbce0d5-58ed-44a4-b554-28f75e6120c4\"><img loading=\"lazy\" decoding=\"async\" width=\"495\" height=\"700\" data-id=\"39\" src=\"https:\/\/redfilosofia.es\/comision-investigacion\/wp-content\/uploads\/sites\/8\/2024\/07\/2020_02_25_INFORME-FINAL.pdf.jpg\" alt=\"Investigaci\u00f3n en \u00e9tica y filosof\u00eda en Espa\u00f1a\" class=\"wp-image-39\" srcset=\"https:\/\/redfilosofia.es\/comision-investigacion\/wp-content\/uploads\/sites\/8\/2024\/07\/2020_02_25_INFORME-FINAL.pdf.jpg 495w, https:\/\/redfilosofia.es\/comision-investigacion\/wp-content\/uploads\/sites\/8\/2024\/07\/2020_02_25_INFORME-FINAL.pdf-212x300.jpg 212w\" sizes=\"auto, (max-width: 495px) 100vw, 495px\" \/><\/a><\/figure>\n<\/figure>\n\n\n\n<p class=\"has-text-align-center has-small-font-size\"><a href=\"https:\/\/repositori.uji.es\/items\/7a8270e2-09cc-4cdf-89e2-29557a9b91dd\">Informe sobre revistas de filosof\u00eda en Espa\u00f1a<\/a> | <a href=\"https:\/\/repositori.uji.es\/items\/fdbce0d5-58ed-44a4-b554-28f75e6120c4\">Investigaci\u00f3n en \u00e9tica y filosof\u00eda en Espa\u00f1a<\/a><\/p>\n\n\n\n<p><\/p>\n","protected":false},"excerpt":{"rendered":"<p>Informe sobre revistas de filosof\u00eda en Espa\u00f1a | Investigaci\u00f3n en \u00e9tica y filosof\u00eda en Espa\u00f1a<\/p>\n","protected":false},"author":24,"featured_media":0,"parent":0,"menu_order":0,"comment_status":"closed","ping_status":"closed","template":"","meta":{"footnotes":""},"class_list":["post-80","page","type-page","status-publish","hentry"],"_links":{"self":[{"href":"https:\/\/redfilosofia.es\/comision-investigacion\/wp-json\/wp\/v2\/pages\/80","targetHints":{"allow":["GET"]}}],"collection":[{"href":"https:\/\/redfilosofia.es\/comision-investigacion\/wp-json\/wp\/v2\/pages"}],"about":[{"href":"https:\/\/redfilosofia.es\/comision-investigacion\/wp-json\/wp\/v2\/types\/page"}],"author":[{"embeddable":true,"href":"https:\/\/redfilosofia.es\/comision-investigacion\/wp-json\/wp\/v2\/users\/24"}],"replies":[{"embeddable":true,"href":"https:\/\/redfilosofia.es\/comision-investigacion\/wp-json\/wp\/v2\/comments?post=80"}],"version-history":[{"count":6,"href":"https:\/\/redfilosofia.es\/comision-investigacion\/wp-json\/wp\/v2\/pages\/80\/revisions"}],"predecessor-version":[{"id":145,"href":"https:\/\/redfilosofia.es\/comision-investigacion\/wp-json\/wp\/v2\/pages\/80\/revisions\/145"}],"wp:attachment":[{"href":"https:\/\/redfilosofia.es\/comision-investigacion\/wp-json\/wp\/v2\/media?parent=80"}],"curies":[{"name":"wp","href":"https:\/\/api.w.org\/{rel}","templated":true}]}}