{"id":84,"date":"2024-09-16T09:52:41","date_gmt":"2024-09-16T07:52:41","guid":{"rendered":"https:\/\/redfilosofia.es\/comision-investigacion\/?page_id=84"},"modified":"2024-09-16T10:14:41","modified_gmt":"2024-09-16T08:14:41","slug":"noticias","status":"publish","type":"page","link":"https:\/\/redfilosofia.es\/comision-investigacion\/noticias\/","title":{"rendered":"Noticias y art\u00edculos de opini\u00f3n"},"content":{"rendered":"\n<p>En este apartado recogemos noticias sobre novedades en materia de evaluaci\u00f3n de la investigaci\u00f3n, pol\u00edticas de ciencia abierta y la situaci\u00f3n de la investigaci\u00f3n en el \u00e1mbito de la filosof\u00eda. Se comparten tambi\u00e9n textos realizados por los miembros de la comisi\u00f3n en torno a estas tem\u00e1ticas. <\/p>\n\n\n\n<p>Art\u00edculo de David Teira \u00ab<a href=\"https:\/\/www.jotdown.es\/2024\/08\/filosofia-espanola-por-el-mundo\/\">Filosof\u00eda espa\u00f1ola en el mundo<\/a>\u00bb, Jot Down 2024.<\/p>\n\n\n\n<p>Art\u00edculo de Jon Rueda \u00ab<a href=\"https:\/\/www.elsaltodiario.com\/el-rumor-de-las-multitudes\/generacion-q-sombras-excelencia-investigacion\">La \u201cgeneraci\u00f3n Q\u201d y las sombras de la excelencia en la investigaci\u00f3n<\/a><a href=\"https:\/\/theconversation.com\/se-hace-en-ingles-la-mejor-filosofia-espanola-actual-201401\">\u00bb<\/a>, El Salto, 2024.<\/p>\n\n\n\n<p>Art\u00edculo de Ram\u00f3n Feenstra \u00ab<a href=\"https:\/\/www.elperiodicomediterraneo.com\/opinion\/2024\/07\/28\/ciencia-barreras-106173083.html\">Hacia una ciencia sin barreras<\/a>\u00bb, Peri\u00f3dico Mediterr\u00e1neo, 2024. <\/p>\n\n\n\n<p>Art\u00edculo de David Teira \u00ab<a href=\"https:\/\/theconversation.com\/se-hace-en-ingles-la-mejor-filosofia-espanola-actual-201401\">\u00bfSe hace en ingl\u00e9s la mejor filosof\u00eda espa\u00f1ola actual?\u00bb<\/a>, The Conversation, 2023.<\/p>\n","protected":false},"excerpt":{"rendered":"<p>En este apartado recogemos noticias sobre novedades en materia de evaluaci\u00f3n de la investigaci\u00f3n, pol\u00edticas de ciencia abierta y la situaci\u00f3n de la investigaci\u00f3n en el \u00e1mbito de la filosof\u00eda. Se comparten tambi\u00e9n textos realizados por los miembros de la comisi\u00f3n en torno a estas tem\u00e1ticas. Art\u00edculo de David Teira \u00abFilosof\u00eda espa\u00f1ola en el mundo\u00bb, [&hellip;]<\/p>\n","protected":false},"author":24,"featured_media":0,"parent":0,"menu_order":0,"comment_status":"closed","ping_status":"closed","template":"","meta":{"footnotes":""},"class_list":["post-84","page","type-page","status-publish","hentry"],"_links":{"self":[{"href":"https:\/\/redfilosofia.es\/comision-investigacion\/wp-json\/wp\/v2\/pages\/84","targetHints":{"allow":["GET"]}}],"collection":[{"href":"https:\/\/redfilosofia.es\/comision-investigacion\/wp-json\/wp\/v2\/pages"}],"about":[{"href":"https:\/\/redfilosofia.es\/comision-investigacion\/wp-json\/wp\/v2\/types\/page"}],"author":[{"embeddable":true,"href":"https:\/\/redfilosofia.es\/comision-investigacion\/wp-json\/wp\/v2\/users\/24"}],"replies":[{"embeddable":true,"href":"https:\/\/redfilosofia.es\/comision-investigacion\/wp-json\/wp\/v2\/comments?post=84"}],"version-history":[{"count":8,"href":"https:\/\/redfilosofia.es\/comision-investigacion\/wp-json\/wp\/v2\/pages\/84\/revisions"}],"predecessor-version":[{"id":96,"href":"https:\/\/redfilosofia.es\/comision-investigacion\/wp-json\/wp\/v2\/pages\/84\/revisions\/96"}],"wp:attachment":[{"href":"https:\/\/redfilosofia.es\/comision-investigacion\/wp-json\/wp\/v2\/media?parent=84"}],"curies":[{"name":"wp","href":"https:\/\/api.w.org\/{rel}","templated":true}]}}