{"id":102,"date":"2013-10-11T15:35:36","date_gmt":"2013-10-11T15:35:36","guid":{"rendered":"https:\/\/redfilosofia.es\/congreso\/?page_id=102"},"modified":"2016-05-03T21:51:44","modified_gmt":"2016-05-03T21:51:44","slug":"comite-cientifico","status":"publish","type":"page","link":"https:\/\/redfilosofia.es\/congreso\/organizacion\/comite-cientifico\/","title":{"rendered":"Comit\u00e9 cient\u00edfico"},"content":{"rendered":"<p>El II Congreso de la REF est\u00e1 distribuido en doce secciones tem\u00e1ticas. Cada secci\u00f3n cuenta con dos responsables, excepto la de <em>Historia de la Filosof\u00eda<\/em>, que por su amplitud cuenta con cuatro (dos para <em>Filosof\u00eda Antigua y Medieval<\/em>, y otros dos para <em>Filosof\u00eda Moderna y Contempor\u00e1nea<\/em>). Los 26 responsables componen el Comit\u00e9 cient\u00edfico y se ocupar\u00e1n de realizar la evaluaci\u00f3n ciega de todas las contribuciones presentadas, sean comunicaciones individuales, simposios o talleres.<\/p>\n<p class=\"MsoNormal\"><strong><span lang=\"ES\" style=\"font-size: 11pt; font-family: Arial;\">1. Antropolog\u00eda filos\u00f3fica y teor\u00eda de la cultura<\/span><\/strong><\/p>\n<ul>\n<li class=\"MsoNormal\"><span style=\"color: #993300;\"><strong>Jos\u00e9 Luis Moreno Pesta\u00f1a<\/strong><\/span>, Universidad de C\u00e1diz (UCA)<\/li>\n<li class=\"MsoNormal\"><span style=\"color: #993300;\"><strong>Ricardo Parellada Redondo<\/strong><\/span>, Universidad Complutense de Madrid (UCM)<\/li>\n<\/ul>\n<p><strong><span lang=\"ES\" style=\"font-size: 11pt; font-family: Arial;\">2. Est\u00e9tica, teor\u00eda de las artes y de la literatura<\/span><\/strong><\/p>\n<ul>\n<li><span style=\"color: #993300;\"><strong>Ricardo Jes\u00fas Pinilla Burgos<\/strong><\/span><span style=\"color: #000000;\">, Universidad Pontificia de Comillas (UPCo)<\/span><\/li>\n<li><span style=\"color: #993300;\"><strong>Marta Tafalla Gonz\u00e1lez<\/strong><\/span>, Universidad Aut\u00f3noma de Barcelona (UAB)<\/li>\n<\/ul>\n<p><strong><span lang=\"ES\" style=\"font-size: 11pt; font-family: Arial;\">3. \u00c9tica<\/span><\/strong><\/p>\n<ul>\n<li><span style=\"color: #993300;\"><strong>Txetxu Aus\u00edn D\u00edez<\/strong><\/span>, Instituto de Filosof\u00eda (IFS-CSIC), Madrid<\/li>\n<li><span style=\"color: #993300;\"><strong>Victoria Camps Cervera<\/strong><\/span>, Universidad Aut\u00f3noma de Barcelona (UAB)<\/li>\n<\/ul>\n<p class=\"MsoNormal\"><strong><span lang=\"ES\" style=\"font-size: 11pt; font-family: Arial;\">4. Filosof\u00eda, ciencia, tecnolog\u00eda y sociedad<br \/>\n<\/span><\/strong><\/p>\n<ul>\n<li class=\"MsoNormal\"><span style=\"color: #993300;\"><strong>Eugenio Moya Cantero<\/strong><\/span>, Universidad de Murcia (UM)<\/li>\n<li class=\"MsoNormal\"><span style=\"color: #993300;\"><strong>Ana Rioja Nieto<\/strong><\/span>, Universidad Complutense de Madrid (UCM)<\/li>\n<\/ul>\n<p><strong><span lang=\"ES\" style=\"font-size: 11pt; font-family: Arial;\">5. Filosof\u00eda de la historia<\/span><\/strong><\/p>\n<ul>\n<li><span style=\"color: #993300;\"><strong>Roberto Rodr\u00edguez Aramayo<\/strong><\/span><span style=\"color: #000000;\">, Instituto de Filosof\u00eda (IFS-CSIC), Madrid<\/span><\/li>\n<li><span style=\"color: #993300;\"><strong>Francisco V\u00e1zquez Garc\u00eda<\/strong><\/span>, Universidad de C\u00e1diz (UCA)<\/li>\n<\/ul>\n<p><span lang=\"ES\" style=\"font-size: 11pt; font-family: Arial;\"><strong>6. Filosof\u00eda, did\u00e1ctica y educaci\u00f3n<\/strong><\/span><\/p>\n<ul>\n<li><span style=\"color: #993300;\"><strong>Cruz Ant\u00f3n Jim\u00e9nez<\/strong><\/span><span style=\"color: #000000;\">, IES Gonzalo Torrente Ballester, San Sebasti\u00e1n de los Reyes<\/span><\/li>\n<li><span style=\"color: #993300;\"><strong>Manuel Sanl\u00e9s Olivares<\/strong><\/span>, Colegio Altair, Madrid<\/li>\n<\/ul>\n<p class=\"MsoNormal\"><strong>7. Filosof\u00eda iberoamericana<\/strong><\/p>\n<ul>\n<li class=\"MsoNormal\"><span style=\"color: #993300;\"><strong>Marta Nogueroles Jov\u00e9<\/strong><\/span>, Universidad Aut\u00f3noma de Madrid (UAM)<\/li>\n<li class=\"MsoNormal\"><span style=\"color: #993300;\"><strong>Antol\u00edn S\u00e1nchez Cuervo<\/strong><\/span>, Instituto de Filosof\u00eda (IFS-CSIC), Madrid<\/li>\n<\/ul>\n<p class=\"MsoNormal\"><strong>8. Filosof\u00eda pol\u00edtica<\/strong><\/p>\n<ul>\n<li class=\"MsoNormal\"><span style=\"color: #993300;\"><strong>Fina Birul\u00e9s Bertran<\/strong><\/span>, Universidad de Barcelona (UB)<\/li>\n<li class=\"MsoNormal\"><span style=\"color: #993300;\"><strong>\u00c1ngel Puyol Gonz\u00e1lez<\/strong><\/span>, Universidad Aut\u00f3noma de Barcelona (UAB)<\/li>\n<\/ul>\n<p class=\"MsoNormal\"><strong><span lang=\"ES\" style=\"font-size: 11pt; font-family: Arial;\">9. Filosof\u00eda y g\u00e9nero<\/span><\/strong><\/p>\n<ul>\n<li class=\"MsoNormal\"><span style=\"color: #993300;\"><strong>Elvira Burgos D\u00edaz<\/strong><\/span>, Universidad de Zaragoza (UNIZAR)<\/li>\n<li class=\"MsoNormal\"><span style=\"color: #993300;\"><strong>Cristina S\u00e1nchez Mu\u00f1oz<\/strong><\/span>, Universidad Aut\u00f3noma de Madrid (UAM)<\/li>\n<\/ul>\n<p class=\"MsoNormal\"><strong><span lang=\"ES\" style=\"font-size: 11pt; font-family: Arial;\">10. Historia de la Filosof\u00eda<\/span><\/strong><\/p>\n<p class=\"MsoNormal\"><span lang=\"ES\" style=\"font-size: 11pt; font-family: Arial;\">10.1. Filosof\u00eda Antigua y Medieval<\/span><\/p>\n<ul>\n<li class=\"MsoNormal\"><span style=\"color: #993300;\"><strong>Francesc Casades\u00fas Bordoy<\/strong><\/span>, Universidad de las Islas Baleares (UIB)<\/li>\n<li class=\"MsoNormal\"><span style=\"color: #993300;\"><strong>Rafael Ram\u00f3n Guerrero<\/strong><\/span>, Universidad Complutense de Madrid (UCM)<\/li>\n<\/ul>\n<p class=\"MsoNormal\"><span lang=\"ES\" style=\"font-size: 11pt; font-family: Arial;\">10.2. Filosof\u00eda Moderna y Contempor\u00e1nea<br \/>\n<\/span><\/p>\n<ul>\n<li class=\"MsoNormal\"><span style=\"color: #993300;\"><strong>Jacinto Rivera de Rosales Chac\u00f3n<\/strong><\/span>, Universidad Nacional de Educaci\u00f3n a Distancia (UNED)<\/li>\n<li class=\"MsoNormal\"><span style=\"color: #993300;\"><strong>Nuria S\u00e1nchez Madrid<\/strong><\/span>, Universidad Complutense de Madrid (UCM)<\/li>\n<\/ul>\n<p class=\"MsoNormal\"><strong><span lang=\"ES\">11. L\u00f3gica, lenguaje y argumentaci\u00f3n<\/span><\/strong><\/p>\n<ul>\n<li class=\"MsoNormal\"><span style=\"color: #993300;\"><strong>Enrique Alonso Gonz\u00e1lez<\/strong><\/span>, Universidad Aut\u00f3noma de Madrid (UAM)<\/li>\n<li class=\"MsoNormal\"><span style=\"color: #993300;\"><strong>Margarita V\u00e1zquez Campos<\/strong><\/span>, Universidad de La Laguna (ULL)<\/li>\n<\/ul>\n<p class=\"MsoNormal\"><strong><span lang=\"ES\" style=\"font-size: 11pt; font-family: Arial;\">12. Ontolog\u00eda y teor\u00eda del conocimiento<\/span><\/strong><\/p>\n<ul>\n<li class=\"MsoNormal\"><span style=\"color: #993300;\"><strong>Carlos Moya Esp\u00ed<\/strong><\/span>, Universidad de Valencia (UV)<\/li>\n<li class=\"MsoNormal\"><span style=\"color: #993300;\"><strong>\u00c1ngeles Jim\u00e9nez Perona<\/strong><\/span>, Universidad Complutense de Madrid (UCM)<\/li>\n<\/ul>\n","protected":false},"excerpt":{"rendered":"<p>El II Congreso de la REF est\u00e1 distribuido en doce secciones tem\u00e1ticas. Cada secci\u00f3n cuenta con dos responsables, excepto la de Historia de la Filosof\u00eda, que por su amplitud cuenta con cuatro (dos para Filosof\u00eda Antigua y Medieval, y otros dos para Filosof\u00eda Moderna y Contempor\u00e1nea). Los 26 responsables componen el Comit\u00e9 cient\u00edfico y se [&hellip;]<\/p>\n","protected":false},"author":1,"featured_media":0,"parent":22,"menu_order":2,"comment_status":"open","ping_status":"open","template":"","meta":{"footnotes":""},"class_list":["post-102","page","type-page","status-publish","hentry"],"_links":{"self":[{"href":"https:\/\/redfilosofia.es\/congreso\/wp-json\/wp\/v2\/pages\/102","targetHints":{"allow":["GET"]}}],"collection":[{"href":"https:\/\/redfilosofia.es\/congreso\/wp-json\/wp\/v2\/pages"}],"about":[{"href":"https:\/\/redfilosofia.es\/congreso\/wp-json\/wp\/v2\/types\/page"}],"author":[{"embeddable":true,"href":"https:\/\/redfilosofia.es\/congreso\/wp-json\/wp\/v2\/users\/1"}],"replies":[{"embeddable":true,"href":"https:\/\/redfilosofia.es\/congreso\/wp-json\/wp\/v2\/comments?post=102"}],"version-history":[{"count":49,"href":"https:\/\/redfilosofia.es\/congreso\/wp-json\/wp\/v2\/pages\/102\/revisions"}],"predecessor-version":[{"id":1024,"href":"https:\/\/redfilosofia.es\/congreso\/wp-json\/wp\/v2\/pages\/102\/revisions\/1024"}],"up":[{"embeddable":true,"href":"https:\/\/redfilosofia.es\/congreso\/wp-json\/wp\/v2\/pages\/22"}],"wp:attachment":[{"href":"https:\/\/redfilosofia.es\/congreso\/wp-json\/wp\/v2\/media?parent=102"}],"curies":[{"name":"wp","href":"https:\/\/api.w.org\/{rel}","templated":true}]}}