{"id":1212,"date":"2017-07-29T17:35:38","date_gmt":"2017-07-29T17:35:38","guid":{"rendered":"https:\/\/redfilosofia.es\/congreso\/?page_id=1212"},"modified":"2017-09-18T18:31:56","modified_gmt":"2017-09-18T18:31:56","slug":"ii-congreso-actas","status":"publish","type":"page","link":"https:\/\/redfilosofia.es\/congreso\/ii-congreso-actas\/","title":{"rendered":"II Congreso Actas"},"content":{"rendered":"<h1><span style=\"color: #993300;\"><strong>Las fronteras de la humanidad<\/strong><\/span><\/h1>\n<h3><strong>Actas del II Congreso internacional de la Red espa\u00f1ola de Filosof\u00eda<\/strong><\/h3>\n<p><strong>Coordinaci\u00f3n general<\/strong>: Antonio Campillo y Delia Manzanero.<\/p>\n<p><strong>Coordinaci\u00f3n de los VIII vol\u00famenes: <\/strong><\/p>\n<p>Cruz Ant\u00f3n Jim\u00e9nez, Enrique Alonso Gonz\u00e1lez, Txetxu Aus\u00edn D\u00edez, Elvira Burgos D\u00edaz, Fina Birul\u00e9s Bertran, Francesc Casades\u00fas Bordoy, \u00c1ngeles Jim\u00e9nez Perona, Jos\u00e9 Luis Moreno Pesta\u00f1a, Eugenio Moya Cantero, Carlos Moya Esp\u00ed, Ricardo Parellada Redondo, Ricardo Jes\u00fas Pinilla Burgos, \u00c1ngel Puyol Gonz\u00e1lez, Rafael Ram\u00f3n Guerrero, Jacinto Rivera de Rosales Chac\u00f3n, Ana Rioja Nieto, Roberto Rodr\u00edguez Aramayo, Nuria S\u00e1nchez Madrid, Cristina S\u00e1nchez Mu\u00f1oz, Manuel Sanl\u00e9s Olivares, Marta Tafalla Gonz\u00e1lez, Margarita V\u00e1zquez Campos, Francisco V\u00e1zquez Garc\u00eda.<\/p>\n<p><strong>Equipo t\u00e9cnico<\/strong>: Carlos Rivas Mangas.<\/p>\n<p><strong>Edita: <\/strong>Red espa\u00f1ola de Filosof\u00eda, Madrid, 2017<\/p>\n<p><strong>ISBN:<\/strong> 978-84-370-9680-3<\/p>\n<h2>Nota aclaratoria<\/h2>\n<p>Las <strong>Actas<\/strong> del II Congreso de la REF han sido editadas digitalmente en un archivo USB, para su entrega a todos los inscritos en el Congreso, junto con el resto de la documentaci\u00f3n. Adem\u00e1s, pueden consultarse y descargarse a continuaci\u00f3n, en esta misma web, tanto la edici\u00f3n completa en pdf (802 p\u00e1ginas), como cada uno de los VIII vol\u00famenes por separado, o bien cada uno de los documentos individuales: el \u00edndice general, la presentaci\u00f3n y las 59 comunicaciones presentadas por sus autores con texto completo.<\/p>\n<p>En efecto, en estas<strong> Actas <\/strong>no se recogen las 350 comunicaciones presentadas oralmente durante el Congreso, sino solamente las 59 cuyo texto completo fue recibido, evaluado y aceptado para su publicaci\u00f3n por el Comit\u00e9 cient\u00edfico. De esas 59 comunicaciones, 49 corresponden a once de las doce secciones tem\u00e1ticas del Congreso, 3 corresponden a uno de los seis talleres, y las 7 \u00faltimas corresponden al simposio \u201cLa filosof\u00eda espa\u00f1ola desde la Transici\u00f3n hasta hoy (1977-2017): un balance\u201d, de modo que constituyen un valioso documento autobiogr\u00e1fico sobre la filosof\u00eda espa\u00f1ola de las \u00faltimas d\u00e9cadas.<\/p>\n<p>El <strong>Programa<\/strong> completo del Congreso puede <a href=\"https:\/\/redfilosofia.es\/congreso\/ii-congreso-programa\/\">consultarse en esta web<\/a> o <a href=\"https:\/\/redfilosofia.es\/congreso\/wp-content\/uploads\/sites\/4\/2017\/07\/II_Congreso_REF_PROGRAMA_04.09.17.pdf\">descargarse aqu\u00ed<\/a>.<\/p>\n<p>El <strong>Programa<\/strong> completo disponible en la web incluye tambi\u00e9n los <strong>res\u00famenes<\/strong> de las comunicaciones, simposios y talleres que no se recogen en las Actas.<\/p>\n<p><strong>DESCARGA DE LAS ACTAS (en formato pdf)<\/strong><\/p>\n<p>Para descargar <strong>una comunicaci\u00f3n<\/strong>, pinchar en <strong>el t\u00edtulo<\/strong>.<\/p>\n<p>Para descargar <strong>un volumen<\/strong>, pinchar en <strong>el n\u00famero del volumen<\/strong>.<\/p>\n<p>Para descargar <strong>los VIII vol\u00famenes de las actas<\/strong>, pinchar <a href=\"https:\/\/redfilosofia.es\/congreso\/wp-content\/uploads\/sites\/4\/2017\/07\/8-Vols-unidos.pdf\"><strong>aqu\u00ed<\/strong><\/a>.<\/p>\n<h2><a href=\"https:\/\/redfilosofia.es\/congreso\/wp-content\/uploads\/sites\/4\/2017\/07\/Vol-I.pdf\">VOLUMEN I<\/a><\/h2>\n<h2><strong>\u00cdndice general, presentaci\u00f3n y secci\u00f3n tem\u00e1tica 1: Antropolog\u00eda filos\u00f3fica y teor\u00eda de la cultura<\/strong><\/h2>\n<p>Coordinaci\u00f3n general: Antonio Campillo (U. de Murcia) y Delia Manzanero (U. Rey Juan Carlos)<\/p>\n<p><a href=\"https:\/\/redfilosofia.es\/congreso\/wp-content\/uploads\/sites\/4\/2017\/07\/1.0.INDICE-GENERAL-vol.-1.pdf\">\u00cdndice general<\/a>, pp. 1-10<\/p>\n<p><a href=\"https:\/\/redfilosofia.es\/congreso\/wp-content\/uploads\/sites\/4\/2017\/07\/1.1.Campillo-D.Manzanero-Presentacio\u00cc\u0081n.pdf\">Presentacio\u0301n<\/a>. <em>Antonio <\/em><em>Campillo<\/em><em> y Delia <\/em><em>Manzanero, <\/em>pp. 11-15<\/p>\n<h3><strong>Secci\u00f3n tem\u00e1tica 1: Antropolog\u00eda filos\u00f3fica y teor\u00eda de la cultura<\/strong><\/h3>\n<p>Coordinaci\u00f3n de la secci\u00f3n tem\u00e1tica 1: Jos\u00e9 Luis Moreno Pesta\u00f1a (U. de C\u00e1diz) y Ricardo Parellada Redondo (U. Complutense de Madrid)<\/p>\n<p><a href=\"https:\/\/redfilosofia.es\/congreso\/wp-content\/uploads\/sites\/4\/2017\/07\/1.3.pdf\">Definiendo lo no humano. Recorrido hist\u00f3rico sobre la dicotom\u00eda naturaleza-cultura<\/a>. <em>Jos\u00e9 Carlos Sancho Ezquerra, <\/em>pp. 19-29.<\/p>\n<p><a href=\"https:\/\/redfilosofia.es\/congreso\/wp-content\/uploads\/sites\/4\/2017\/07\/1.4.pdf\">El valor de la guerra y la paz en el pensamiento fenomenol\u00f3gico de Max Scheler<\/a>. <em>Marisol <\/em><em>Ram\u00edrez Pati\u00f1o<\/em>, pp 31-43<\/p>\n<p><a href=\"https:\/\/redfilosofia.es\/congreso\/wp-content\/uploads\/sites\/4\/2017\/07\/1.5.pdf\">\u00abReducci\u00f3n\u00bb y \u00abemergencia\u00bb en torno a la idea de naturaleza humana<\/a>. <em>Ricardo <\/em><em>Teruel D\u00edaz<\/em><em>, <\/em>pp. 45-55<\/p>\n<p><a href=\"https:\/\/redfilosofia.es\/congreso\/wp-content\/uploads\/sites\/4\/2017\/07\/1.6.pdf\">Guerra y destructividad. El lado oscuro del alma<\/a>. <em>M. <\/em><em>Merc\u00e8 <\/em><em>Dom\u00ednguez Regueira<\/em><em>, <\/em>pp. 57-72<\/p>\n<p><a href=\"https:\/\/redfilosofia.es\/congreso\/wp-content\/uploads\/sites\/4\/2017\/07\/1.7.pdf\">Pol\u00edtica de fronteras en la antropolog\u00eda filos\u00f3fica de Roger Caillois<\/a>. <em>Nicolas <\/em><em>Petel-Rochette<\/em><em>, <\/em>pp. 73-82<em><br \/>\n<\/em><\/p>\n<p><a href=\"https:\/\/redfilosofia.es\/congreso\/wp-content\/uploads\/sites\/4\/2017\/07\/1.8.pdf\">La productiva contribuci\u00f3n de la Sinolog\u00eda a la ense\u00f1anza de la Filosof\u00eda<\/a>. <em>Gabriel Terol Rojo<\/em><em>, <\/em>pp. 83-96<\/p>\n<h2><a href=\"https:\/\/redfilosofia.es\/congreso\/wp-content\/uploads\/sites\/4\/2017\/07\/Vol-II.pdf\"><strong>VOLUMEN II<\/strong><\/a><\/h2>\n<p><a href=\"https:\/\/redfilosofia.es\/congreso\/wp-content\/uploads\/sites\/4\/2017\/07\/2.1.INDICE-vol.-2.pdf\">\u00cdndice<\/a>, p. 5<\/p>\n<h3><strong>Secci\u00f3n tem\u00e1tica 2: Est\u00e9tica, teor\u00eda de las artes y literatura<\/strong><\/h3>\n<p>Coordinaci\u00f3n: Ricardo Jes\u00fas Pinilla Burgos (U. P. de Comillas) y Marta Tafalla Gonz\u00e1lez (U. Aut\u00f3noma de Barcelona)<\/p>\n<p><a href=\"https:\/\/redfilosofia.es\/congreso\/wp-content\/uploads\/sites\/4\/2017\/07\/2.2.pdf\">O Valor Filos\u00f3fico do Cinema. A \u00c9tica Relacional no Document\u00e1rio de Fabula\u00e7\u00e3o<\/a>. <em>Susana <\/em><em>Viegas<\/em>, pp. 9-18<\/p>\n<p><a href=\"https:\/\/redfilosofia.es\/congreso\/wp-content\/uploads\/sites\/4\/2017\/07\/2.3.pdf\">El Carnaval de C\u00e1diz. Una aproximaci\u00f3n est\u00e9tica bajo la mirada bajtiniana<\/a>.\u00a0<em>Fabiola Blanco Dom\u00ednguez<\/em>, pp. 19-27<\/p>\n<h3><strong>Secci\u00f3n tem\u00e1tica 3: \u00c9tica<\/strong><\/h3>\n<p>Coordinaci\u00f3n: Txetxu Aus\u00edn (ISF-CSIC)<\/p>\n<p><a href=\"https:\/\/redfilosofia.es\/congreso\/wp-content\/uploads\/sites\/4\/2017\/07\/2.5.pdf\">Moral pensada y moral vivida. \u00c9tica y vida cotidiana en Adela Cortina Orts<\/a>. <em>Teresa Sevilla Zapata<\/em>, pp. 31-40<\/p>\n<p><a href=\"https:\/\/redfilosofia.es\/congreso\/wp-content\/uploads\/sites\/4\/2017\/07\/2.6.pdf\">La \u00e9tica como proyecto creador de la inteligencia. Una aproximaci\u00f3n al pensamiento \u00e9tico de Jos\u00e9 Antonio Marina<\/a><em>. Vicente Coves Mora<\/em>, pp. 41-46<\/p>\n<p><a href=\"https:\/\/redfilosofia.es\/congreso\/wp-content\/uploads\/sites\/4\/2017\/07\/2.7.pdf\">O si mesmo em Paul Ricoeur: O problema \u00e9tico na ipseidade do si<\/a><em>. Jeferson Flores Portela da Silva<\/em>, pp. 47-55<\/p>\n<p><a href=\"https:\/\/redfilosofia.es\/congreso\/wp-content\/uploads\/sites\/4\/2017\/07\/2.8.pdf\">La mejora humana. M\u00e1s all\u00e1 de la radicalidad<\/a>. <em>Jes\u00fas Parra S\u00e1ez<\/em>, pp. 57-70<\/p>\n<p><a href=\"https:\/\/redfilosofia.es\/congreso\/wp-content\/uploads\/sites\/4\/2017\/07\/2.9.pdf\">\u00c9tica militar y rob\u00f3tica: Drones, robots militares, sistemas de armas aut\u00f3nomas letales y la transformaci\u00f3n de la naturaleza de la guerra en el siglo XXI<\/a><em>. An\u00edbal Monasterio Astoriza<\/em>, pp. 71-83<\/p>\n<h2><a href=\"https:\/\/redfilosofia.es\/congreso\/wp-content\/uploads\/sites\/4\/2017\/07\/Vol-III.pdf\"><strong>VOLUMEN II<\/strong>I<\/a><\/h2>\n<p><a href=\"https:\/\/redfilosofia.es\/congreso\/wp-content\/uploads\/sites\/4\/2017\/07\/3.1.INDICE-vol.-3.pdf\">\u00cdndice<\/a>, p. 5<\/p>\n<h3><strong>Secci\u00f3n tem\u00e1tica 4: Filosof\u00eda, ciencia, tecnolog\u00eda y sociedad<br \/>\n<\/strong><\/h3>\n<p>Coordinaci\u00f3n: Eugenio Moya Cantero (U. de Murcia) y Ana Rioja Nieto (U. Complutense de Madrid)<\/p>\n<p><a href=\"https:\/\/redfilosofia.es\/congreso\/wp-content\/uploads\/sites\/4\/2017\/07\/3.3.pdf\">Lo que no nos cuenta el m\u00e9todo cient\u00edfico. Una revisi\u00f3n desde la filosof\u00eda blumenberguiana<\/a>. <em>Josefa Ros <\/em><em>Velasco<\/em>, pp. 9-24<\/p>\n<p><a href=\"https:\/\/redfilosofia.es\/congreso\/wp-content\/uploads\/sites\/4\/2017\/07\/3.4.pdf\">Actitud ante el riesgo: enfoques antropol\u00f3gico, matem\u00e1tico y Filos\u00f3fico<\/a>. <em>Miguel <\/em><em>Yarza<\/em>, pp. 25-38<\/p>\n<p><a href=\"https:\/\/redfilosofia.es\/congreso\/wp-content\/uploads\/sites\/4\/2017\/07\/3.5.pdf\">El car\u00e1cter fronterizo de la actividad cient\u00edfico-tecnol\u00f3gica<\/a>. <em>Sergio <\/em><em>Urue\u00f1a L\u00f3pez<\/em>, pp. 39-48<\/p>\n<p><a href=\"https:\/\/redfilosofia.es\/congreso\/wp-content\/uploads\/sites\/4\/2017\/07\/3.6.pdf\">Posthumanisme:\u00a0 L\u2019\u00faltima frontera? Desconstruint les fronteres de la humanitat<\/a>. <em>Anna <\/em><em>Sarsanedas Darn\u00e9s<\/em>, pp. 49-57<\/p>\n<p><a href=\"https:\/\/redfilosofia.es\/congreso\/wp-content\/uploads\/sites\/4\/2017\/07\/3.7.pdf\">Construir, habitar, pensar (de otra manera). La arquitectura entre la ecolog\u00eda pol\u00edtica y el fondo gastado de la modernidad<\/a>. <em>Luis<\/em> <em>Arenas<\/em>, pp. 59-72<\/p>\n<h3><strong>Secci\u00f3n tem\u00e1tica 5: <\/strong>Filosof\u00eda de la historia<\/h3>\n<p>Coordinaci\u00f3n: Roberto Rodr\u00edguez Aramayo (IFS-CSIC) y Francisco V\u00e1zquez Garc\u00eda (U. de C\u00e1diz)<\/p>\n<p><a href=\"https:\/\/redfilosofia.es\/congreso\/wp-content\/uploads\/sites\/4\/2017\/07\/3.9.pdf\">Krausismo y Filosof\u00eda de la Historia<\/a>. <em>Daniel <\/em><em>Rueda Garrido<\/em>, pp. 75-82<\/p>\n<p><a href=\"https:\/\/redfilosofia.es\/congreso\/wp-content\/uploads\/sites\/4\/2017\/07\/3.10.pdf\">Georg Luk\u00e1cs y Jean-Paul Sartre. Consideraciones a partir de un debate inconcluso<\/a>. <em>Jos\u00e9 Mend\u00edvil Mac\u00edas Valadez<\/em>, pp. 83-91<\/p>\n<p><a href=\"https:\/\/redfilosofia.es\/congreso\/wp-content\/uploads\/sites\/4\/2017\/07\/3.11.pdf\">De la frontera a la intemperie. Un recorrido filos\u00f3fico por las diferentes formas de habitabilidad<\/a>. <em>David <\/em><em>Porcel Dieste<\/em>, pp. 93-102<\/p>\n<p><a href=\"https:\/\/redfilosofia.es\/congreso\/wp-content\/uploads\/sites\/4\/2017\/07\/3.12.pdf\">La historia interminable o Contra el fin de la historia. Una aproximaci\u00f3n fenomenol\u00f3gica al concepto de Historia<\/a>. <em>Elisa <\/em><em>Fern\u00e1ndez Bascones<\/em>, pp. 103-114<\/p>\n<p><a href=\"https:\/\/redfilosofia.es\/congreso\/wp-content\/uploads\/sites\/4\/2017\/07\/3.13.pdf\">Memoria y olvido en nuestro r\u00e9gimen de historicidad<\/a>. <em>Rafael P\u00e9rez Baquero<\/em>, pp. 115-126<\/p>\n<h2><a href=\"https:\/\/redfilosofia.es\/congreso\/wp-content\/uploads\/sites\/4\/2017\/07\/Vol-IV.pdf\"><strong>VOLUMEN IV<\/strong><\/a><\/h2>\n<p><a href=\"https:\/\/redfilosofia.es\/congreso\/wp-content\/uploads\/sites\/4\/2017\/07\/4.1.INDICE-vol.-4.pdf\">\u00cdndice<\/a>, p. 5<\/p>\n<h3><strong>Secci\u00f3n tem\u00e1tica 6: Filosof\u00eda, did\u00e1ctica y educaci\u00f3n<br \/>\n<\/strong><\/h3>\n<p>Coordinaci\u00f3n: Manuel Sanl\u00e9s Olivares (Colegio Altair, Madrid) y Cruz Ant\u00f3n Jim\u00e9nez (IES Gonzalo Torrente Ballester, San Sebasti\u00e1n de los Reyes)<\/p>\n<p><a href=\"https:\/\/redfilosofia.es\/congreso\/wp-content\/uploads\/sites\/4\/2017\/07\/4.3.pdf\"><em>Paideia<\/em> e Ilustraci\u00f3n: los proyectos educativos de Rousseau y Schiller<\/a>. <em>Olaya Fern\u00e1ndez Guerrero<\/em>, pp. 9-20<strong><br \/>\n<\/strong><\/p>\n<p><a href=\"https:\/\/redfilosofia.es\/congreso\/wp-content\/uploads\/sites\/4\/2017\/07\/4.4.pdf\">El derecho a la Filosof\u00eda. Declaraci\u00f3n y tesis seg\u00fan Derrida<\/a>. <em>Miguel \u00c1ngel Mart\u00ednez Quintanar<\/em>, pp. 21-34.<\/p>\n<p><a href=\"https:\/\/redfilosofia.es\/congreso\/wp-content\/uploads\/sites\/4\/2017\/07\/4.5.pdf\">T\u00e9 trellat educar localment en una societat global? La pres\u00e8ncia del nacionalisme en el panorama educatiu actual<\/a>. <em>Jaume Ruiz i Peir\u00f3<\/em>, pp. 35-40<\/p>\n<p><a href=\"https:\/\/redfilosofia.es\/congreso\/wp-content\/uploads\/sites\/4\/2017\/07\/4.6.pdf\">Ensayo sobre la interioridad. Filosof\u00eda y mindfulness<\/a><em>. Antonio Jes\u00fas Nu\u00f1o L\u00f3pez<\/em>, pp. 41-48<\/p>\n<p><a href=\"https:\/\/redfilosofia.es\/congreso\/wp-content\/uploads\/sites\/4\/2017\/07\/4.7.pdf\">La Pr\u00e1ctica Filos\u00f3fica para la paz<\/a><em>. Soledad Hern\u00e1ndez Berm\u00fadez<\/em>, pp. 49-54<\/p>\n<p><a href=\"https:\/\/redfilosofia.es\/congreso\/wp-content\/uploads\/sites\/4\/2017\/07\/4.8.pdf\">La imagen corporal. Una propuesta did\u00e1ctica para la ense\u00f1anza de las pr\u00e1cticas corporales a partir de la fenomenolog\u00eda de Merleau-Ponty<\/a><em>. Emilio Gin\u00e9s Morales Ca\u00f1avate<\/em>, pp. 55-70<\/p>\n<p><a href=\"https:\/\/redfilosofia.es\/congreso\/wp-content\/uploads\/sites\/4\/2017\/07\/4.9.pdf\">Fenomenolog\u00eda de la educaci\u00f3n a distancia. El sustrato digital<\/a>. <em>Adri\u00e1n Bueno Junquero<\/em>, pp. 71-77<\/p>\n<p><a href=\"https:\/\/redfilosofia.es\/congreso\/wp-content\/uploads\/sites\/4\/2017\/07\/4.10.pdf\">Entre el relato \u00e9pico y la hermen\u00e9utica<\/a><em>. Rosa Mar\u00eda Rodr\u00edguez Ladreda<\/em>, pp. 79-89<\/p>\n<h2><a href=\"https:\/\/redfilosofia.es\/congreso\/wp-content\/uploads\/sites\/4\/2017\/07\/Vol-V.pdf\"><strong>VOLUMEN V<\/strong><\/a><\/h2>\n<p><a href=\"https:\/\/redfilosofia.es\/congreso\/wp-content\/uploads\/sites\/4\/2017\/07\/5.1.INDICE-vol.-5.pdf\">\u00cdndice<\/a>, p. 5-6<\/p>\n<h3><strong>Secci\u00f3n tem\u00e1tica 8: Filosof\u00eda pol\u00edtica<br \/>\n<\/strong><\/h3>\n<p>Coordinaci\u00f3n: Fina Birul\u00e9s Bertran (U. de Barcelona) y \u00c1ngel Puyol Gonz\u00e1lez (U. Aut\u00f3noma de Barcelona)<\/p>\n<p><a href=\"https:\/\/redfilosofia.es\/congreso\/wp-content\/uploads\/sites\/4\/2017\/07\/5.3.pdf\">Democracia, y filosof\u00eda, como apoderamiento. Portugal, por ejemplo<\/a>. <em>Luis <\/em><em>G. Soto<\/em>, pp. 9-22<\/p>\n<p><a href=\"https:\/\/redfilosofia.es\/congreso\/wp-content\/uploads\/sites\/4\/2017\/07\/5.4.pdf\">De la importancia de la universalidad de los derechos humanos, en la participaci\u00f3n ciudadana<\/a>. <em>Agustina <\/em><em>Ortiz Soriano<\/em>, pp. 23-30<\/p>\n<p><a href=\"https:\/\/redfilosofia.es\/congreso\/wp-content\/uploads\/sites\/4\/2017\/07\/5.5.pdf\">El trabajo. El definidor central del ser humano<\/a>. <em>Ant\u00f2nia <\/em><em>Cerd\u00e0 Fiol<\/em>, pp. 31-41<\/p>\n<p><a href=\"https:\/\/redfilosofia.es\/congreso\/wp-content\/uploads\/sites\/4\/2017\/07\/5.6.pdf\">Intersubjetividad desobediente en Hannah Arendt: ni h\u00e9roes solitarios ni masas rebeldes<\/a>. <em>Miquel <\/em><em>Comas Oliver<\/em>, pp. 43-57<\/p>\n<p><a href=\"https:\/\/redfilosofia.es\/congreso\/wp-content\/uploads\/sites\/4\/2017\/07\/5.7.pdf\">A \u00e9tica e a pol\u00edtica em Kant e Rawls. Rediscutindo a tolerancia a partir do respeito<\/a>. <em>Ana Lu\u00edsa Campos Casseb y Jos\u00e9 Claudio Monteiro de Brito Filho<\/em>, pp. 59-63<\/p>\n<p><a href=\"https:\/\/redfilosofia.es\/congreso\/wp-content\/uploads\/sites\/4\/2017\/07\/5.8.pdf\">El valor de la confianza en las relaciones pol\u00edtico-institucionales. Su alcance y sus l\u00edmites<\/a>. <em>Gin\u00e9s Santiago <\/em><em>Marco Perles<\/em>, pp. 65-79<\/p>\n<p><a href=\"https:\/\/redfilosofia.es\/congreso\/wp-content\/uploads\/sites\/4\/2017\/07\/5.9.pdf\">Conflicto, odio y democracia<\/a>. <em>Harold <\/em><em>Valencia L\u00f3pez<\/em>, pp. 81-93<\/p>\n<p><a href=\"https:\/\/redfilosofia.es\/congreso\/wp-content\/uploads\/sites\/4\/2017\/07\/5.10.pdf\">Marx e a Guerra Civil Americana: escravatura, capitalismo e socialismo<\/a>. <em>Paulo Fernando <\/em><em>Rocha Antunes<\/em>, pp. 95-104<\/p>\n<p><a href=\"https:\/\/redfilosofia.es\/congreso\/wp-content\/uploads\/sites\/4\/2017\/07\/5.11.pdf\">La \u00faltima frontera: la (pena de) muerte. Para una deconstrucci\u00f3n onto-teol\u00f3gico-pol\u00edtica<\/a>. <em>Delmiro <\/em><em>Rocha Alvarez<\/em>, pp. 105-111<\/p>\n<h3><strong>Secci\u00f3n tem\u00e1tica 9: Filosof\u00eda y g\u00e9nero<\/strong><\/h3>\n<p>Coordinaci\u00f3n: Elvira Burgos D\u00edaz (U. de Zaragoza) y Cristina S\u00e1nchez Mu\u00f1oz (U. Aut\u00f3noma de Madrid)<\/p>\n<p><a href=\"https:\/\/redfilosofia.es\/congreso\/wp-content\/uploads\/sites\/4\/2017\/07\/5.13.pdf\">Masculinidades, sexualidad y g\u00e9nero<\/a>. <em>Iv\u00e1n <\/em><em>Sambade Baquer\u00edn<\/em>, pp. 115-128<\/p>\n<p><a href=\"https:\/\/redfilosofia.es\/congreso\/wp-content\/uploads\/sites\/4\/2017\/07\/5.14.pdf\">Raz\u00f3n y \u00fatero. La sorprendente intervenci\u00f3n de G. Casanova en un t\u00f3pico secular<\/a>. <em>Stella Villarmea<\/em>, pp. 129-143<\/p>\n<h2><a href=\"https:\/\/redfilosofia.es\/congreso\/wp-content\/uploads\/sites\/4\/2017\/07\/Vol-VIb.pdf\"><strong>VOLUMEN VI<\/strong><\/a><\/h2>\n<p><a href=\"https:\/\/redfilosofia.es\/congreso\/wp-content\/uploads\/sites\/4\/2017\/07\/6.1.INDICE-vol.-6.pdf\">\u00cdndice<\/a>, p. 5<\/p>\n<h3><strong>Secci\u00f3n tem\u00e1tica 10.1: Historia de la filosof\u00eda antigua y medieval<br \/>\n<\/strong><\/h3>\n<p>Coordinaci\u00f3n: Francesc Casades\u00fas Bordoy (U. de las Islas Baleares) y Rafael Ram\u00f3n Guerrero (U. Complutense de Madrid)<\/p>\n<p><a href=\"https:\/\/redfilosofia.es\/congreso\/wp-content\/uploads\/sites\/4\/2017\/07\/6.3.pdf\">La naturaleza del fil\u00f3sofo plat\u00f3nico: entre las fronteras de lo humano y lo divino<\/a>. <em>Francesc <\/em><em>Casades\u00fas Bordoy<\/em>, pp. 9-19<\/p>\n<p><a href=\"https:\/\/redfilosofia.es\/congreso\/wp-content\/uploads\/sites\/4\/2017\/07\/6.4b.pdf\">Poes\u00eda para los mortales. La poes\u00eda en la antigua Grecia y las fronteras de lo humano y lo divino<\/a>. <em>Lucas D\u00edaz L\u00f3pez<\/em>, pp. 21-27<\/p>\n<h3><strong>Secci\u00f3n tem\u00e1tica 10.1: Historia de la filosof\u00eda moderna y contempor\u00e1nea<br \/>\n<\/strong><\/h3>\n<p>Coordinaci\u00f3n: Jacinto Rivera de Rosales Chac\u00f3n (UNED) y Nuria S\u00e1nchez Madrid (U. Complutense de Madrid)<\/p>\n<p><a href=\"https:\/\/redfilosofia.es\/congreso\/wp-content\/uploads\/sites\/4\/2017\/07\/6.5.pdf\">Aspectes del \u00abDe Homine\u00bb de Thomas Hobbes<\/a>. <em>Josep <\/em><em>Monserrat Molas<\/em>, pp. 29-41<\/p>\n<p><a href=\"https:\/\/redfilosofia.es\/congreso\/wp-content\/uploads\/sites\/4\/2017\/07\/6.6.pdf\">Pensar m\u00e1s all\u00e1 de lo extenso. Una interpretaci\u00f3n del pensar \u00absub specie aeternitatis\u00bb como disposici\u00f3n existencial fundamental en Spinoza<\/a>. <em>Julio Alejandro <\/em><em>Carre\u00f1o Guill\u00e9n<\/em>, pp. 43-51<\/p>\n<p><a href=\"https:\/\/redfilosofia.es\/congreso\/wp-content\/uploads\/sites\/4\/2017\/07\/6.7.pdf\">La imposibilidad (biogr\u00e1fica y ontol\u00f3gica) de hallar en la filosof\u00eda de Friedrich Nietzsche elementos para un pensamiento pol\u00edtico emancipador<\/a>. <em>Jorge <\/em><em>Polo Blanco<\/em>, pp. 53-65<\/p>\n<p><a href=\"https:\/\/redfilosofia.es\/congreso\/wp-content\/uploads\/sites\/4\/2017\/07\/6.8.pdf\">\u00bfCambio\u00a0 de paradigma o continuidad? Una lectura cr\u00edtica del posthumanismo de Rosi Braidotti<\/a>. <em>Francisco Conde Soto<\/em>, pp. 67-78<\/p>\n<h3><strong>Secci\u00f3n tem\u00e1tica 11: L\u00f3gica, lenguaje y argumentaci\u00f3n<br \/>\n<\/strong><\/h3>\n<p><a href=\"https:\/\/redfilosofia.es\/congreso\/wp-content\/uploads\/sites\/4\/2017\/07\/6.10.pdf\">Putnam y el cambio de referencia<\/a><em>. Luis Fern\u00e1ndez Moreno<\/em>, pp. 81-89<\/p>\n<h3><strong>Secci\u00f3n tem\u00e1tica 12: Ontolog\u00eda y teor\u00eda del conocimiento<\/strong><\/h3>\n<p><a href=\"https:\/\/redfilosofia.es\/congreso\/wp-content\/uploads\/sites\/4\/2017\/07\/6.12.pdf\">Hale on McFetridge\u2019s Thesis<\/a>. <em>V\u00edctor Cantero-Flores y H\u00e9ctor Hern\u00e1ndez-Ortiz<\/em>, pp. 93-102<\/p>\n<h2><a href=\"https:\/\/redfilosofia.es\/congreso\/wp-content\/uploads\/sites\/4\/2017\/07\/Vol-VII.pdf\"><strong>VOLUMEN VII<\/strong><\/a><\/h2>\n<p><a href=\"https:\/\/redfilosofia.es\/congreso\/wp-content\/uploads\/sites\/4\/2017\/07\/7.1.INDICE-vol.-7.pdf\">\u00cdndice<\/a>, p. 5<\/p>\n<h3><strong>Taller: El retorno del t\u00e9rmino medio como base de la inferencia l\u00f3gica. Propuesta did\u00e1ctica desde la perspectiva de una raz\u00f3n vital<br \/>\n<\/strong><\/h3>\n<p>Coordinaci\u00f3n: Marcos Bautista L\u00f3pez Aznar (IES Pablo Neruda, Huelva)<\/p>\n<p><a href=\"https:\/\/redfilosofia.es\/congreso\/wp-content\/uploads\/sites\/4\/2017\/07\/7.3.pdf\">Redes de expectativas Marlo. El conjunto como base de la inferencia<\/a>. <em>Marcos Bautista L\u00f3pez Aznar<\/em>, pp. 9-24<\/p>\n<p><a href=\"https:\/\/redfilosofia.es\/congreso\/wp-content\/uploads\/sites\/4\/2017\/07\/7.4.pdf\">Ser y estar en las redes de conocimiento. Resoluci\u00f3n de problemas l\u00f3gico matem\u00e1ticos<\/a>. <em>Marcos Bautista L\u00f3pez Aznar<\/em>, pp. 25-39<\/p>\n<p><a href=\"https:\/\/redfilosofia.es\/congreso\/wp-content\/uploads\/sites\/4\/2017\/07\/7.5.pdf\">L\u00f3gica en el Diagrama de Marlo. Tratando de hacer evidente la certeza<\/a>. <em>Guillermo C\u00edmbora Acosta<\/em>, pp. 41-55<\/p>\n<h2><a href=\"https:\/\/redfilosofia.es\/congreso\/wp-content\/uploads\/sites\/4\/2017\/07\/Vol-VIII.pdf\"><strong>VOLUMEN VIII<\/strong><\/a><\/h2>\n<p><a href=\"https:\/\/redfilosofia.es\/congreso\/wp-content\/uploads\/sites\/4\/2017\/07\/8.1.INDICE-vol.-8.pdf\">\u00cdndice<\/a>, p. 5<\/p>\n<h3><strong>Simposio 20: La filosof\u00eda espa\u00f1ola desde la transici\u00f3n hasta hoy (1977-2017): Un balance<\/strong><\/h3>\n<p>Coordinaci\u00f3n: Francisco V\u00e1zquez Garc\u00eda (U. de C\u00e1diz)<\/p>\n<p><a href=\"https:\/\/redfilosofia.es\/congreso\/wp-content\/uploads\/sites\/4\/2017\/07\/8.3.pdf\">Presentaci\u00f3n<\/a>. <em>Francisco V\u00e1zquez Garc\u00eda<\/em><em>,<\/em> pp. 9-10<\/p>\n<p><a href=\"https:\/\/redfilosofia.es\/congreso\/wp-content\/uploads\/sites\/4\/2017\/07\/F.Quesada_15.09.17.pdf\">Filosof\u00eda pol\u00edtica: Juan Sin Tierra<\/a>. <em>Fernando Quesada Castro<\/em><em>,<\/em> pp. 11-32.<\/p>\n<p><a href=\"https:\/\/redfilosofia.es\/congreso\/wp-content\/uploads\/sites\/4\/2017\/07\/8.5.pdf\">Trayectoria intelectual de Adela Cortina<\/a>. <em>Adela Cortina Orts<\/em><em>,<\/em> pp. 35-44<strong><br \/>\n<\/strong><\/p>\n<p><a href=\"https:\/\/redfilosofia.es\/congreso\/wp-content\/uploads\/sites\/4\/2017\/07\/8.6.pdf\">La filosof\u00eda de la historia entendida como teor\u00eda del presente<\/a>. <em>Manuel Cruz Rodr\u00edguez<\/em><em>,<\/em> pp. 45-51<\/p>\n<p><a href=\"https:\/\/redfilosofia.es\/congreso\/wp-content\/uploads\/sites\/4\/2017\/07\/Reyes_Mate_ponencia.pdf\">Filosof\u00eda dependiente o pensar en espa\u00f1ol<\/a>. <em>Reyes Mate<\/em><em>,<\/em> pp. 1-14. El texto de esta comunicaci\u00f3n no figura en la edici\u00f3n de las Actas, porque ser\u00e1 publicado por Casa de Am\u00e9rica.<\/p>\n<p><a href=\"https:\/\/redfilosofia.es\/congreso\/wp-content\/uploads\/sites\/4\/2017\/07\/8.7.pdf\">El destino de pensar en espa\u00f1ol. Apuntes de una biograf\u00eda intelectual<\/a>. <em>Pedro Cerezo Gal\u00e1n<\/em><em>,<\/em> pp. 53-65<em><br \/>\n<\/em><\/p>\n<p><a href=\"https:\/\/redfilosofia.es\/congreso\/wp-content\/uploads\/sites\/4\/2017\/07\/8.8.pdf\">Filosof\u00eda y arte. Arte y filosof\u00eda. Notas para una historia<\/a>. <em>Valeriano Bozal Fern\u00e1ndez<\/em><em>,<\/em> pp. 67-77<\/p>\n<p><a href=\"https:\/\/redfilosofia.es\/congreso\/wp-content\/uploads\/sites\/4\/2017\/07\/8.9.pdf\">La filosof\u00eda anal\u00edtica en Espa\u00f1a hoy<\/a>. <em>Juan Jos\u00e9 Acero Fern\u00e1ndez<\/em><em>,<\/em> pp. 79-94<\/p>\n<p><a href=\"https:\/\/redfilosofia.es\/congreso\/wp-content\/uploads\/sites\/4\/2017\/07\/8.10.pdf\">Tecnociencias e innovaciones: desaf\u00edos filos\u00f3ficos. Las tecnopersonas como ejemplos<\/a>. <em>Javier Echeverr\u00eda Ezponda<\/em><em>,<\/em> pp. 95-109<\/p>\n","protected":false},"excerpt":{"rendered":"<p>Las fronteras de la humanidad Actas del II Congreso internacional de la Red espa\u00f1ola de Filosof\u00eda Coordinaci\u00f3n general: Antonio Campillo y Delia Manzanero. Coordinaci\u00f3n de los VIII vol\u00famenes: Cruz Ant\u00f3n Jim\u00e9nez, Enrique Alonso Gonz\u00e1lez, Txetxu Aus\u00edn D\u00edez, Elvira Burgos D\u00edaz, Fina Birul\u00e9s Bertran, Francesc Casades\u00fas Bordoy, \u00c1ngeles Jim\u00e9nez Perona, Jos\u00e9 Luis Moreno Pesta\u00f1a, Eugenio Moya [&hellip;]<\/p>\n","protected":false},"author":1,"featured_media":0,"parent":0,"menu_order":0,"comment_status":"closed","ping_status":"closed","template":"","meta":{"footnotes":""},"class_list":["post-1212","page","type-page","status-publish","hentry"],"_links":{"self":[{"href":"https:\/\/redfilosofia.es\/congreso\/wp-json\/wp\/v2\/pages\/1212","targetHints":{"allow":["GET"]}}],"collection":[{"href":"https:\/\/redfilosofia.es\/congreso\/wp-json\/wp\/v2\/pages"}],"about":[{"href":"https:\/\/redfilosofia.es\/congreso\/wp-json\/wp\/v2\/types\/page"}],"author":[{"embeddable":true,"href":"https:\/\/redfilosofia.es\/congreso\/wp-json\/wp\/v2\/users\/1"}],"replies":[{"embeddable":true,"href":"https:\/\/redfilosofia.es\/congreso\/wp-json\/wp\/v2\/comments?post=1212"}],"version-history":[{"count":39,"href":"https:\/\/redfilosofia.es\/congreso\/wp-json\/wp\/v2\/pages\/1212\/revisions"}],"predecessor-version":[{"id":1631,"href":"https:\/\/redfilosofia.es\/congreso\/wp-json\/wp\/v2\/pages\/1212\/revisions\/1631"}],"wp:attachment":[{"href":"https:\/\/redfilosofia.es\/congreso\/wp-json\/wp\/v2\/media?parent=1212"}],"curies":[{"name":"wp","href":"https:\/\/api.w.org\/{rel}","templated":true}]}}