{"id":15,"date":"2013-07-08T18:28:40","date_gmt":"2013-07-08T18:28:40","guid":{"rendered":"https:\/\/redfilosofia.es\/congreso\/?page_id=15"},"modified":"2017-01-02T12:58:30","modified_gmt":"2017-01-02T12:58:30","slug":"inscripcion","status":"publish","type":"page","link":"https:\/\/redfilosofia.es\/congreso\/inscripcion\/","title":{"rendered":"Inscripci\u00f3n"},"content":{"rendered":"<h3>Fechas<\/h3>\n<p>&#8211; Fecha l\u00edmite para la inscripci\u00f3n: <strong>15 de mayo de 2017<\/strong>.<\/p>\n<p>&#8211; Las inscripciones fuera de plazo tendr\u00e1n un <strong>recargo del 50%<\/strong>.<\/p>\n<h3>Tasas<\/h3>\n<p>&#8211; General, para profesionales inscritos hasta el 15 de mayo: <strong>40 \u20ac<\/strong><\/p>\n<p>&#8211; Reducida, para estudiantes y titulados en paro inscritos hasta el 15 de mayo: <strong>20 \u20ac<\/strong><\/p>\n<p>&#8211; Con recargo, para inscripciones fuera de plazo: <strong>60 \u20ac<\/strong> la tasa general y <strong>30 \u20ac<\/strong> la tasa reducida.<\/p>\n<h3>Pago<\/h3>\n<h4><strong>1. Inscripci\u00f3n de personas con cuenta bancaria en Espa\u00f1a<\/strong><\/h4>\n<p>Las personas que deseen inscribirse en el II Congreso Internacional de la REF y tengan cuenta bancaria en el Estado espa\u00f1ol, deben realizar una transferencia bancaria\u00a0a la cuenta que se indica m\u00e1s abajo.<\/p>\n<p>Al hacer la transferencia, es imprescindible especificar los siguientes datos:<\/p>\n<ul>\n<li>NOMBRE Y APELLIDOS de la persona que se inscribe (no de la que hace el pago, si es diferente de la que se inscribe).<\/li>\n<li>CONGRESO REF como concepto del ingreso.<\/li>\n<\/ul>\n<table class=\"MsoTableGrid\" style=\"margin-left: 33.75pt; border-collapse: collapse; mso-table-layout-alt: fixed; border: none; mso-border-alt: solid windowtext .5pt; mso-yfti-tbllook: 1184; mso-padding-alt: 0cm 5.4pt 0cm 5.4pt;\" border=\"1\" width=\"672\" cellspacing=\"0\" cellpadding=\"0\">\n<tbody>\n<tr style=\"mso-yfti-irow: 0; mso-yfti-firstrow: yes;\">\n<td style=\"width: 2.0cm; border: solid windowtext 1.0pt; mso-border-alt: solid windowtext .5pt; padding: 0cm 5.4pt 0cm 5.4pt;\" valign=\"top\" width=\"57\">\n<p class=\"MsoNormal\" style=\"text-align: center;\" align=\"center\"><span style=\"font-size: 11.0pt; font-family: Arial; mso-fareast-font-family: 'Times New Roman';\">Entidad<br \/>\n<\/span><\/p>\n<\/td>\n<td style=\"width: 2.0cm; border: solid windowtext 1.0pt; border-left: none; mso-border-left-alt: solid windowtext .5pt; mso-border-alt: solid windowtext .5pt; padding: 0cm 5.4pt 0cm 5.4pt;\" valign=\"top\" width=\"57\">\n<p class=\"MsoNormal\" style=\"text-align: center;\" align=\"center\"><span style=\"font-size: 11.0pt; font-family: Arial; mso-fareast-font-family: 'Times New Roman';\">Sucursal<\/span><\/p>\n<\/td>\n<td style=\"width: 35.45pt; border: solid windowtext 1.0pt; border-left: none; mso-border-left-alt: solid windowtext .5pt; mso-border-alt: solid windowtext .5pt; padding: 0cm 5.4pt 0cm 5.4pt;\" valign=\"top\" width=\"35\">\n<p class=\"MsoNormal\" style=\"text-align: center;\" align=\"center\"><span style=\"font-size: 11.0pt; font-family: Arial; mso-fareast-font-family: 'Times New Roman';\">D.C.<\/span><\/p>\n<\/td>\n<td style=\"width: 3.0cm; border: solid windowtext 1.0pt; border-left: none; mso-border-left-alt: solid windowtext .5pt; mso-border-alt: solid windowtext .5pt; padding: 0cm 5.4pt 0cm 5.4pt;\" valign=\"top\" width=\"85\">\n<p class=\"MsoNormal\" style=\"text-align: center;\" align=\"center\"><span style=\"font-size: 11.0pt; font-family: Arial; mso-fareast-font-family: 'Times New Roman';\">Cuenta<\/span><\/p>\n<\/td>\n<\/tr>\n<tr style=\"mso-yfti-irow: 1; mso-yfti-lastrow: yes;\">\n<td style=\"width: 2.0cm; border: solid windowtext 1.0pt; border-top: none; mso-border-top-alt: solid windowtext .5pt; mso-border-alt: solid windowtext .5pt; padding: 0cm 5.4pt 0cm 5.4pt;\" valign=\"top\" width=\"57\">\n<p class=\"MsoNormal\" style=\"text-align: center;\" align=\"center\"><span style=\"font-size: 11.0pt; font-family: Arial; mso-fareast-font-family: 'Times New Roman';\">\u00a01491<\/span><\/p>\n<\/td>\n<td style=\"width: 2.0cm; border-top: none; border-left: none; border-bottom: solid windowtext 1.0pt; border-right: solid windowtext 1.0pt; mso-border-top-alt: solid windowtext .5pt; mso-border-left-alt: solid windowtext .5pt; mso-border-alt: solid windowtext .5pt; padding: 0cm 5.4pt 0cm 5.4pt;\" valign=\"top\" width=\"57\">\n<p class=\"MsoNormal\" style=\"text-align: center;\" align=\"center\"><span style=\"font-size: 11.0pt; font-family: Arial; mso-fareast-font-family: 'Times New Roman';\">0001\u00a0<\/span><\/p>\n<\/td>\n<td style=\"width: 35.45pt; border-top: none; border-left: none; border-bottom: solid windowtext 1.0pt; border-right: solid windowtext 1.0pt; mso-border-top-alt: solid windowtext .5pt; mso-border-left-alt: solid windowtext .5pt; mso-border-alt: solid windowtext .5pt; padding: 0cm 5.4pt 0cm 5.4pt;\" valign=\"top\" width=\"35\">\n<p class=\"MsoNormal\" style=\"text-align: center;\" align=\"center\"><span style=\"font-size: 11.0pt; font-family: Arial; mso-fareast-font-family: 'Times New Roman';\">\u00a028<\/span><\/p>\n<\/td>\n<td style=\"width: 3.0cm; border-top: none; border-left: none; border-bottom: solid windowtext 1.0pt; border-right: solid windowtext 1.0pt; mso-border-top-alt: solid windowtext .5pt; mso-border-left-alt: solid windowtext .5pt; mso-border-alt: solid windowtext .5pt; padding: 0cm 5.4pt 0cm 5.4pt;\" valign=\"top\" width=\"85\">\n<p class=\"MsoNormal\" style=\"text-align: center;\" align=\"center\"><span style=\"font-size: 11.0pt; font-family: Arial; mso-fareast-font-family: 'Times New Roman';\">\u00a03000073967<\/span><\/p>\n<\/td>\n<\/tr>\n<\/tbody>\n<\/table>\n<table class=\"MsoTableGrid\" style=\"margin-left: 33.75pt; border-collapse: collapse; border: none; mso-border-alt: solid windowtext .5pt; mso-yfti-tbllook: 1184; mso-padding-alt: 0cm 5.4pt 0cm 5.4pt;\" border=\"1\" width=\"664\" cellspacing=\"0\" cellpadding=\"0\">\n<tbody>\n<tr style=\"mso-yfti-irow: 0; mso-yfti-firstrow: yes;\">\n<td style=\"width: 2.0cm; border: solid windowtext 1.0pt; mso-border-alt: solid windowtext .5pt; padding: 0cm 5.4pt 0cm 5.4pt;\" valign=\"top\" width=\"57\">\n<p class=\"MsoNormal\"><span style=\"font-size: 11.0pt; font-family: Arial; mso-fareast-font-family: 'Times New Roman';\">IBAN<\/span><\/p>\n<\/td>\n<td style=\"width: 177.2pt; border: solid windowtext 1.0pt; border-left: none; mso-border-left-alt: solid windowtext .5pt; mso-border-alt: solid windowtext .5pt; padding: 0cm 5.4pt 0cm 5.4pt;\" valign=\"top\" width=\"177\">\n<p class=\"MsoNormal\"><span style=\"font-size: 11.0pt; font-family: Arial; mso-fareast-font-family: 'Times New Roman';\">\u00a0ES5914910001283000073967<\/span><\/p>\n<\/td>\n<\/tr>\n<tr style=\"mso-yfti-irow: 1; mso-yfti-lastrow: yes;\">\n<td style=\"width: 2.0cm; border: solid windowtext 1.0pt; border-top: none; mso-border-top-alt: solid windowtext .5pt; mso-border-alt: solid windowtext .5pt; padding: 0cm 5.4pt 0cm 5.4pt;\" valign=\"top\" width=\"57\">\n<p class=\"MsoNormal\"><span style=\"font-size: 11.0pt; font-family: Arial; mso-fareast-font-family: 'Times New Roman';\">BIC<\/span><\/p>\n<\/td>\n<td style=\"width: 177.2pt; border-top: none; border-left: none; border-bottom: solid windowtext 1.0pt; border-right: solid windowtext 1.0pt; mso-border-top-alt: solid windowtext .5pt; mso-border-left-alt: solid windowtext .5pt; mso-border-alt: solid windowtext .5pt; padding: 0cm 5.4pt 0cm 5.4pt;\" valign=\"top\" width=\"177\">\n<p class=\"MsoNormal\"><span style=\"font-size: 11.0pt; font-family: Arial; mso-fareast-font-family: 'Times New Roman';\">\u00a0<span class=\"st\">TRIOESMMXXX<\/span><\/span><\/p>\n<\/td>\n<\/tr>\n<\/tbody>\n<\/table>\n<h4><strong>2. Inscripci\u00f3n de personas sin cuenta bancaria en Espa\u00f1a<\/strong><\/h4>\n<p>Las personas que deseen inscribirse en el II Congreso Internacional de la REF y no tengan cuenta bancaria en el Estado espa\u00f1ol, pueden ahorrarse los gastos derivados de la transferencia internacional optando por una de las dos posibilidades que se indican a continuaci\u00f3n. En ninguna de estas dos opciones se aplicar\u00e1 el recargo del 50% a las inscripciones fuera de plazo.<\/p>\n<p>2.1. Una vez que se hallen en territorio espa\u00f1ol, pero antes de la fecha de inicio del Congreso, pueden hacer el ingreso del importe de la tasa de inscripci\u00f3n en la cuenta bancaria del Congreso, con los datos siguientes:<\/p>\n<ul>\n<li>NOMBRE Y APELLIDOS de la persona que se inscribe (no de la que hace el pago, si es diferente de la que se inscribe).<\/li>\n<li>CONGRESO REF como concepto del ingreso.<\/li>\n<\/ul>\n<p>A continuaci\u00f3n, deben conservar el justificante del ingreso y remitir una copia escaneada del mismo a la direcci\u00f3n<span style=\"font-size: 11.0pt; font-family: Arial; mso-fareast-font-family: 'Times New Roman';\">: <a href=\"mailto:congreso.secretaria@redfilosofia.es\">congreso.secretaria@redfilosofia.es<\/a><\/span><\/p>\n<p>2.2. La otra opci\u00f3n posible es efectuar el pago en met\u00e1lico, el mismo d\u00eda de la inauguraci\u00f3n del Congreso, cuando le sea entregada la correspondiente acreditaci\u00f3n.<\/p>\n<p>Cualquier duda sobre el modo de inscripci\u00f3n puede consultarse en la direcci\u00f3n de correo electr\u00f3nico ya indicada: <span style=\"font-size: 11.0pt; font-family: Arial; mso-fareast-font-family: 'Times New Roman';\"><a href=\"mailto:congreso.secretaria@redfilosofia.es\">congreso.secretaria@redfilosofia.es<\/a><\/span><\/p>\n","protected":false},"excerpt":{"rendered":"<p>Fechas &#8211; Fecha l\u00edmite para la inscripci\u00f3n: 15 de mayo de 2017. &#8211; Las inscripciones fuera de plazo tendr\u00e1n un recargo del 50%. Tasas &#8211; General, para profesionales inscritos hasta el 15 de mayo: 40 \u20ac &#8211; Reducida, para estudiantes y titulados en paro inscritos hasta el 15 de mayo: 20 \u20ac &#8211; Con recargo, [&hellip;]<\/p>\n","protected":false},"author":1,"featured_media":0,"parent":0,"menu_order":3,"comment_status":"open","ping_status":"open","template":"","meta":{"footnotes":""},"class_list":["post-15","page","type-page","status-publish","hentry"],"_links":{"self":[{"href":"https:\/\/redfilosofia.es\/congreso\/wp-json\/wp\/v2\/pages\/15","targetHints":{"allow":["GET"]}}],"collection":[{"href":"https:\/\/redfilosofia.es\/congreso\/wp-json\/wp\/v2\/pages"}],"about":[{"href":"https:\/\/redfilosofia.es\/congreso\/wp-json\/wp\/v2\/types\/page"}],"author":[{"embeddable":true,"href":"https:\/\/redfilosofia.es\/congreso\/wp-json\/wp\/v2\/users\/1"}],"replies":[{"embeddable":true,"href":"https:\/\/redfilosofia.es\/congreso\/wp-json\/wp\/v2\/comments?post=15"}],"version-history":[{"count":19,"href":"https:\/\/redfilosofia.es\/congreso\/wp-json\/wp\/v2\/pages\/15\/revisions"}],"predecessor-version":[{"id":1069,"href":"https:\/\/redfilosofia.es\/congreso\/wp-json\/wp\/v2\/pages\/15\/revisions\/1069"}],"wp:attachment":[{"href":"https:\/\/redfilosofia.es\/congreso\/wp-json\/wp\/v2\/media?parent=15"}],"curies":[{"name":"wp","href":"https:\/\/api.w.org\/{rel}","templated":true}]}}