{"id":22,"date":"2013-07-08T18:32:25","date_gmt":"2013-07-08T18:32:25","guid":{"rendered":"https:\/\/redfilosofia.es\/congreso\/?page_id=22"},"modified":"2013-10-11T15:36:40","modified_gmt":"2013-10-11T15:36:40","slug":"organizacion","status":"publish","type":"page","link":"https:\/\/redfilosofia.es\/congreso\/organizacion\/","title":{"rendered":"Organizaci\u00f3n"},"content":{"rendered":"<h2>Comisi\u00f3n organizadora<\/h2>\n<p>La Comisi\u00f3n organizadora del I Congreso de la REF est\u00e1 formada por los miembros de la <a href=\"https:\/\/redfilosofia.es\/junta-directiva\/\" target=\"_blank\">Junta directiva<\/a> de la REF y por el Comit\u00e9 local de Valencia, integrado por ocho profesores de la <a href=\"http:\/\/www.uv.es\/uvweb\/filosofia-educacion\/es\/facultat-filosofia-ciencies-educacio-1285848711660.html\"><span style=\"font-size: 11pt; font-family: Arial;\">Facultat de Filosofia i Ci\u00e8ncies de l\u2019Educaci\u00f3 de la Universitat de Val\u00e8ncia<\/span><\/a>, dado que esta instituci\u00f3n es la sede en la que va a celebrarse el Congreso.<\/p>\n<h3>Presidente de la Comisi\u00f3n<\/h3>\n<p><strong>Antonio Campillo Meseguer<\/strong><br \/>\nPresidente de la Red espa\u00f1ola de Filosof\u00eda (REF)<br \/>\nPresidente de la Conferencia Espa\u00f1ola de Decanatos de Filosof\u00eda<br \/>\nDecano de la <a href=\"http:\/\/www.um.es\/web\/filosofia\/\">Facultad de Filosof\u00eda de la Universidad de Murcia<\/a><br \/>\ncongreso@redfilosofia.es<\/p>\n<h3><strong>Secretario de la Comisi\u00f3n<\/strong><\/h3>\n<p><strong>Vicente Claramonte Sanz<\/strong><br \/>\nProfesor de la <a href=\"http:\/\/www.uv.es\/uvweb\/filosofia-educacion\/es\/facultat-filosofia-ciencies-educacio-1285848711660.html\"><span style=\"font-size: 11pt; font-family: Arial;\">Facultat de Filosofia i Ci\u00e8ncies de l\u2019Educaci\u00f3 de la Universitat de Val\u00e8ncia<\/span><\/a><br \/>\ncongreso.secretaria@redfilosofia.es<\/p>\n<h3>Miembros de la Comisi\u00f3n pertenecientes a la Junta directiva de la REF<\/h3>\n<p><strong>Carmen Gonz\u00e1lez Mar\u00edn<\/strong><br \/>\nVicepresidenta de la Red espa\u00f1ola de Filosof\u00eda (REF)<br \/>\nPresidenta de la <a href=\"http:\/\/www.safil.info\/\">Sociedad Acad\u00e9mica de Filosof\u00eda (SAF)<\/a><br \/>\nvicepresidencia@redfilosofia.es<\/p>\n<p><strong>Delia Manzanero Fern\u00e1ndez<\/strong><br \/>\nSecretaria de la Red espa\u00f1ola de Filosof\u00eda (REF)<br \/>\nPresidenta de la <a href=\"http:\/\/www.bajopalabra.es\/bpes\/\">Asociaci\u00f3n de Filosof\u00eda Bajo Palabra (AFBP)<\/a><br \/>\nsecretaria@redfilosofia.es<\/p>\n<p><strong>Jacinto Rivera de Rosales<\/strong><br \/>\nTesorero de la Red espa\u00f1ola de Filosof\u00eda (REF)<br \/>\nDecano de la <a href=\"http:\/\/portal.uned.es\/portal\/page?_pageid=93,164426&amp;_dad=portal\">Facultad de Filosof\u00eda de la UNED<\/a><br \/>\ntesoreria@redfilosofia.es<\/p>\n<p><strong>Luis Mar\u00eda Cifuentes P\u00e9rez<\/strong><br \/>\nResponsable de comunicaci\u00f3n de la Red espa\u00f1ola de Filosof\u00eda (REF)<br \/>\nPresidente de la <a href=\"http:\/\/sepfi.es\/\">Sociedad Espa\u00f1ola de Profesores de Filosof\u00eda (SEPFI)<\/a><br \/>\ncomunicacion@redfilosofia.es<\/p>\n<p><strong>Rafael Garc\u00eda Alonso<\/strong><br \/>\nCorresponsable de comunicaci\u00f3n de la Red espa\u00f1ola de Filosof\u00eda (REF)<br \/>\nMiembro de la <a href=\"https:\/\/www.facebook.com\/plataforma.filosofia\">Plataforma en Defensa de la Filosof\u00eda de Madrid y Castilla-La Mancha<br \/>\n<\/a>comunicacion@redfilosofia.es<\/p>\n<p><strong>Concha Rold\u00e1n Panadero<\/strong><br \/>\nPresidenta de la Comisi\u00f3n de Investigaci\u00f3n de la REF<br \/>\nDirectora del <a href=\"http:\/\/www.ifs.csic.es\/\">Instituto de Filosof\u00eda (IFS) del CCHS-CSIC<\/a><br \/>\ninvestigacion@redfilosofia.es<\/p>\n<p><strong>Margarita V\u00e1zquez Campos<\/strong><br \/>\nPresidenta de la Comisi\u00f3n de Universidades de la REF<br \/>\nDecana de la <a href=\"http:\/\/www.ull.es\/view\/centros\/filosofia\/Inicio\/es\">Facultad de Filosof\u00eda de la Universidad de La Laguna<\/a><br \/>\nSecretaria de la <a href=\"http:\/\/www.sefaweb.es\/\">Sociedad Espa\u00f1ola de Filosof\u00eda Anal\u00edtica (SEFA)<\/a><br \/>\nuniversidades@redfilosofia.es<\/p>\n<p><strong>Esperanza Rodr\u00edguez Guill\u00e9n<\/strong><br \/>\nPresidenta de la Comisi\u00f3n de Educaci\u00f3n de la REF<br \/>\nPresidenta de la <a href=\"https:\/\/www.facebook.com\/plataforma.filosofia\">Plataforma en Defensa de la Filosof\u00eda de Madrid y Castilla-La Mancha<\/a><br \/>\neducacion@redfilosofia.es<\/p>\n<h3>Miembros de la Comisi\u00f3n pertenecientes a la Universitat de Val\u00e8ncia<\/h3>\n<p><strong>Juan de Dios Bares Partal<\/strong><br \/>\nProfesor de la Universitat de Val\u00e8ncia<br \/>\njuan.d.bares@uv.es<\/p>\n<p><strong>Elena Cantarino Su\u00f1er<\/strong><br \/>\nProfesora de la Universitat de Val\u00e8ncia<br \/>\nelena.cantarino@uv.es<\/p>\n<p><strong>Nicolas S\u00e1nchez Dura<\/strong><br \/>\nProfesor de la Universitat de Val\u00e8ncia<br \/>\nnicolas.sanchez@uv.es<\/p>\n<p><strong>Jordi Valor Abad<\/strong><br \/>\nProfesor de la Universitat de Val\u00e8ncia<br \/>\njordi.valor@uv.es<\/p>\n<p><strong>Anacleto Ferrer Mas<\/strong><br \/>\nProfesor de la Universitat de Val\u00e8ncia<br \/>\nanacleto.ferrer@uv.es<\/p>\n<p><strong>Enrique Herreras Maldonado<\/strong><br \/>\nProfesor de la Universitat de Val\u00e8ncia<br \/>\nenrique.herreras@uv.es<\/p>\n<p><strong>Edgar Maraguat Idarraga<\/strong><br \/>\nProfesor de la Universitat de Val\u00e8ncia<br \/>\nedgar.maraguat@uv.es<\/p>\n<p>&nbsp;<\/p>\n<p>&nbsp;<\/p>\n","protected":false},"excerpt":{"rendered":"<p>Comisi\u00f3n organizadora La Comisi\u00f3n organizadora del I Congreso de la REF est\u00e1 formada por los miembros de la Junta directiva de la REF y por el Comit\u00e9 local de Valencia, integrado por ocho profesores de la Facultat de Filosofia i Ci\u00e8ncies de l\u2019Educaci\u00f3 de la Universitat de Val\u00e8ncia, dado que esta instituci\u00f3n es la sede [&hellip;]<\/p>\n","protected":false},"author":1,"featured_media":0,"parent":0,"menu_order":5,"comment_status":"open","ping_status":"open","template":"","meta":{"footnotes":""},"class_list":["post-22","page","type-page","status-publish","hentry"],"_links":{"self":[{"href":"https:\/\/redfilosofia.es\/congreso\/wp-json\/wp\/v2\/pages\/22","targetHints":{"allow":["GET"]}}],"collection":[{"href":"https:\/\/redfilosofia.es\/congreso\/wp-json\/wp\/v2\/pages"}],"about":[{"href":"https:\/\/redfilosofia.es\/congreso\/wp-json\/wp\/v2\/types\/page"}],"author":[{"embeddable":true,"href":"https:\/\/redfilosofia.es\/congreso\/wp-json\/wp\/v2\/users\/1"}],"replies":[{"embeddable":true,"href":"https:\/\/redfilosofia.es\/congreso\/wp-json\/wp\/v2\/comments?post=22"}],"version-history":[{"count":18,"href":"https:\/\/redfilosofia.es\/congreso\/wp-json\/wp\/v2\/pages\/22\/revisions"}],"predecessor-version":[{"id":96,"href":"https:\/\/redfilosofia.es\/congreso\/wp-json\/wp\/v2\/pages\/22\/revisions\/96"}],"wp:attachment":[{"href":"https:\/\/redfilosofia.es\/congreso\/wp-json\/wp\/v2\/media?parent=22"}],"curies":[{"name":"wp","href":"https:\/\/api.w.org\/{rel}","templated":true}]}}