{"id":254,"date":"2014-03-29T18:30:18","date_gmt":"2014-03-29T18:30:18","guid":{"rendered":"https:\/\/redfilosofia.es\/congreso\/?page_id=254"},"modified":"2017-05-28T15:12:39","modified_gmt":"2017-05-28T15:12:39","slug":"transporte","status":"publish","type":"page","link":"https:\/\/redfilosofia.es\/congreso\/transporte\/","title":{"rendered":"Transporte"},"content":{"rendered":"<p>SEDE DEL II CONGRESO DE LA REF<\/p>\n<p><a href=\"https:\/\/fyl.unizar.es\/\">Facultad de Filosof\u00eda y Letras de la Universidad de Zaragoza<\/a><br \/>\nPedro Cerbuna, 12 &#8211; 50009 Zaragoza (Espa\u00f1a)<br \/>\nTel\u00e9fono: (+34) 976 76 15 05<br \/>\nCorreo-e: secrefil@unizar.es<\/p>\n<p>C\u00d3MO LLEGAR EN TRANSPORTE P\u00daBLICO<\/p>\n<ul>\n<li>Desde la Estaci\u00f3n Delicias (trenes y autobuses): el autob\u00fas C2<\/li>\n<li>Desde la Plaza de Espa\u00f1a (centro de la ciudad): el tranv\u00eda, hasta la parada de la Plaza de San Francisco<\/li>\n<\/ul>\n","protected":false},"excerpt":{"rendered":"<p>SEDE DEL II CONGRESO DE LA REF Facultad de Filosof\u00eda y Letras de la Universidad de Zaragoza Pedro Cerbuna, 12 &#8211; 50009 Zaragoza (Espa\u00f1a) Tel\u00e9fono: (+34) 976 76 15 05 Correo-e: secrefil@unizar.es C\u00d3MO LLEGAR EN TRANSPORTE P\u00daBLICO Desde la Estaci\u00f3n Delicias (trenes y autobuses): el autob\u00fas C2 Desde la Plaza de Espa\u00f1a (centro de la [&hellip;]<\/p>\n","protected":false},"author":1,"featured_media":0,"parent":0,"menu_order":0,"comment_status":"open","ping_status":"open","template":"","meta":{"footnotes":""},"class_list":["post-254","page","type-page","status-publish","hentry"],"_links":{"self":[{"href":"https:\/\/redfilosofia.es\/congreso\/wp-json\/wp\/v2\/pages\/254","targetHints":{"allow":["GET"]}}],"collection":[{"href":"https:\/\/redfilosofia.es\/congreso\/wp-json\/wp\/v2\/pages"}],"about":[{"href":"https:\/\/redfilosofia.es\/congreso\/wp-json\/wp\/v2\/types\/page"}],"author":[{"embeddable":true,"href":"https:\/\/redfilosofia.es\/congreso\/wp-json\/wp\/v2\/users\/1"}],"replies":[{"embeddable":true,"href":"https:\/\/redfilosofia.es\/congreso\/wp-json\/wp\/v2\/comments?post=254"}],"version-history":[{"count":6,"href":"https:\/\/redfilosofia.es\/congreso\/wp-json\/wp\/v2\/pages\/254\/revisions"}],"predecessor-version":[{"id":1096,"href":"https:\/\/redfilosofia.es\/congreso\/wp-json\/wp\/v2\/pages\/254\/revisions\/1096"}],"wp:attachment":[{"href":"https:\/\/redfilosofia.es\/congreso\/wp-json\/wp\/v2\/media?parent=254"}],"curies":[{"name":"wp","href":"https:\/\/api.w.org\/{rel}","templated":true}]}}