{"id":26,"date":"2013-07-08T18:33:24","date_gmt":"2013-07-08T18:33:24","guid":{"rendered":"https:\/\/redfilosofia.es\/congreso\/?page_id=26"},"modified":"2017-08-02T14:12:49","modified_gmt":"2017-08-02T14:12:49","slug":"viaje","status":"publish","type":"page","link":"https:\/\/redfilosofia.es\/congreso\/viaje\/","title":{"rendered":"Alojamiento"},"content":{"rendered":"<p>Quienes deseen gestionar su alojamiento durante el II Congreso de la REF a trav\u00e9s de la Universidad de Zaragoza, deben rellenar este <a href=\"https:\/\/redfilosofia.es\/congreso\/wp-content\/uploads\/sites\/4\/2013\/07\/II-Congreso-REF-Boleti\u0301n-de-alojamiento.pdf\">bolet\u00edn de alojamiento<\/a> y enviarlo antes del 20 de agosto a Halc\u00f3n Viajes, la agencia de viajes concertada por esta universidad:<\/p>\n<p><a href=\"https:\/\/vgeconomica.unizar.es\/sites\/vgeconomica.unizar.es\/files\/archivos\/PCC\/hoteles\/agenciaviajes.pdf\"><span class=\"dir_nombre_servicio\">Viajes HALC\u00d3N S.A.U.<\/span><\/a><br \/>\n<span class=\"dir_direccion\">T<\/span><span class=\"dir_tfno\">elef. 976 980533<\/span><br \/>\n<a class=\"dir_email\" href=\"mailto:unizar@halconviajes.com\">unizarcongresos@halconviajes.com<\/a><br \/>\n<span class=\"dir_direccion\">Horario: De 09:00 a 19:00h. de lunes a viernes.<\/span><\/p>\n<h2>Listado de hoteles<\/h2>\n<table style=\"height: 76px;\" width=\"617\">\n<tbody>\n<tr>\n<td width=\"493\"><a href=\"http:\/\/www.palafoxhoteles.com\/\">PALAFOX *****<\/a><\/td>\n<\/tr>\n<tr>\n<td width=\"493\">Casa Jim\u00e9nez, s\/n\u00ba. 50004 ZARAGOZA \/ Tfno.: 976 794242- 976237700<\/td>\n<\/tr>\n<\/tbody>\n<\/table>\n<p>&nbsp;<\/p>\n<table>\n<tbody>\n<tr>\n<td width=\"493\"><a href=\"http:\/\/www.palafoxhoteles.com\/hotel-reina-petronila\">REINA PETRONILA *****<\/a><\/td>\n<\/tr>\n<tr>\n<td width=\"493\">Avda. Alcalde S\u00e1inz de Varanda,2. 50009 ZARAGOZA \/ Tfno.: 876 541136<\/td>\n<\/tr>\n<\/tbody>\n<\/table>\n<p>&nbsp;<\/p>\n<table>\n<tbody>\n<tr>\n<td width=\"493\"><a href=\"http:\/\/www.hotelboston.es\/\">EUROSTARS BOSTON ****<\/a><\/td>\n<\/tr>\n<tr>\n<td width=\"493\">Avda. de las Torres, 28 50008 ZARAGOZA \/ Tfno.: 976 599192<\/td>\n<\/tr>\n<\/tbody>\n<\/table>\n<p>&nbsp;<\/p>\n<table>\n<tbody>\n<tr>\n<td width=\"493\"><a href=\"https:\/\/www.melia.com\/es\/hoteles\/espana\/zaragoza\/melia-zaragoza\/index.html\">MELI\u00c1 ZARAGOZA ****<\/a><\/td>\n<\/tr>\n<tr>\n<td width=\"493\">Avda.Cesar Augusto, 13. 50004 ZARAGOZA \/ Tfno.: 976 430100- 976469771<\/td>\n<\/tr>\n<\/tbody>\n<\/table>\n<p>&nbsp;<\/p>\n<table>\n<tbody>\n<tr>\n<td width=\"493\"><a href=\"http:\/\/www.ilunionromareda.com\/\">ILUNION HOTELS ****<\/a><\/td>\n<\/tr>\n<tr>\n<td width=\"493\">As\u00edn y Palacios 11. 50009 ZARAGOZA \/ Tfno.: 976 351100<\/td>\n<\/tr>\n<\/tbody>\n<\/table>\n<p>&nbsp;<\/p>\n<table>\n<tbody>\n<tr>\n<td width=\"493\"><a href=\"http:\/\/www.palafoxhoteles.com\/hotel-goya\">HOTEL GOYA ****<\/a><\/td>\n<\/tr>\n<tr>\n<td width=\"493\">Cinco de Marzo, 5. 50004 ZARAGOZA \/ Tfno.: 976 229331<\/td>\n<\/tr>\n<\/tbody>\n<\/table>\n<p>&nbsp;<\/p>\n<table>\n<tbody>\n<tr>\n<td width=\"493\"><a href=\"http:\/\/donyo.zenithoteles.com\/es\/\">ZENIT DON YO **** <\/a><\/td>\n<\/tr>\n<tr>\n<td width=\"493\">Bruil 4-6. 50001 ZARAGOZA \/ Tfno.: 976 226741<\/td>\n<\/tr>\n<\/tbody>\n<\/table>\n<p>&nbsp;<\/p>\n<table>\n<tbody>\n<tr>\n<td width=\"493\"><a href=\"http:\/\/www.palafoxhoteles.com\/hotel-alfonso\">HOTEL ALFONSO ****<\/a><\/td>\n<\/tr>\n<tr>\n<td width=\"493\">C\/ Coso, 15-19 50003 ZARAGOZA\/Tfno.: 876 541118<\/td>\n<\/tr>\n<\/tbody>\n<\/table>\n<p>&nbsp;<\/p>\n<table>\n<tbody>\n<tr>\n<td width=\"493\"><a href=\"http:\/\/www.hotelzentrozaragoza.com\/\">VINCCI ZENTRO ****<\/a><\/td>\n<\/tr>\n<tr>\n<td width=\"493\">Coso, 86 50001 ZARAGOZA\/Tfno.: 976 703300<\/td>\n<\/tr>\n<\/tbody>\n<\/table>\n<p>&nbsp;<\/p>\n<table>\n<tbody>\n<tr>\n<td width=\"493\"><a href=\"http:\/\/www.hotelreinodearagon.com\/\">SILKEN REINO DE ARAGON ****<\/a><\/td>\n<\/tr>\n<tr>\n<td width=\"493\">Coso, 80 50001 ZARAGOZA\/Tfno.: 976 468200<\/td>\n<\/tr>\n<\/tbody>\n<\/table>\n<p>&nbsp;<\/p>\n<table>\n<tbody>\n<tr>\n<td width=\"493\"><a href=\"https:\/\/www.melia.com\/es\/hoteles\/espana\/zaragoza\/tryp-zaragoza-hotel\/index.html\">TRYP ZARAGOZA **** <\/a><\/td>\n<\/tr>\n<tr>\n<td width=\"493\">Avda. de Francia s\/n 50003 Zaragoza.\/ Tfno.:976 287950<\/td>\n<\/tr>\n<\/tbody>\n<\/table>\n<p>&nbsp;<\/p>\n<table>\n<tbody>\n<tr>\n<td width=\"493\"><a href=\"http:\/\/www.palafoxhoteles.com\/hotel-hiberus\">HIBERUS****<\/a><\/td>\n<\/tr>\n<tr>\n<td width=\"493\">P\u00ba de los Puentes,2 50018 ZARAGOZA\/Tfno.: 876 542008<\/td>\n<\/tr>\n<\/tbody>\n<\/table>\n<p>&nbsp;<\/p>\n<table>\n<tbody>\n<tr>\n<td width=\"493\"><a href=\"http:\/\/hotelzaragozadiagonalplaza.com\/\">DIAGONAL PLAZA ****<\/a><\/td>\n<\/tr>\n<tr>\n<td width=\"493\">Avda. Diagonal n\u00ba 30 -Plaza Plataforma Log\u00edstica de Zaragoza. 50197 ZARAGOZA. Tfno.: 876 111000<\/td>\n<\/tr>\n<\/tbody>\n<\/table>\n<p>&nbsp;<\/p>\n<table>\n<tbody>\n<tr>\n<td width=\"493\"><a href=\"http:\/\/www.hotelplazadelicias.com\/\">HOTEL EUROSTARS PLAZA DELICIAS ***<\/a><\/td>\n<\/tr>\n<tr>\n<td width=\"493\">C\/ Los Fayos, 11. 50017 ZARAGOZA \/ Tfno.: 976 340440<\/td>\n<\/tr>\n<\/tbody>\n<\/table>\n<p>&nbsp;<\/p>\n<table>\n<tbody>\n<tr>\n<td width=\"493\"><a href=\"http:\/\/www.aa-hoteles.com\/royal.html\">ZARAGOZA ROYAL ***<\/a><\/td>\n<\/tr>\n<tr>\n<td width=\"493\">Arzobispo Domenech, 4-6 50006 ZARAGOZA \/ Tfno.: 976 214600<\/td>\n<\/tr>\n<\/tbody>\n<\/table>\n<p>&nbsp;<\/p>\n<table>\n<tbody>\n<tr>\n<td width=\"493\"><a href=\"http:\/\/www.nh-hoteles.es\/hotel\/hesperia-zaragoza\">HESPERIA ZARAGOZA ***<\/a><\/td>\n<\/tr>\n<tr>\n<td width=\"493\">Conde Aranda, 48. 50003 ZARAGOZA \/ Tfno.: 976 284500<\/td>\n<\/tr>\n<\/tbody>\n<\/table>\n<p>&nbsp;<\/p>\n<table>\n<tbody>\n<tr>\n<td width=\"493\"><a href=\"http:\/\/www.nh-hoteles.es\/\">NH SPORT*** <\/a><\/td>\n<\/tr>\n<tr>\n<td width=\"493\">Moncayo, 5 50010 Zaragoza\/ Tfno: 976 311114<\/td>\n<\/tr>\n<\/tbody>\n<\/table>\n<p>&nbsp;<\/p>\n<table>\n<tbody>\n<tr>\n<td width=\"493\"><a href=\"http:\/\/www.accorhotels.com\/es\/hotel-8521-ibis-styles-zaragoza-ramiro-i\/index.shtml\">IBIS STYLES ZARAGOZA RAMIRO I *** <\/a><\/td>\n<\/tr>\n<tr>\n<td width=\"493\">Coso, 123 50001 Zaragoza\/ Tfno.: 976 298200<\/td>\n<\/tr>\n<\/tbody>\n<\/table>\n<p>&nbsp;<\/p>\n<table>\n<tbody>\n<tr>\n<td width=\"493\"><a href=\"http:\/\/www.sabinas.es\/\">APARTAMENTOS SABINAS ***<\/a><\/td>\n<\/tr>\n<tr>\n<td width=\"493\">C\/ Espoz y Mina,33 50003 ZARAGOZA\/Tfno.: 976 205050<\/td>\n<\/tr>\n<\/tbody>\n<\/table>\n<p>&nbsp;<\/p>\n<table>\n<tbody>\n<tr>\n<td width=\"493\"><a href=\"http:\/\/www.hotel-elprincipe.com\/\">HOTEL EL PR\u00cdNCIPE ***<\/a><\/td>\n<\/tr>\n<tr>\n<td width=\"493\">Santiago, 12 50003 ZARAGOZA\/Tfno.: 976 294101<\/td>\n<\/tr>\n<\/tbody>\n<\/table>\n<p>&nbsp;<\/p>\n<table>\n<tbody>\n<tr>\n<td width=\"493\"><a href=\"http:\/\/www.hotel-oriente.com\/\">HOTEL ORIENTE ***<\/a><\/td>\n<\/tr>\n<tr>\n<td width=\"493\">C\/ Coso, 11-13 50003 ZARAGOZA\/Tfno.: 976 203282<\/td>\n<\/tr>\n<\/tbody>\n<\/table>\n<p>&nbsp;<\/p>\n<table width=\"489\">\n<tbody>\n<tr>\n<td width=\"489\"><a href=\"http:\/\/www.hotelpilarplaza.es\/\">HOTEL PILAR PLAZA ***<\/a><\/td>\n<\/tr>\n<tr>\n<td width=\"489\">Plza. del Pilar,11 50003 ZARAGOZA\/Tfno.: 976 394250<\/td>\n<\/tr>\n<\/tbody>\n<\/table>\n<p>&nbsp;<\/p>\n<table width=\"489\">\n<tbody>\n<tr>\n<td width=\"489\"><a href=\"http:\/\/www.hoteltibur.com\/\">HOTEL TIBUR ***<\/a><\/td>\n<\/tr>\n<tr>\n<td width=\"489\">Plza de la Seo, 2-3 50001 ZARAGOZA\/Tfno.: 976202000<\/td>\n<\/tr>\n<\/tbody>\n<\/table>\n<p>&nbsp;<\/p>\n<table width=\"489\">\n<tbody>\n<tr>\n<td width=\"489\"><a href=\"http:\/\/www.nh-hoteles.es\/hotel\/nh-ciudad-de-zaragoza\">NH CIUDAD DE ZARAGOZA***<\/a><\/td>\n<\/tr>\n<tr>\n<td width=\"489\">Avda. C\u00e9sar Augusto, 125 50003 Zaragoza\/ Tfno.: 976 442100<\/td>\n<\/tr>\n<\/tbody>\n<\/table>\n<p>&nbsp;<\/p>\n<table width=\"489\">\n<tbody>\n<tr>\n<td width=\"489\"><a href=\"http:\/\/www.hotelinca-avil.com\/\">HOTEL INCA ***<\/a><\/td>\n<\/tr>\n<tr>\n<td width=\"489\">Manifestaci\u00f3n, 33. 50003 ZARAGOZA \/ Tfno.: 976 390091<\/td>\n<\/tr>\n<\/tbody>\n<\/table>\n<p>&nbsp;<\/p>\n<table width=\"489\">\n<tbody>\n<tr>\n<td width=\"489\"><a href=\"http:\/\/www.hotelpariscentro.es\/\">HOTEL PAR\u00cdS**<\/a><\/td>\n<\/tr>\n<tr>\n<td width=\"489\">San Pablo, 19 50003 ZARAGOZA\/Tfno.: 976 456325<\/td>\n<\/tr>\n<\/tbody>\n<\/table>\n<p>&nbsp;<\/p>\n<table width=\"489\">\n<tbody>\n<tr>\n<td width=\"489\"><a href=\"http:\/\/www.hotelsauce.com\/\">HOTEL SAUCE **<\/a><\/td>\n<\/tr>\n<tr>\n<td width=\"489\">Espoz y Mina, 33. 50003 ZARAGOZA \/ Tfno.: 976 205050<\/td>\n<\/tr>\n<\/tbody>\n<\/table>\n<p>&nbsp;<\/p>\n<table width=\"489\">\n<tbody>\n<tr>\n<td width=\"489\"><a href=\"http:\/\/www.hotelrioarga.es\/\">HOTEL RIO ARGA **<\/a><\/td>\n<\/tr>\n<tr>\n<td width=\"489\">Contamina, n\u00ba 20. 50003 ZARAGOZA\/ Tfno.: 976 399 065<\/td>\n<\/tr>\n<\/tbody>\n<\/table>\n<p>&nbsp;<\/p>\n","protected":false},"excerpt":{"rendered":"<p>Quienes deseen gestionar su alojamiento durante el II Congreso de la REF a trav\u00e9s de la Universidad de Zaragoza, deben rellenar este bolet\u00edn de alojamiento y enviarlo antes del 20 de agosto a Halc\u00f3n Viajes, la agencia de viajes concertada por esta universidad: Viajes HALC\u00d3N S.A.U. Telef. 976 980533 unizarcongresos@halconviajes.com Horario: De 09:00 a 19:00h. [&hellip;]<\/p>\n","protected":false},"author":1,"featured_media":0,"parent":0,"menu_order":7,"comment_status":"open","ping_status":"open","template":"","meta":{"footnotes":""},"class_list":["post-26","page","type-page","status-publish","hentry"],"_links":{"self":[{"href":"https:\/\/redfilosofia.es\/congreso\/wp-json\/wp\/v2\/pages\/26","targetHints":{"allow":["GET"]}}],"collection":[{"href":"https:\/\/redfilosofia.es\/congreso\/wp-json\/wp\/v2\/pages"}],"about":[{"href":"https:\/\/redfilosofia.es\/congreso\/wp-json\/wp\/v2\/types\/page"}],"author":[{"embeddable":true,"href":"https:\/\/redfilosofia.es\/congreso\/wp-json\/wp\/v2\/users\/1"}],"replies":[{"embeddable":true,"href":"https:\/\/redfilosofia.es\/congreso\/wp-json\/wp\/v2\/comments?post=26"}],"version-history":[{"count":24,"href":"https:\/\/redfilosofia.es\/congreso\/wp-json\/wp\/v2\/pages\/26\/revisions"}],"predecessor-version":[{"id":1368,"href":"https:\/\/redfilosofia.es\/congreso\/wp-json\/wp\/v2\/pages\/26\/revisions\/1368"}],"wp:attachment":[{"href":"https:\/\/redfilosofia.es\/congreso\/wp-json\/wp\/v2\/media?parent=26"}],"curies":[{"name":"wp","href":"https:\/\/api.w.org\/{rel}","templated":true}]}}