{"id":263,"date":"2014-03-29T18:48:48","date_gmt":"2014-03-29T18:48:48","guid":{"rendered":"https:\/\/redfilosofia.es\/congreso\/?page_id=263"},"modified":"2017-05-28T15:08:54","modified_gmt":"2017-05-28T15:08:54","slug":"mapa","status":"publish","type":"page","link":"https:\/\/redfilosofia.es\/congreso\/mapa\/","title":{"rendered":"Mapa"},"content":{"rendered":"<p>SEDE DEL II CONGRESO DE LA REF<\/p>\n<p><a href=\"https:\/\/fyl.unizar.es\/\">Facultad de Filosof\u00eda y Letras de la Universidad de Zaragoza<\/a><br \/>\nPedro Cerbuna, 12 &#8211; 50009 Zaragoza (Espa\u00f1a)<br \/>\nTel\u00e9fono: (+34) 976 76 15 05<br \/>\nCorreo-e: secrefil@unizar.es<\/p>\n<p><a href=\"https:\/\/redfilosofia.es\/congreso\/wp-content\/uploads\/sites\/4\/2014\/03\/Mapa_FacFilos_UNIZAR.png\"><img loading=\"lazy\" decoding=\"async\" class=\"aligncenter size-full wp-image-1085\" src=\"https:\/\/redfilosofia.es\/congreso\/wp-content\/uploads\/sites\/4\/2014\/03\/Mapa_FacFilos_UNIZAR.png\" alt=\"\" width=\"634\" height=\"425\" srcset=\"https:\/\/redfilosofia.es\/congreso\/wp-content\/uploads\/sites\/4\/2014\/03\/Mapa_FacFilos_UNIZAR.png 634w, https:\/\/redfilosofia.es\/congreso\/wp-content\/uploads\/sites\/4\/2014\/03\/Mapa_FacFilos_UNIZAR-300x201.png 300w, https:\/\/redfilosofia.es\/congreso\/wp-content\/uploads\/sites\/4\/2014\/03\/Mapa_FacFilos_UNIZAR-624x418.png 624w\" sizes=\"auto, (max-width: 634px) 100vw, 634px\" \/><\/a><\/p>\n<p>C\u00d3MO LLEGAR EN TRANSPORTE P\u00daBLICO<\/p>\n<ul>\n<li>Desde la Estaci\u00f3n Delicias (trenes y autobuses): el autob\u00fas C2<\/li>\n<li>Desde la Plaza de Espa\u00f1a (centro de la ciudad): el tranv\u00eda, hasta la parada de la Plaza de San Francisco<\/li>\n<\/ul>\n<p>MAPA DE LOCALIZACI\u00d3N<\/p>\n<p>Incluye los locales de celebraci\u00f3n del Congreso (Facultad de Filosof\u00eda y Letras de la Universidad de Zaragoza) y los alojamientos y restaurantes m\u00e1s cercanos.<\/p>\n<p><iframe loading=\"lazy\" src=\"https:\/\/www.google.com\/maps\/d\/embed?mid=1cn62FSu-CuPNgeZj_lHNqq9pkeU\" width=\"640\" height=\"480\"><\/iframe><\/p>\n<p>&nbsp;<\/p>\n<p>&nbsp;<\/p>\n<p>&nbsp;<\/p>\n","protected":false},"excerpt":{"rendered":"<p>SEDE DEL II CONGRESO DE LA REF Facultad de Filosof\u00eda y Letras de la Universidad de Zaragoza Pedro Cerbuna, 12 &#8211; 50009 Zaragoza (Espa\u00f1a) Tel\u00e9fono: (+34) 976 76 15 05 Correo-e: secrefil@unizar.es C\u00d3MO LLEGAR EN TRANSPORTE P\u00daBLICO Desde la Estaci\u00f3n Delicias (trenes y autobuses): el autob\u00fas C2 Desde la Plaza de Espa\u00f1a (centro de la [&hellip;]<\/p>\n","protected":false},"author":1,"featured_media":0,"parent":0,"menu_order":0,"comment_status":"open","ping_status":"open","template":"","meta":{"footnotes":""},"class_list":["post-263","page","type-page","status-publish","hentry"],"_links":{"self":[{"href":"https:\/\/redfilosofia.es\/congreso\/wp-json\/wp\/v2\/pages\/263","targetHints":{"allow":["GET"]}}],"collection":[{"href":"https:\/\/redfilosofia.es\/congreso\/wp-json\/wp\/v2\/pages"}],"about":[{"href":"https:\/\/redfilosofia.es\/congreso\/wp-json\/wp\/v2\/types\/page"}],"author":[{"embeddable":true,"href":"https:\/\/redfilosofia.es\/congreso\/wp-json\/wp\/v2\/users\/1"}],"replies":[{"embeddable":true,"href":"https:\/\/redfilosofia.es\/congreso\/wp-json\/wp\/v2\/comments?post=263"}],"version-history":[{"count":24,"href":"https:\/\/redfilosofia.es\/congreso\/wp-json\/wp\/v2\/pages\/263\/revisions"}],"predecessor-version":[{"id":1095,"href":"https:\/\/redfilosofia.es\/congreso\/wp-json\/wp\/v2\/pages\/263\/revisions\/1095"}],"wp:attachment":[{"href":"https:\/\/redfilosofia.es\/congreso\/wp-json\/wp\/v2\/media?parent=263"}],"curies":[{"name":"wp","href":"https:\/\/api.w.org\/{rel}","templated":true}]}}