{"id":9,"date":"2013-07-08T18:26:36","date_gmt":"2013-07-08T18:26:36","guid":{"rendered":"https:\/\/redfilosofia.es\/congreso\/?page_id=9"},"modified":"2017-01-02T13:20:21","modified_gmt":"2017-01-02T13:20:21","slug":"participacion","status":"publish","type":"page","link":"https:\/\/redfilosofia.es\/congreso\/participacion\/","title":{"rendered":"Participaci\u00f3n"},"content":{"rendered":"<p>El Congreso incluir\u00e1 las siguientes <strong>actividades<\/strong>: dos conferencias plenarias, una de inauguraci\u00f3n y otra de clausura; doce secciones tem\u00e1ticas, con sus correspondientes mesas de comunicaciones; varios simposios, talleres, presentaciones de libros y otras publicaciones, a propuesta de los participantes y previa selecci\u00f3n por el Comit\u00e9 cient\u00edfico; y la Asamblea General de la REF.<\/p>\n<p>Las contribuciones podr\u00e1n presentarse en las <strong> diferentes lenguas oficiales del Estado espa\u00f1ol <\/strong>(castellano, catal\u00e1n\/valenciano, euskera y gallego) y en los <strong>idiomas de m\u00e1s amplio uso acad\u00e9mico en Europa y Am\u00e9rica<\/strong> (ingl\u00e9s, franc\u00e9s, alem\u00e1n, italiano y portugu\u00e9s). Todas las propuestas de contribuci\u00f3n, sea cual sea su idioma, deber\u00e1n incluir un <strong>breve resumen en castellano<\/strong>, para facilitar la comprensi\u00f3n y el debate entre todos los participantes.<\/p>\n<p>Podr\u00e1n presentarse <strong>diferentes tipos de contribuciones<\/strong>:<\/p>\n<ul>\n<li><strong>Comunicaciones<\/strong><strong>\u00a0<\/strong>sobre cualquier tema filos\u00f3fico, para una exposici\u00f3n de 20 minutos y una discusi\u00f3n de 10 minutos, en una de las doce secciones tem\u00e1ticas previstas. Cada secci\u00f3n contar\u00e1 con varias mesas de 3 comunicaciones y una duraci\u00f3n de 1:30 horas por mesa.<\/li>\n<li><strong>Simposios <\/strong>sobre temas espec\u00edficos y relevantes<strong>. <\/strong>Estar\u00e1n integrados por un m\u00ednimo de 6 comunicaciones y un m\u00e1ximo de 9 (distribuidas en mesas de 3, con una duraci\u00f3n de 1:30 h. cada mesa). Los proponentes de cada simposio actuar\u00e1n como coordinadores del mismo.<\/li>\n<li><strong>Talleres<\/strong> sobre temas espec\u00edficos y relevantes. Podr\u00e1n contar con uno o varios participantes y tendr\u00e1n una duraci\u00f3n m\u00ednima de 1:30 h. y m\u00e1xima de 3:00 h. Los proponentes de cada taller actuar\u00e1n como coordinadores del mismo.<\/li>\n<li><strong>Presentaciones<\/strong> de libros, revistas, colecciones editoriales y documentos audiovisuales de tem\u00e1tica filos\u00f3fica. Cada presentaci\u00f3n contar\u00e1 con una duraci\u00f3n m\u00e1xima de 30 minutos.<\/li>\n<\/ul>\n<p>Tanto las comunicaciones individuales como las propuestas colectivas (simposios y talleres) ser\u00e1n sometidas a <strong>evaluaci\u00f3n ciega<\/strong> por parte del Comit\u00e9 cient\u00edfico.<\/p>\n<p>Quienes presenten <strong>comunicaciones<\/strong>, tanto si las presentan aisladamente para su exposici\u00f3n y debate en una secci\u00f3n tem\u00e1tica, como si las presentan agrupadas en el marco de un simposio o taller, podr\u00e1n elegir entre una de las <strong>dos modalidades<\/strong> siguientes:<\/p>\n<ul>\n<li><strong>Modalidad A: Texto completo<\/strong>. Quienes opten por esta modalidad, deber\u00e1n enviar por anticipado el texto completo de su comunicaci\u00f3n, en la plantilla suministrada por la Comisi\u00f3n organizadora y con una extensi\u00f3n m\u00e1xima de 15 p\u00e1ginas. El texto ser\u00e1 sometido a evaluaci\u00f3n ciega por miembros del Comit\u00e9 cient\u00edfico. En caso de que sea aceptado, podr\u00e1 ser presentado y debatido en el Congreso; adem\u00e1s, ser\u00e1 publicado por la REF, con su correspondiente ISBN, en las Actas del Congreso.<\/li>\n<li><strong>Modalidad B: Resumen<\/strong>. Quienes opten por esta modalidad, deber\u00e1n enviar por anticipado un resumen de su comunicaci\u00f3n, en la plantilla suministrada por la Comisi\u00f3n organizadora y con una extensi\u00f3n m\u00e1xima de 800 palabras. El resumen deber\u00e1 exponer el inter\u00e9s de la comunicaci\u00f3n y sus argumentos principales. Ser\u00e1 sometido a evaluaci\u00f3n ciega por miembros del Comit\u00e9 cient\u00edfico. En caso de que sea aceptado, podr\u00e1 ser presentado y debatido en el Congreso, pero no publicado en las Actas.<\/li>\n<\/ul>\n<p>En el caso de los <strong>simposios<\/strong> y <strong>talleres<\/strong>, todo el grupo de personas participantes en cada simposio o taller deber\u00e1 elegir entre la modalidad A o la modalidad B.<em><br \/>\n<\/em><\/p>\n<p>Las <strong>comunicaciones<\/strong> que se presenten aisladamente para su exposici\u00f3n y debate en una de las doce secciones tem\u00e1ticas previstas, tanto si se elige la modalidad A (Texto completo) como si se elige la modalidad B (Resumen), <strong>deber\u00e1n ajustarse a las plantillas<\/strong> suministradas por la Comisi\u00f3n organizadora (v\u00e9ase m\u00e1s abajo), e incluir\u00e1n los datos siguientes:<\/p>\n<ul>\n<li>T\u00edtulo exacto de la comunicaci\u00f3n.<\/li>\n<li>Secci\u00f3n tem\u00e1tica en la que se desea participar.<\/li>\n<li>Nombre y apellidos del autor, autora o autores.<\/li>\n<li>Titulaci\u00f3n acad\u00e9mica, actividad profesional y centro de trabajo.<\/li>\n<li>Correo electr\u00f3nico.<\/li>\n<li>Modalidad A: Texto completo de la comunicaci\u00f3n (m\u00e1ximo de 15 p\u00e1ginas).<\/li>\n<li>Modalidad B: Resumen de la comunicaci\u00f3n (m\u00e1ximo de 800 palabras).<\/li>\n<\/ul>\n<p>En el caso de los <strong>simposios<\/strong> y <strong>talleres<\/strong>, deber\u00e1n abordar un tema filos\u00f3fico relevante, elegido por los participantes, y tendr\u00e1n las siguientes caracter\u00edsticas:<\/p>\n<ol>\n<li>Los proponentes de cada simposio o taller ser\u00e1n los coordinadores del mismo.<\/li>\n<li>Cada simposio contar\u00e1 con un m\u00ednimo de 6 comunicaciones y un m\u00e1ximo de 9.<\/li>\n<li>Cada taller podr\u00e1 contar con uno o varios participantes y tendr\u00e1 una duraci\u00f3n m\u00ednima de 1:30 h. y m\u00e1xima de 3:00 h.<\/li>\n<li>Las comunicaciones se distribuir\u00e1n en mesas de 3, con una duraci\u00f3n de 1:30 horas cada mesa.<\/li>\n<li>Cada comunicaci\u00f3n dispondr\u00e1 de 20 minutos para su exposici\u00f3n y 10 para la discusi\u00f3n con el p\u00fablico, aunque en cada mesa podr\u00e1n agruparse las tres discusiones en un tramo final de 30 minutos.<\/li>\n<li>Las propuestas deber\u00e1n ajustarse a las plantillas suministradas por la Comisi\u00f3n organizadora (v\u00e9ase m\u00e1s abajo), e incluir\u00e1n los datos siguientes:\n<ul>\n<li>T\u00edtulo exacto del Simposio o Taller.<\/li>\n<li>Nombre del coordinador o coordinadora.<\/li>\n<li>Titulaci\u00f3n acad\u00e9mica, actividad profesional y centro de trabajo.<\/li>\n<li>Correo electr\u00f3nico.<\/li>\n<li>Breve justificaci\u00f3n de la propuesta (m\u00e1ximo de 500 palabras).<\/li>\n<li>Relaci\u00f3n completa y, en su caso, agrupaci\u00f3n por mesas de las comunicaciones que formar\u00edan parte del Simposio o Taller, con indicaci\u00f3n de los datos siguientes:\n<ul>\n<li>T\u00edtulo de la comunicaci\u00f3n.<\/li>\n<li>Nombre y apellidos del autor o autora.<\/li>\n<li>Titulaci\u00f3n acad\u00e9mica, actividad profesional y centro de trabajo.<\/li>\n<li>Correo electr\u00f3nico.<\/li>\n<li>Texto completo de la comunicaci\u00f3n, en la plantilla suministrada por la Comisi\u00f3n organizadora y con un m\u00e1ximo de 15 p\u00e1ginas, si se opta por la modalidad A.<\/li>\n<li>Resumen de la comunicaci\u00f3n, en la plantilla suministrada por la Comisi\u00f3n organizadora y con un m\u00e1ximo de 800 palabras, si se opta por la modalidad B.<\/li>\n<\/ul>\n<\/li>\n<\/ul>\n<\/li>\n<\/ol>\n<p>En el caso de las <strong>presentaciones<\/strong> de libros, revistas, etc., las obras a presentar deber\u00e1n tener una fecha de edici\u00f3n correspondiente al a\u00f1o 2015 o posterior. Los autores de la obra a presentar dispondr\u00e1n de un tiempo m\u00e1ximo de 30 minutos, distribuidos entre los presentadores de la misma, a propuesta de la persona proponente. La propuesta deber\u00e1 formularse en la plantilla suministrada por la Comisi\u00f3n organizadora (v\u00e9ase m\u00e1s abajo), e incluir\u00e1 los datos siguientes:<\/p>\n<ul>\n<li>T\u00edtulo y referencia editorial completa de la obra.<\/li>\n<li>Datos del autor, autora o autores: nombre y apellidos, titulaci\u00f3n acad\u00e9mica, actividad profesional, centro de trabajo y correo electr\u00f3nico.<\/li>\n<li>Datos del presentador\/a o presentadores\/as: nombre y apellidos, titulaci\u00f3n acad\u00e9mica, actividad profesional, centro de trabajo y correo electr\u00f3nico.<\/li>\n<\/ul>\n<h3><strong>Formato<\/strong><\/h3>\n<p><strong>Todas las propuestas<\/strong> (comunicaci\u00f3n, simposio, taller o presentaci\u00f3n de publicaciones) deben enviarse en las<strong> plantillas <\/strong>correspondientes a cada propuesta, suministradas por la Comisi\u00f3n organizadora y disponibles en esta web (v\u00e9ase m\u00e1s abajo).<\/p>\n<p>En el caso de las <strong>comunicaciones<\/strong>, tanto las que se presenten aisladamente como las que se presenten agrupadas en un simposio o taller, debe enviarse <strong>una segunda copia de la propuesta sin los datos personales y profesionales<\/strong> del autor o autora (ni ninguna referencia al mismo o a la misma en el texto de la propuesta), para su revisi\u00f3n ciega.<\/p>\n<p>En el caso de los <strong>simposios y talleres<\/strong>, tambi\u00e9n debe enviarse <strong>una segunda copia de la propuesta sin los datos personales y profesionales<\/strong> de los proponentes y coordinadores (ni ninguna referencia a los mismos en el texto de la propuesta), para su revisi\u00f3n ciega.<em><br \/>\n<\/em><\/p>\n<p>Para el env\u00edo de las propuestas, <strong>hay que utilizar obligatoriamente las plantillas<\/strong> suministradas por la Comisi\u00f3n organizadora. Para cada tipo de propuesta (excepto para la presentaci\u00f3n de publicaciones) hay <strong>dos plantillas<\/strong>: una CON y otra SIN datos personales. Para las comunicaciones con texto completo, hay que enviar, adem\u00e1s, una <strong>tercera plantilla<\/strong> exclusivamente con los datos personales y los datos de la comunicaci\u00f3n:<em><br \/>\n<\/em><\/p>\n<ul>\n<li><a href=\"https:\/\/es.scribd.com\/doc\/304689869\/A-CON-Comunicacion-Texto-Completo\">Plantilla en formato word y <strong>con datos personales<\/strong> para la presentaci\u00f3n del <strong>texto completo de una comunicaci\u00f3n<\/strong> (modalidad A).<\/a><\/li>\n<li><a href=\"https:\/\/es.scribd.com\/doc\/304690208\/A-SIN-Comunicacion-Texto-Completo\">Plantilla en formato word y <strong>sin datos personales<\/strong> para la presentaci\u00f3n del <strong>texto completo de una comunicaci\u00f3n<\/strong> (modalidad A).<\/a><\/li>\n<li><a href=\"https:\/\/redfilosofia.es\/congreso\/wp-content\/uploads\/sites\/4\/2013\/07\/A_CON_Comunicacion_TEXTO_COMPLETO_DATOS-1.pdf\">Plantilla en formato pdf, <strong>con datos personales<\/strong> y con <strong>datos de la comunicaci\u00f3n<\/strong> presentada aparte en las dos plantillas word de texto completo (modalidad A)<\/a>.<\/li>\n<li><a href=\"https:\/\/redfilosofia.es\/congreso\/wp-content\/uploads\/sites\/4\/2013\/07\/B_CON_Comunicacion_RESUMEN.pdf\">Plantilla en formato pdf rellenable <strong>con datos personales<\/strong> para la presentaci\u00f3n del <strong>resumen de una comunicaci\u00f3n<\/strong> (modalidad B).<\/a><\/li>\n<li><a href=\"https:\/\/redfilosofia.es\/congreso\/wp-content\/uploads\/sites\/4\/2013\/07\/B_SIN_Comunicacion_RESUMEN.pdf\">Plantilla en formato pdf rellenable <strong>sin datos personales<\/strong> para la presentaci\u00f3n del <strong>resumen de una comunicaci\u00f3n<\/strong> (modalidad B).<\/a><\/li>\n<li><a href=\"https:\/\/redfilosofia.es\/congreso\/wp-content\/uploads\/sites\/4\/2013\/07\/A_CON_Simposio_TEXTOS_COMPLETOS.pdf\">Plantilla en formato pdf rellenable <strong>con datos personales<\/strong> para la presentaci\u00f3n de un <strong>simposio con textos completos<\/strong> (modalidad A).<\/a><\/li>\n<li><a href=\"https:\/\/redfilosofia.es\/congreso\/wp-content\/uploads\/sites\/4\/2013\/07\/A_SIN_Simposio_TEXTOS_COMPLETOS-1.pdf\">Plantilla en formato pdf rellenable <strong>sin datos personales<\/strong> para la presentaci\u00f3n de un <strong>simposio con textos completos<\/strong> (modalidad A).<\/a><\/li>\n<li><a href=\"https:\/\/redfilosofia.es\/congreso\/wp-content\/uploads\/sites\/4\/2013\/07\/B_CON_Simposio_RESUMENES.pdf\">Plantilla en formato pdf rellenable <strong>con datos personales<\/strong> para la presentaci\u00f3n de un <strong>simposio con res\u00famenes<\/strong> (modalidad B).<\/a><\/li>\n<li><a href=\"https:\/\/redfilosofia.es\/congreso\/wp-content\/uploads\/sites\/4\/2013\/07\/B_SIN_Simposio_RESUMENES.pdf\">Plantilla en formato pdf rellenable <strong>sin datos personales<\/strong> para la presentaci\u00f3n de un <strong>simposio con res\u00famenes<\/strong> (modalidad B).<\/a><\/li>\n<li><a href=\"https:\/\/redfilosofia.es\/congreso\/wp-content\/uploads\/sites\/4\/2013\/07\/A_CON_Taller_TEXTOS_COMPLETOS.pdf\">Plantilla en formato pdf rellenable <strong>con datos personales<\/strong> para la presentaci\u00f3n de un <strong>taller con textos completos<\/strong> (modalidad A).<\/a><\/li>\n<li><a href=\"https:\/\/redfilosofia.es\/congreso\/wp-content\/uploads\/sites\/4\/2013\/07\/A_SIN_Taller_TEXTOS_COMPLETOS.pdf\">Plantilla en formato pdf rellenable <strong>sin datos personales<\/strong> para la presentaci\u00f3n de un <strong>taller con textos completos<\/strong> (modalidad A).<\/a><\/li>\n<li><a href=\"https:\/\/redfilosofia.es\/congreso\/wp-content\/uploads\/sites\/4\/2013\/07\/B_CON_Taller_RESUMENES.pdf\">Plantilla en formato pdf rellenable <strong>con datos personales<\/strong> para la presentaci\u00f3n de un <strong>taller con res\u00famenes<\/strong> (modalidad B).<\/a><\/li>\n<li><a href=\"https:\/\/redfilosofia.es\/congreso\/wp-content\/uploads\/sites\/4\/2013\/07\/B_SIN_Taller_RESUMENES.pdf\">Plantilla en formato pdf rellenable <strong>sin datos personales<\/strong> para la presentaci\u00f3n de un <strong>taller con res\u00famenes<\/strong> (modalidad B).<\/a><\/li>\n<li><a href=\"https:\/\/redfilosofia.es\/congreso\/wp-content\/uploads\/sites\/4\/2013\/07\/CON_Publicaciones.pdf\">Plantilla en formato pdf rellenable <strong>con datos personales<\/strong> para la presentaci\u00f3n de una <strong>publicaci\u00f3n<\/strong>.<\/a><\/li>\n<\/ul>\n<h3><strong>Secciones tem\u00e1ticas<\/strong><\/h3>\n<ol>\n<li>Antropolog\u00eda filos\u00f3fica y teor\u00eda de la cultura<\/li>\n<li>Est\u00e9tica, teor\u00eda de las artes y de la literatura<\/li>\n<li>\u00c9tica<\/li>\n<li>Filosof\u00eda, ciencia, tecnolog\u00eda y sociedad<\/li>\n<li>Filosof\u00eda de la historia<\/li>\n<li>Filosof\u00eda, did\u00e1ctica y educaci\u00f3n<\/li>\n<li>Filosof\u00eda iberoamericana<\/li>\n<li>Filosof\u00eda pol\u00edtica<\/li>\n<li>Filosof\u00eda y g\u00e9nero<\/li>\n<li>Historia de la Filosof\u00eda<\/li>\n<li>L\u00f3gica, lenguaje y argumentaci\u00f3n<\/li>\n<li>Ontolog\u00eda y teor\u00eda del conocimiento<\/li>\n<\/ol>\n<h3><strong>Plazo de presentaci\u00f3n<\/strong><\/h3>\n<p>Fecha l\u00edmite para el env\u00edo de propuestas: <strong>15 de enero de 2017<\/strong>.<\/p>\n<h3><strong>Selecci\u00f3n de las propuestas<\/strong><\/h3>\n<p>Todas las propuestas de comunicaciones, simposios y talleres ser\u00e1n valoradas por el Comit\u00e9 cient\u00edfico en evaluaci\u00f3n ciega, preservando el anonimato de sus autores\/as.<\/p>\n<p>El Comit\u00e9 cient\u00edfico evaluar\u00e1 los res\u00famenes y los textos completos, tanto si se presentan aisladamente como si se presentan agrupados en simposios y talleres.<\/p>\n<p><strong>En caso de que una propuesta sea aceptada, se le notificar\u00e1 a su autor\/a antes del 15 de abril de\u00a02017<\/strong><strong>.<\/strong> No obstante, debido a las necesidades de planificaci\u00f3n del Congreso, para que la aceptaci\u00f3n sea firme y se incluya en el <strong>Programa<\/strong> definitivo, los autores y autoras de las propuestas aceptadas deber\u00e1n inscribirse <strong>antes del 15 de mayo de\u00a02017<\/strong>.<\/p>\n<h3><strong>Publicaci\u00f3n<\/strong><\/h3>\n<p>El Comit\u00e9 organizador se compromete a publicar las Actas del II Congreso de la REF con todas las contribuciones (tanto las comunicaciones aisladas como las vinculadas a un simposio o taller) que hayan presentado el texto completo antes del 15 de enero de 2017.<\/p>\n<h3><strong>Contacto<\/strong><\/h3>\n<p>Para el env\u00edo de las propuestas de participaci\u00f3n: <a href=\"mailto:congreso@redfilosofia.es\">congreso@redfilosofia.es<\/a><\/p>\n<p>Para consultas sobre inscripci\u00f3n, alojamiento, etc.: <a href=\"mailto:congreso.secretaria@redfilosofia.es\">congreso.secretaria@redfilosofia.es<\/a><\/p>\n<h3><strong>M\u00e1s informaci\u00f3n<\/strong><\/h3>\n<p>La informaci\u00f3n que todav\u00eda no est\u00e1 disponible (programa, alojamiento, etc.), se har\u00e1 p\u00fablica en pr\u00f3ximas circulares y en esta web.<\/p>\n<p>&nbsp;<\/p>\n","protected":false},"excerpt":{"rendered":"<p>El Congreso incluir\u00e1 las siguientes actividades: dos conferencias plenarias, una de inauguraci\u00f3n y otra de clausura; doce secciones tem\u00e1ticas, con sus correspondientes mesas de comunicaciones; varios simposios, talleres, presentaciones de libros y otras publicaciones, a propuesta de los participantes y previa selecci\u00f3n por el Comit\u00e9 cient\u00edfico; y la Asamblea General de la REF. Las contribuciones [&hellip;]<\/p>\n","protected":false},"author":1,"featured_media":0,"parent":0,"menu_order":2,"comment_status":"open","ping_status":"open","template":"","meta":{"footnotes":""},"class_list":["post-9","page","type-page","status-publish","hentry"],"_links":{"self":[{"href":"https:\/\/redfilosofia.es\/congreso\/wp-json\/wp\/v2\/pages\/9","targetHints":{"allow":["GET"]}}],"collection":[{"href":"https:\/\/redfilosofia.es\/congreso\/wp-json\/wp\/v2\/pages"}],"about":[{"href":"https:\/\/redfilosofia.es\/congreso\/wp-json\/wp\/v2\/types\/page"}],"author":[{"embeddable":true,"href":"https:\/\/redfilosofia.es\/congreso\/wp-json\/wp\/v2\/users\/1"}],"replies":[{"embeddable":true,"href":"https:\/\/redfilosofia.es\/congreso\/wp-json\/wp\/v2\/comments?post=9"}],"version-history":[{"count":44,"href":"https:\/\/redfilosofia.es\/congreso\/wp-json\/wp\/v2\/pages\/9\/revisions"}],"predecessor-version":[{"id":1071,"href":"https:\/\/redfilosofia.es\/congreso\/wp-json\/wp\/v2\/pages\/9\/revisions\/1071"}],"wp:attachment":[{"href":"https:\/\/redfilosofia.es\/congreso\/wp-json\/wp\/v2\/media?parent=9"}],"curies":[{"name":"wp","href":"https:\/\/api.w.org\/{rel}","templated":true}]}}