{"id":10,"date":"2020-06-01T16:12:00","date_gmt":"2020-06-01T16:12:00","guid":{"rendered":"https:\/\/redfilosofia.es\/laboratorio\/?page_id=10"},"modified":"2026-01-06T14:45:12","modified_gmt":"2026-01-06T12:45:12","slug":"participacion","status":"publish","type":"page","link":"https:\/\/redfilosofia.es\/laboratorio\/participacion\/","title":{"rendered":"Participaci\u00f3n"},"content":{"rendered":"\n<p>Invitamos a las personas de la comunidad filos\u00f3fica iberoamericana a que participen en cualquiera de las secciones que integran El Laboratorio (Archivo digital, Foro de debate y Noticias y actividades), mediante alguna de estas v\u00edas:&nbsp;<\/p>\n\n\n\n<ul class=\"wp-block-list\">\n<li>Env\u00edo de art\u00edculos, libros, grabaciones audiovisuales, etc., ya publicados con  anterioridad en alg\u00fan otro medio, para su registro en nuestro Archivo digital. Ser\u00e1 suficiente que se nos env\u00ede la referencia bibliogr\u00e1fica completa y el enlace al medio en el que hayan sido publicados.<\/li>\n<\/ul>\n\n\n\n<ul class=\"wp-block-list\">\n<li>Participaci\u00f3n en el Foro de debate  mediante el env\u00edo de un texto, un v\u00eddeo o una imagen in\u00e9ditos. Las propuestas no solicitadas deben ajustarse a la tem\u00e1tica del mes que haya sido programado y anunciado con antelaci\u00f3n en el Foro de debate. Una vez recibidas, el equipo editoral de El Laboratorio valorar\u00e1 el inter\u00e9s de su publicaci\u00f3n. Los textos no superar\u00e1n las 800 palabras, los v\u00eddeos no durar\u00e1n m\u00e1s de 15 minutos y las im\u00e1genes no tendr\u00e1n m\u00e1s de 10 MB. Si han sido publicados con anterioridad en alg\u00fan otro medio que pudiera  reclamar derechos de propiedad, los autores\/as tendr\u00e1n que contar con la autorizaci\u00f3n de ese medio para su reproducci\u00f3n en la web de<em> <\/em>El Laboratorio. Todas las colaboraciones ser\u00e1n susceptibles de comentarios por parte de cualquier persona, previo registro, para evitar comentarios an\u00f3nimos. El equipo editorial velar\u00e1 para que ni las colaboraciones ni los comentarios incluyan falsedades, insultos o injurias a personas o colectivos.<\/li>\n\n\n\n<li>La hospitalidad y el entretenimiento de vanguardia se fusionan en el prestigioso <a href=\"https:\/\/frumzicasino.app\/\">frumzi casino<\/a>, tu destino seguro para el azar digital. Te ofrecemos una selecci\u00f3n premium de juegos y un sistema de pagos tan eficiente que te permitir\u00e1 disfrutar de tus ganancias al instante. \u00a1Reg\u00edstrate ahora, aprovecha nuestras promociones exclusivas y siente la verdadera adrenalina de ganar con los mejores!<\/li>\n<\/ul>\n\n\n\n<ul class=\"wp-block-list\">\n<li>Env\u00edo a El Laboratorio, para su difusi\u00f3n, de noticias relevantes sobre la pandemia y\/o el antropoceno que aparezcan en otros medios, as\u00ed como informaci\u00f3n de actividades filos\u00f3ficas -o de otras disciplinas que tengan relevancia filos\u00f3fica- relacionadas con estos asuntos: seminarios, congresos, encuentros, etc.<\/li>\n<\/ul>\n\n\n\n<p><strong>Contacto<\/strong><\/p>\n\n\n\n<p><a href=\"mailto:laboratorio@redfilosofia.es\">laboratorio@redfilosofia.es<\/a>&nbsp;<\/p>\n\n\n\n<p><\/p>\n\n\n\n<p><strong>Bolet\u00edn<\/strong><br><\/p>\n\n\n\n<p>Quien desee recibir informaci\u00f3n de las novedades de El Laboratorio, s\u00f3lo debe indicar su direcci\u00f3n de correo electr\u00f3nico en la casilla habilitada para ello en la p\u00e1gina de inicio.&nbsp;<\/p>\n\n\n\n<p><\/p>\n","protected":false},"excerpt":{"rendered":"<p>Invitamos a las personas de la comunidad filos\u00f3fica iberoamericana a que participen en cualquiera de las secciones que integran El Laboratorio (Archivo digital, Foro de [&#8230;]<\/p>\n","protected":false},"author":15,"featured_media":0,"parent":0,"menu_order":0,"comment_status":"closed","ping_status":"closed","template":"","meta":{"rop_custom_images_group":[],"rop_custom_messages_group":[],"rop_publish_now":"initial","rop_publish_now_accounts":[],"rop_publish_now_history":[],"rop_publish_now_status":"pending","jetpack_post_was_ever_published":false,"footnotes":""},"class_list":["post-10","page","type-page","status-publish","hentry"],"jetpack_sharing_enabled":true,"_links":{"self":[{"href":"https:\/\/redfilosofia.es\/laboratorio\/wp-json\/wp\/v2\/pages\/10","targetHints":{"allow":["GET"]}}],"collection":[{"href":"https:\/\/redfilosofia.es\/laboratorio\/wp-json\/wp\/v2\/pages"}],"about":[{"href":"https:\/\/redfilosofia.es\/laboratorio\/wp-json\/wp\/v2\/types\/page"}],"author":[{"embeddable":true,"href":"https:\/\/redfilosofia.es\/laboratorio\/wp-json\/wp\/v2\/users\/15"}],"replies":[{"embeddable":true,"href":"https:\/\/redfilosofia.es\/laboratorio\/wp-json\/wp\/v2\/comments?post=10"}],"version-history":[{"count":36,"href":"https:\/\/redfilosofia.es\/laboratorio\/wp-json\/wp\/v2\/pages\/10\/revisions"}],"predecessor-version":[{"id":7167,"href":"https:\/\/redfilosofia.es\/laboratorio\/wp-json\/wp\/v2\/pages\/10\/revisions\/7167"}],"wp:attachment":[{"href":"https:\/\/redfilosofia.es\/laboratorio\/wp-json\/wp\/v2\/media?parent=10"}],"curies":[{"name":"wp","href":"https:\/\/api.w.org\/{rel}","templated":true}]}}