{"id":12,"date":"2020-06-01T16:12:00","date_gmt":"2020-06-01T16:12:00","guid":{"rendered":"https:\/\/redfilosofia.es\/laboratorio\/?page_id=12"},"modified":"2026-01-20T12:03:19","modified_gmt":"2026-01-20T10:03:19","slug":"equipo","status":"publish","type":"page","link":"https:\/\/redfilosofia.es\/laboratorio\/equipo\/","title":{"rendered":"Equipo"},"content":{"rendered":"\n<p><strong>Organizaci\u00f3n<\/strong><\/p>\n\n\n\n<p><a href=\"https:\/\/redfilosofia.es\/\">Red espa\u00f1ola de Filosof\u00eda (REF)<\/a><\/p>\n\n\n\n<p><strong>Coordinaci\u00f3n<\/strong> <\/p>\n\n\n\n<p><a href=\"https:\/\/dialnet.unirioja.es\/servlet\/autor?codigo=4633062\">Alberto Coronel Taranc\u00f3n<\/a> <\/p>\n\n\n\n<p><strong>Equipo editorial<\/strong> <\/p>\n\n\n\n<p><a href=\"https:\/\/webs.um.es\/campillo\/miwiki\/doku.php\">Antonio Campillo Meseguer<\/a> <\/p>\n\n\n\n<p><a href=\"https:\/\/dialnet.unirioja.es\/servlet\/autor?codigo=4409052\">Elisa Sim\u00f3 Soler<\/a><strong><a href=\"https:\/\/dialnet.unirioja.es\/servlet\/autor?codigo=4409052\"> <\/a><\/strong> <\/p>\n\n\n\n<p><a href=\"https:\/\/es.linkedin.com\/in\/eloypa\">Eloy Pe\u00f1a Asensio<\/a> <\/p>\n\n\n\n<p><a href=\"http:\/\/cmoyano.com\">Cristian Moyano<\/a> <\/p>\n\n\n\n<p><a href=\"https:\/\/dialnet.unirioja.es\/servlet\/autor?codigo=3824855\">Sara Ferreiro Lago<\/a> <\/p>\n\n\n\n<p><a href=\"https:\/\/dialnet.unirioja.es\/servlet\/autor?codigo=3286520\">Alejandro Pedregal<\/a> <\/p>\n\n\n\n<p><a href=\"https:\/\/uba.academia.edu\/AlejandraOlave\">Alejandra Olave Albertini<\/a><\/p>\n\n\n\n<p><a href=\"https:\/\/dialnet.unirioja.es\/servlet\/autor?codigo=2901306\">Victoria D&#8217;hers <\/a><br><\/p>\n\n\n\n<p><strong>Equipo<\/strong> <strong>t\u00e9cnico<\/strong><\/p>\n\n\n\n<p><a href=\"https:\/\/es.linkedin.com\/in\/julioberzal\">Julio Berzal Carrascosa<\/a>_<\/p>\n\n\n\n<p><strong>Dise\u00f1o gr\u00e1fico<\/strong><\/p>\n\n\n\n<p><a href=\"http:\/\/www.cendeac.net\/es\/miradas-cercanas\/julieta-varela\">Julieta Varela Manograsso<\/a><\/p>\n","protected":false},"excerpt":{"rendered":"<p>Organizaci\u00f3n Red espa\u00f1ola de Filosof\u00eda (REF) Coordinaci\u00f3n Alberto Coronel Taranc\u00f3n Equipo editorial Antonio Campillo Meseguer Elisa Sim\u00f3 Soler Eloy Pe\u00f1a Asensio Cristian Moyano Sara Ferreiro [&#8230;]<\/p>\n","protected":false},"author":15,"featured_media":0,"parent":0,"menu_order":0,"comment_status":"closed","ping_status":"closed","template":"","meta":{"rop_custom_images_group":[],"rop_custom_messages_group":[],"rop_publish_now":"initial","rop_publish_now_accounts":[],"rop_publish_now_history":[],"rop_publish_now_status":"pending","jetpack_post_was_ever_published":false,"footnotes":""},"class_list":["post-12","page","type-page","status-publish","hentry"],"jetpack_sharing_enabled":true,"_links":{"self":[{"href":"https:\/\/redfilosofia.es\/laboratorio\/wp-json\/wp\/v2\/pages\/12","targetHints":{"allow":["GET"]}}],"collection":[{"href":"https:\/\/redfilosofia.es\/laboratorio\/wp-json\/wp\/v2\/pages"}],"about":[{"href":"https:\/\/redfilosofia.es\/laboratorio\/wp-json\/wp\/v2\/types\/page"}],"author":[{"embeddable":true,"href":"https:\/\/redfilosofia.es\/laboratorio\/wp-json\/wp\/v2\/users\/15"}],"replies":[{"embeddable":true,"href":"https:\/\/redfilosofia.es\/laboratorio\/wp-json\/wp\/v2\/comments?post=12"}],"version-history":[{"count":40,"href":"https:\/\/redfilosofia.es\/laboratorio\/wp-json\/wp\/v2\/pages\/12\/revisions"}],"predecessor-version":[{"id":7737,"href":"https:\/\/redfilosofia.es\/laboratorio\/wp-json\/wp\/v2\/pages\/12\/revisions\/7737"}],"wp:attachment":[{"href":"https:\/\/redfilosofia.es\/laboratorio\/wp-json\/wp\/v2\/media?parent=12"}],"curies":[{"name":"wp","href":"https:\/\/api.w.org\/{rel}","templated":true}]}}