{"id":14,"date":"2020-06-01T16:13:00","date_gmt":"2020-06-01T16:13:00","guid":{"rendered":"https:\/\/redfilosofia.es\/laboratorio\/?page_id=14"},"modified":"2023-05-15T16:38:09","modified_gmt":"2023-05-15T14:38:09","slug":"quehayaqui","status":"publish","type":"page","link":"https:\/\/redfilosofia.es\/laboratorio\/quehayaqui\/","title":{"rendered":"Qu\u00e9 hay aqu\u00ed"},"content":{"rendered":"\n<p>Este es un Archivo o repositorio digital en el que vamos recopilando las reflexiones filos\u00f3ficas y las de otras disciplinas que puedan tener una relevancia filos\u00f3fica, y en las que se aborden los m\u00faltiples aspectos del antropoceno y del decrecimiento desde diversos enfoques y perspectivas. Se trata de un Archivo que ir\u00e1 creciendo y enriqueci\u00e9ndose con la colaboraci\u00f3n del equipo editorial del Laboratorio.<\/p>\n\n\n\n<p>Los documentos recopilados en este Archivo se encuentran clasificados en ocho tipos o campos diferentes:<\/p>\n\n\n\n<ul class=\"wp-block-list\">\n<li>Libros<\/li>\n\n\n\n<li>Cap\u00edtulos<\/li>\n\n\n\n<li>Revistas<\/li>\n\n\n\n<li>Art\u00edculos<\/li>\n\n\n\n<li>Entrevistas<\/li>\n\n\n\n<li>V\u00eddeos<\/li>\n\n\n\n<li>Im\u00e1genes<\/li>\n\n\n\n<li>Webs y blogs<\/li>\n<\/ul>\n\n\n\n<p>El Archivo cuenta con un Buscador que permite localizar cualquier documento o grupo de documentos mediante diferentes indicadores de b\u00fasqueda: autor\/a, t\u00edtulo, tipo de documento, materia y a\u00f1o o fecha de publicaci\u00f3n.<\/p>\n","protected":false},"excerpt":{"rendered":"<p>Este es un Archivo o repositorio digital en el que vamos recopilando las reflexiones filos\u00f3ficas y las de otras disciplinas que puedan tener una relevancia [&#8230;]<\/p>\n","protected":false},"author":15,"featured_media":0,"parent":0,"menu_order":0,"comment_status":"closed","ping_status":"closed","template":"","meta":{"rop_custom_images_group":[],"rop_custom_messages_group":[],"rop_publish_now":"initial","rop_publish_now_accounts":[],"rop_publish_now_history":[],"rop_publish_now_status":"pending","jetpack_post_was_ever_published":false,"footnotes":""},"class_list":["post-14","page","type-page","status-publish","hentry"],"jetpack_sharing_enabled":true,"_links":{"self":[{"href":"https:\/\/redfilosofia.es\/laboratorio\/wp-json\/wp\/v2\/pages\/14","targetHints":{"allow":["GET"]}}],"collection":[{"href":"https:\/\/redfilosofia.es\/laboratorio\/wp-json\/wp\/v2\/pages"}],"about":[{"href":"https:\/\/redfilosofia.es\/laboratorio\/wp-json\/wp\/v2\/types\/page"}],"author":[{"embeddable":true,"href":"https:\/\/redfilosofia.es\/laboratorio\/wp-json\/wp\/v2\/users\/15"}],"replies":[{"embeddable":true,"href":"https:\/\/redfilosofia.es\/laboratorio\/wp-json\/wp\/v2\/comments?post=14"}],"version-history":[{"count":9,"href":"https:\/\/redfilosofia.es\/laboratorio\/wp-json\/wp\/v2\/pages\/14\/revisions"}],"predecessor-version":[{"id":6658,"href":"https:\/\/redfilosofia.es\/laboratorio\/wp-json\/wp\/v2\/pages\/14\/revisions\/6658"}],"wp:attachment":[{"href":"https:\/\/redfilosofia.es\/laboratorio\/wp-json\/wp\/v2\/media?parent=14"}],"curies":[{"name":"wp","href":"https:\/\/api.w.org\/{rel}","templated":true}]}}