{"id":16,"date":"2020-06-01T16:14:00","date_gmt":"2020-06-01T16:14:00","guid":{"rendered":"https:\/\/redfilosofia.es\/laboratorio\/?page_id=16"},"modified":"2026-01-20T12:08:51","modified_gmt":"2026-01-20T10:08:51","slug":"como-puedes-colaborar","status":"publish","type":"page","link":"https:\/\/redfilosofia.es\/laboratorio\/como-puedes-colaborar\/","title":{"rendered":"C\u00f3mo puedes colaborar"},"content":{"rendered":"\n<p>Mediante el formulario que se encuentra bajo estas l\u00edneas, puedes enviarnos tus art\u00edculos, libros, monogr\u00e1ficos de revista, v\u00eddeos, im\u00e1genes, blogs, etc., ya publicados con anterioridad en alg\u00fan otro medio, para su registro en el Archivo digital de El Laboratorio. Ser\u00e1 suficiente que nos env\u00edes la referencia bibliogr\u00e1fica completa del documento y el enlace al medio en el que haya sido publicado.<\/p>\n\n\n\n<p>Quien quiera sugerir al equipo de El Laboratorio la inclusi\u00f3n en el Archivo de alg\u00fan documento de otra persona o colectivo que considere de inter\u00e9s para este proyecto, tambi\u00e9n puede hacerlo mediante el formulario que se encuentra bajo estas l\u00edneas, indicando la referencia y el enlace a la publicaci\u00f3n original.<\/p>\n\n\n\n<p>[contact-form-7 id=\u00bb97&#8243;]<\/p>\n","protected":false},"excerpt":{"rendered":"<p>Mediante el formulario que se encuentra bajo estas l\u00edneas, puedes enviarnos tus art\u00edculos, libros, monogr\u00e1ficos de revista, v\u00eddeos, im\u00e1genes, blogs, etc., ya publicados con anterioridad [&#8230;]<\/p>\n","protected":false},"author":15,"featured_media":0,"parent":0,"menu_order":0,"comment_status":"closed","ping_status":"closed","template":"","meta":{"rop_custom_images_group":[],"rop_custom_messages_group":[],"rop_publish_now":"initial","rop_publish_now_accounts":[],"rop_publish_now_history":[],"rop_publish_now_status":"pending","jetpack_post_was_ever_published":false,"footnotes":""},"class_list":["post-16","page","type-page","status-publish","hentry"],"jetpack_sharing_enabled":true,"_links":{"self":[{"href":"https:\/\/redfilosofia.es\/laboratorio\/wp-json\/wp\/v2\/pages\/16","targetHints":{"allow":["GET"]}}],"collection":[{"href":"https:\/\/redfilosofia.es\/laboratorio\/wp-json\/wp\/v2\/pages"}],"about":[{"href":"https:\/\/redfilosofia.es\/laboratorio\/wp-json\/wp\/v2\/types\/page"}],"author":[{"embeddable":true,"href":"https:\/\/redfilosofia.es\/laboratorio\/wp-json\/wp\/v2\/users\/15"}],"replies":[{"embeddable":true,"href":"https:\/\/redfilosofia.es\/laboratorio\/wp-json\/wp\/v2\/comments?post=16"}],"version-history":[{"count":12,"href":"https:\/\/redfilosofia.es\/laboratorio\/wp-json\/wp\/v2\/pages\/16\/revisions"}],"predecessor-version":[{"id":7738,"href":"https:\/\/redfilosofia.es\/laboratorio\/wp-json\/wp\/v2\/pages\/16\/revisions\/7738"}],"wp:attachment":[{"href":"https:\/\/redfilosofia.es\/laboratorio\/wp-json\/wp\/v2\/media?parent=16"}],"curies":[{"name":"wp","href":"https:\/\/api.w.org\/{rel}","templated":true}]}}