{"id":25,"date":"2020-06-01T16:21:00","date_gmt":"2020-06-01T16:21:00","guid":{"rendered":"https:\/\/redfilosofia.es\/laboratorio\/?page_id=25"},"modified":"2026-01-20T12:13:13","modified_gmt":"2026-01-20T10:13:13","slug":"de-que-hablamos-en-el-foro","status":"publish","type":"page","link":"https:\/\/redfilosofia.es\/laboratorio\/de-que-hablamos-en-el-foro\/","title":{"rendered":"De qu\u00e9 hablamos"},"content":{"rendered":"\n<p>Uno de los objetivos principales de El Laboratorio consiste en promover un Foro de debate p\u00fablico, abierto y plural sobre el antropoceno, el decrecimiento y sus m\u00faltiples dimensiones sociales, tecnol\u00f3gicas y ecol\u00f3gicas. Podr\u00e1n participar en \u00e9l todas las personas de la comunidad filos\u00f3fica iberoamericana, pero tambi\u00e9n quienes cultiven otros campos del conocimiento y quienes residan en otros lugares del mundo y deseen intervenir en el debate.<\/p>\n\n\n\n<p>El equipo editorial de El Laboratorio propondr\u00e1 cada mes un nuevo tema de debate e invitar\u00e1 a dos o tres personas para que lo inicien con sus intervenciones, sea en formato de texto, entrevista o v\u00eddeo. Los temas de debate ser\u00e1n anunciados con antelaci\u00f3n, para que cualquier persona interesada pueda participar enviando sus reflexiones escritas o audiovisuales. Una vez recibidas, el equipo editorial de El Laboratorio valorar\u00e1 el inter\u00e9s de su publicaci\u00f3n. Todas las intervenciones podr\u00e1n ser objeto de comentarios por parte de los lectores y lectoras.<\/p>\n\n\n\n<p><\/p>\n\n\n\n<p><\/p>\n\n\n\n<p><\/p>\n","protected":false},"excerpt":{"rendered":"<p>Uno de los objetivos principales de El Laboratorio consiste en promover un Foro de debate p\u00fablico, abierto y plural sobre el antropoceno, el decrecimiento y [&#8230;]<\/p>\n","protected":false},"author":15,"featured_media":0,"parent":0,"menu_order":0,"comment_status":"closed","ping_status":"closed","template":"","meta":{"rop_custom_images_group":[],"rop_custom_messages_group":[],"rop_publish_now":"initial","rop_publish_now_accounts":[],"rop_publish_now_history":[],"rop_publish_now_status":"pending","jetpack_post_was_ever_published":false,"footnotes":""},"class_list":["post-25","page","type-page","status-publish","hentry"],"jetpack_sharing_enabled":true,"_links":{"self":[{"href":"https:\/\/redfilosofia.es\/laboratorio\/wp-json\/wp\/v2\/pages\/25","targetHints":{"allow":["GET"]}}],"collection":[{"href":"https:\/\/redfilosofia.es\/laboratorio\/wp-json\/wp\/v2\/pages"}],"about":[{"href":"https:\/\/redfilosofia.es\/laboratorio\/wp-json\/wp\/v2\/types\/page"}],"author":[{"embeddable":true,"href":"https:\/\/redfilosofia.es\/laboratorio\/wp-json\/wp\/v2\/users\/15"}],"replies":[{"embeddable":true,"href":"https:\/\/redfilosofia.es\/laboratorio\/wp-json\/wp\/v2\/comments?post=25"}],"version-history":[{"count":12,"href":"https:\/\/redfilosofia.es\/laboratorio\/wp-json\/wp\/v2\/pages\/25\/revisions"}],"predecessor-version":[{"id":7741,"href":"https:\/\/redfilosofia.es\/laboratorio\/wp-json\/wp\/v2\/pages\/25\/revisions\/7741"}],"wp:attachment":[{"href":"https:\/\/redfilosofia.es\/laboratorio\/wp-json\/wp\/v2\/media?parent=25"}],"curies":[{"name":"wp","href":"https:\/\/api.w.org\/{rel}","templated":true}]}}