{"id":27,"date":"2020-06-01T16:21:00","date_gmt":"2020-06-01T16:21:00","guid":{"rendered":"https:\/\/redfilosofia.es\/laboratorio\/?page_id=27"},"modified":"2026-01-20T12:14:39","modified_gmt":"2026-01-20T10:14:39","slug":"como-puedes-participar","status":"publish","type":"page","link":"https:\/\/redfilosofia.es\/laboratorio\/como-puedes-participar\/","title":{"rendered":"C\u00f3mo puedes participar"},"content":{"rendered":"\n<p>El Laboratorio propondr\u00e1 cada mes un nuevo tema de debate y lo anunciar\u00e1 con suficiente antelaci\u00f3n. Si deseas participar, puedes hacerlo a trav\u00e9s del formulario que se encuentra bajo estas l\u00edneas. Tu colaboraci\u00f3n deber\u00e1 ajustarse al tema propuesto para cada mes. Tambi\u00e9n puedes sugerirnos nuevos temas de debate. Adem\u00e1s, si te registras en la p\u00e1gina, podr\u00e1s comentar los textos, v\u00eddeos e im\u00e1genes que se publiquen en el Foro.<\/p>\n\n\n\n<p>En el Foro de debate podr\u00e1 participar cualquier persona interesada mediante el env\u00edo de un texto, un v\u00eddeo o una imagen. El equipo editorial de<em> <\/em>El Laboratorio valorar\u00e1 el inter\u00e9s de su publicaci\u00f3n. Los textos no superar\u00e1n las 800 palabras, las im\u00e1genes no tendr\u00e1n m\u00e1s de 10 MB y los videos no podr\u00e1n durar m\u00e1s de 15 minutos.<\/p>\n\n\n\n<p>Una vez publicadas, todas las colaboraciones ser\u00e1n susceptibles de comentarios por parte de cualquier lector o lectora, previo registro, para evitar comentarios an\u00f3nimos. El equipo editorial de El Laboratorio velar\u00e1 para que ni las colaboraciones ni los comentarios incluyan falsedades, insultos o injurias a personas o colectivos. <\/p>\n\n\n\n<p>[contact-form-7 id=\u00bb92&#8243;]<\/p>\n","protected":false},"excerpt":{"rendered":"<p>El Laboratorio propondr\u00e1 cada mes un nuevo tema de debate y lo anunciar\u00e1 con suficiente antelaci\u00f3n. Si deseas participar, puedes hacerlo a trav\u00e9s del formulario [&#8230;]<\/p>\n","protected":false},"author":15,"featured_media":0,"parent":0,"menu_order":0,"comment_status":"closed","ping_status":"closed","template":"","meta":{"rop_custom_images_group":[],"rop_custom_messages_group":[],"rop_publish_now":"initial","rop_publish_now_accounts":[],"rop_publish_now_history":[],"rop_publish_now_status":"pending","jetpack_post_was_ever_published":false,"footnotes":""},"class_list":["post-27","page","type-page","status-publish","hentry"],"jetpack_sharing_enabled":true,"_links":{"self":[{"href":"https:\/\/redfilosofia.es\/laboratorio\/wp-json\/wp\/v2\/pages\/27","targetHints":{"allow":["GET"]}}],"collection":[{"href":"https:\/\/redfilosofia.es\/laboratorio\/wp-json\/wp\/v2\/pages"}],"about":[{"href":"https:\/\/redfilosofia.es\/laboratorio\/wp-json\/wp\/v2\/types\/page"}],"author":[{"embeddable":true,"href":"https:\/\/redfilosofia.es\/laboratorio\/wp-json\/wp\/v2\/users\/15"}],"replies":[{"embeddable":true,"href":"https:\/\/redfilosofia.es\/laboratorio\/wp-json\/wp\/v2\/comments?post=27"}],"version-history":[{"count":11,"href":"https:\/\/redfilosofia.es\/laboratorio\/wp-json\/wp\/v2\/pages\/27\/revisions"}],"predecessor-version":[{"id":7742,"href":"https:\/\/redfilosofia.es\/laboratorio\/wp-json\/wp\/v2\/pages\/27\/revisions\/7742"}],"wp:attachment":[{"href":"https:\/\/redfilosofia.es\/laboratorio\/wp-json\/wp\/v2\/media?parent=27"}],"curies":[{"name":"wp","href":"https:\/\/api.w.org\/{rel}","templated":true}]}}