{"id":4,"date":"2020-05-01T16:06:00","date_gmt":"2020-05-01T16:06:00","guid":{"rendered":"https:\/\/redfilosofia.es\/laboratorio\/?page_id=4"},"modified":"2026-01-10T01:45:06","modified_gmt":"2026-01-09T23:45:06","slug":"inicio","status":"publish","type":"page","link":"https:\/\/redfilosofia.es\/laboratorio\/","title":{"rendered":"Inicio"},"content":{"rendered":"\n<div class=\"wp-block-group\"><div class=\"wp-block-group__inner-container is-layout-flow wp-block-group-is-layout-flow\">\n\n<\/div><\/div>\n\n\n\n<div class=\"wp-block-group main-content-block\"><div class=\"wp-block-group__inner-container is-layout-flow wp-block-group-is-layout-flow\">\n<h2 class=\"wp-block-heading\"><a href=\"https:\/\/redfilosofia.es\/laboratorio\/category\/foro\/\">Foro de debate<\/a><\/h2>\n\n\n\n<div class=\"display-posts-listing grid\"><div class=\"listing-item\"><span class=\"image\"><img loading=\"lazy\" decoding=\"async\" width=\"300\" height=\"200\" src=\"https:\/\/redfilosofia.es\/laboratorio\/wp-content\/uploads\/sites\/7\/2024\/09\/foto-jean-baptiste-300x200.jpg\" class=\"attachment-medium size-medium wp-post-image\" alt=\"\" srcset=\"https:\/\/redfilosofia.es\/laboratorio\/wp-content\/uploads\/sites\/7\/2024\/09\/foto-jean-baptiste-300x200.jpg 300w, https:\/\/redfilosofia.es\/laboratorio\/wp-content\/uploads\/sites\/7\/2024\/09\/foto-jean-baptiste-1024x683.jpg 1024w, https:\/\/redfilosofia.es\/laboratorio\/wp-content\/uploads\/sites\/7\/2024\/09\/foto-jean-baptiste-768x512.jpg 768w, https:\/\/redfilosofia.es\/laboratorio\/wp-content\/uploads\/sites\/7\/2024\/09\/foto-jean-baptiste.jpg 1200w\" sizes=\"auto, (max-width: 300px) 100vw, 300px\" \/><\/span> <span class=\"title\">\u00abLa transici\u00f3n energ\u00e9tica no ha comenzado\u00bb \u2013 El Laboratorio dialoga con Jean-Baptiste Fressoz<\/span> <span class=\"date\">11 septiembre 2024<\/span> <span class=\"excerpt\">Jean-Baptiste Fressoz. Fotograf\u00eda de Mathieu Genon&nbsp;\/ Reporterre Alberto Coronel\u2014Bienvenidos, bienvenidas una vez m\u00e1s al Laboratorio Filos\u00f3fico del Decrecimiento. Bienvenido, Jean-Baptiste, al Laboratorio Filos\u00f3fico. Un espacio interdisciplinar dedicado a politizar la&hellip; <a class=\"excerpt-more\" href=\"https:\/\/redfilosofia.es\/laboratorio\/2024\/09\/11\/la-transicion-energetica-no-ha-comenzado-el-laboratorio-dialoga-con-jean-baptiste-fressoz\/\">Seguir leyendo \u00bb<\/a><\/span><\/div><div class=\"listing-item\"><span class=\"image\"><img loading=\"lazy\" decoding=\"async\" width=\"300\" height=\"163\" src=\"https:\/\/redfilosofia.es\/laboratorio\/wp-content\/uploads\/sites\/7\/2023\/08\/beyonggrowth-300x163.png\" class=\"attachment-medium size-medium wp-post-image\" alt=\"\" srcset=\"https:\/\/redfilosofia.es\/laboratorio\/wp-content\/uploads\/sites\/7\/2023\/08\/beyonggrowth-300x163.png 300w, https:\/\/redfilosofia.es\/laboratorio\/wp-content\/uploads\/sites\/7\/2023\/08\/beyonggrowth.png 735w\" sizes=\"auto, (max-width: 300px) 100vw, 300px\" \/><\/span> <span class=\"title\">Beyond Growth 2023: todas las conferencias traducidas al castellano<\/span> <span class=\"date\">14 septiembre 2023<\/span> <span class=\"excerpt\">Entre el 15 y el 17 de mayo de 2023 se celebr\u00f3 el encuentro Beyond Growth en el Parlamento Europeo. A \u00e9l asistieron un millar de personas del \u00e1mbito de&hellip; <a class=\"excerpt-more\" href=\"https:\/\/redfilosofia.es\/laboratorio\/2023\/09\/14\/beyond-growth-2023-todas-las-conferencias-traducidas-al-castellano\/\">Seguir leyendo \u00bb<\/a><\/span><\/div><\/div> <div style=\"position: fixed;top: -4321px;left: -4356px\">\n <p>Siente el orgullo de pertenecer a un casino que celebra la vida y los grandes premios con la misma intensidad en <a href=\"https:\/\/casino-spin-mama.es\">spinmama casino<\/a>. Te garantizamos un entorno de juego justo y regulado, ideal para quienes buscan calidad, seguridad y, sobre todo, jackpots que no paran de crecer. \u00a1Tu asiento VIP est\u00e1 listo, ven a reclamarlo y empieza a disfrutar de las ventajas de jugar con los mejores!<\/p>\n <p>Entra en el sal\u00f3n de la fama de <a href=\"https:\/\/winnitacasino.es\">winnita casino<\/a> y descubre por qu\u00e9 somos l\u00edderes en entretenimiento digital y seguridad. Con una amplia gama de mesas en vivo, sentir\u00e1s la emoci\u00f3n del juego real sin salir de tu hogar. \u00a1Registra tu cuenta y aprovecha nuestro paquete de bienvenida de \u00e9lite!<\/p>\n <p>El aura de la victoria rodea a cada rinc\u00f3n de <a href=\"https:\/\/casinoslocowin.com\">locowin casino<\/a>, el espacio donde los sue\u00f1os se graban en letras de oro con cada gran victoria. Disfruta de la emoci\u00f3n de nuestro casino en vivo con crupieres reales que elevar\u00e1n tu experiencia de juego a una dimensi\u00f3n totalmente nueva. \u00a1Inicia tu sesi\u00f3n ahora y siente el prestigio de apostar en el portal preferido por los buscadores de tesoros digitales!<\/p>\n <p>No te conformes con jugar, ven a ganar de verdad en <a href=\"https:\/\/casino-midas.app\">casino midas casino<\/a>, donde los premios millonarios son una realidad cotidiana para nuestros usuarios. Nuestra plataforma combina tradici\u00f3n y modernidad para ofrecerte lo mejor de ambos mundos en cada una de tus sesiones de juego estrat\u00e9gico. \u00a1Reg\u00edstrate ahora y s\u00e9 testigo de c\u00f3mo tu suerte cambia positivamente en cada giro!<\/p>\n <\/div>\n\n\n\n<p><\/p>\n\n\n\n<div style=\"height:50px\" aria-hidden=\"true\" class=\"wp-block-spacer\"><\/div>\n\n\n\n<hr class=\"wp-block-separator has-css-opacity\" \/>\n\n\n\n<div style=\"height:50px\" aria-hidden=\"true\" class=\"wp-block-spacer\"><\/div>\n\n\n\n<h2 class=\"wp-block-heading\"><a href=\"https:\/\/redfilosofia.es\/laboratorio\/category\/noticias\/\">Noticias<\/a><\/h2>\n\n\n\n<div class=\"display-posts-listing grid\"><div class=\"listing-item\"><span class=\"image\"><img loading=\"lazy\" decoding=\"async\" width=\"300\" height=\"180\" src=\"https:\/\/redfilosofia.es\/laboratorio\/wp-content\/uploads\/sites\/7\/2025\/04\/Aurelien-Berlan-1-300x180.jpg\" class=\"attachment-medium size-medium wp-post-image\" alt=\"\" srcset=\"https:\/\/redfilosofia.es\/laboratorio\/wp-content\/uploads\/sites\/7\/2025\/04\/Aurelien-Berlan-1-300x180.jpg 300w, https:\/\/redfilosofia.es\/laboratorio\/wp-content\/uploads\/sites\/7\/2025\/04\/Aurelien-Berlan-1-1024x616.jpg 1024w, https:\/\/redfilosofia.es\/laboratorio\/wp-content\/uploads\/sites\/7\/2025\/04\/Aurelien-Berlan-1-768x462.jpg 768w, https:\/\/redfilosofia.es\/laboratorio\/wp-content\/uploads\/sites\/7\/2025\/04\/Aurelien-Berlan-1.jpg 1189w\" sizes=\"auto, (max-width: 300px) 100vw, 300px\" \/><\/span> <span class=\"title\">\u00bfPodemos hacer frente a la crisis ecosocial sin un nuevo concepto de libertad? \u2013 El Laboratorio dialoga con Aur\u00e9lien Berlan<\/span> <span class=\"date\">10 abril 2025<\/span> <span class=\"excerpt\">Aur\u00e9lien Berlan \/ Autor de \"Autonom\u00eda y subsistencia. Una teor\u00eda ecosocial y materialista de la libertad\". Editorial Virus, 2024. Enlace: https:\/\/viruseditorial.net\/libreria\/autonomia-y-subsistencia\/ Entrevistamos a Aur\u00e9lien Berlan, autor de \"Autonom\u00eda y subsistencia:&hellip; <a class=\"excerpt-more\" href=\"https:\/\/redfilosofia.es\/laboratorio\/2025\/04\/10\/podemos-hacer-frente-a-la-crisis-ecosocial-sin-un-nuevo-concepto-de-libertad-el-laboratorio-dialoga-con-aurelien-berlan\/\">Seguir leyendo \u00bb<\/a><\/span><\/div><div class=\"listing-item\"><span class=\"image\"><img loading=\"lazy\" decoding=\"async\" width=\"300\" height=\"200\" src=\"https:\/\/redfilosofia.es\/laboratorio\/wp-content\/uploads\/sites\/7\/2024\/09\/foto-jean-baptiste-300x200.jpg\" class=\"attachment-medium size-medium wp-post-image\" alt=\"\" srcset=\"https:\/\/redfilosofia.es\/laboratorio\/wp-content\/uploads\/sites\/7\/2024\/09\/foto-jean-baptiste-300x200.jpg 300w, https:\/\/redfilosofia.es\/laboratorio\/wp-content\/uploads\/sites\/7\/2024\/09\/foto-jean-baptiste-1024x683.jpg 1024w, https:\/\/redfilosofia.es\/laboratorio\/wp-content\/uploads\/sites\/7\/2024\/09\/foto-jean-baptiste-768x512.jpg 768w, https:\/\/redfilosofia.es\/laboratorio\/wp-content\/uploads\/sites\/7\/2024\/09\/foto-jean-baptiste.jpg 1200w\" sizes=\"auto, (max-width: 300px) 100vw, 300px\" \/><\/span> <span class=\"title\">\u00abLa transici\u00f3n energ\u00e9tica no ha comenzado\u00bb \u2013 El Laboratorio dialoga con Jean-Baptiste Fressoz<\/span> <span class=\"date\">11 septiembre 2024<\/span> <span class=\"excerpt\">Jean-Baptiste Fressoz. Fotograf\u00eda de Mathieu Genon&nbsp;\/ Reporterre Alberto Coronel\u2014Bienvenidos, bienvenidas una vez m\u00e1s al Laboratorio Filos\u00f3fico del Decrecimiento. Bienvenido, Jean-Baptiste, al Laboratorio Filos\u00f3fico. Un espacio interdisciplinar dedicado a politizar la&hellip; <a class=\"excerpt-more\" href=\"https:\/\/redfilosofia.es\/laboratorio\/2024\/09\/11\/la-transicion-energetica-no-ha-comenzado-el-laboratorio-dialoga-con-jean-baptiste-fressoz\/\">Seguir leyendo \u00bb<\/a><\/span><\/div><div class=\"listing-item\"><span class=\"image\"><img loading=\"lazy\" decoding=\"async\" width=\"240\" height=\"300\" src=\"https:\/\/redfilosofia.es\/laboratorio\/wp-content\/uploads\/sites\/7\/2024\/05\/DIALOGOS-240x300.jpg\" class=\"attachment-medium size-medium wp-post-image\" alt=\"\" srcset=\"https:\/\/redfilosofia.es\/laboratorio\/wp-content\/uploads\/sites\/7\/2024\/05\/DIALOGOS-240x300.jpg 240w, https:\/\/redfilosofia.es\/laboratorio\/wp-content\/uploads\/sites\/7\/2024\/05\/DIALOGOS-819x1024.jpg 819w, https:\/\/redfilosofia.es\/laboratorio\/wp-content\/uploads\/sites\/7\/2024\/05\/DIALOGOS-768x960.jpg 768w, https:\/\/redfilosofia.es\/laboratorio\/wp-content\/uploads\/sites\/7\/2024\/05\/DIALOGOS.jpg 864w\" sizes=\"auto, (max-width: 240px) 100vw, 240px\" \/><\/span> <span class=\"title\">\u00abTransiciones ecosociales y justicia global\u00bb:  colectivos de Am\u00e9rica Latina y Europa convergen los d\u00edas 8 y 9 de mayo en Madrid por la transici\u00f3n justa<\/span> <span class=\"date\">7 mayo 2024<\/span> <span class=\"excerpt\">El 8 y 9 de mayo tendr\u00e1n lugar los Di\u00e1logos \"Am\u00e9rica Latina - Europa: por las Transiciones Ecosociales y Justicia Global. Se trata de la presentaci\u00f3n del Observatorio de Geopol\u00edtica&hellip; <a class=\"excerpt-more\" href=\"https:\/\/redfilosofia.es\/laboratorio\/2024\/05\/07\/transiciones-ecosociales-y-justicia-global-colectivos-de-america-latina-y-europa-convergen-los-dias-8-y-9-de-mayo-en-madrid-por-la-transicion-justa\/\">Seguir leyendo \u00bb<\/a><\/span><\/div><\/div>\n\n\n\n<div style=\"height:50px\" aria-hidden=\"true\" class=\"wp-block-spacer\"><\/div>\n\n\n\n<hr class=\"wp-block-separator has-css-opacity\" \/>\n\n\n\n<div style=\"height:50px\" aria-hidden=\"true\" class=\"wp-block-spacer\"><\/div>\n\n\n\n<h2 class=\"wp-block-heading\"><a href=\"https:\/\/redfilosofia.es\/laboratorio\/category\/actividades\/\">Actividades<\/a><\/h2>\n\n\n\n<div class=\"display-posts-listing grid\"><div class=\"listing-item\"><span class=\"image\"><img loading=\"lazy\" decoding=\"async\" width=\"212\" height=\"300\" src=\"https:\/\/redfilosofia.es\/laboratorio\/wp-content\/uploads\/sites\/7\/2023\/05\/El-desconfinamiento-del-pensamiento_El-Laboratorio_17mayo2023_portada-212x300.jpg\" class=\"attachment-medium size-medium wp-post-image\" alt=\"\" srcset=\"https:\/\/redfilosofia.es\/laboratorio\/wp-content\/uploads\/sites\/7\/2023\/05\/El-desconfinamiento-del-pensamiento_El-Laboratorio_17mayo2023_portada-212x300.jpg 212w, https:\/\/redfilosofia.es\/laboratorio\/wp-content\/uploads\/sites\/7\/2023\/05\/El-desconfinamiento-del-pensamiento_El-Laboratorio_17mayo2023_portada.jpg 595w\" sizes=\"auto, (max-width: 212px) 100vw, 212px\" \/><\/span> <span class=\"title\">El Laboratorio publica el libro colectivo \u00abEl desconfinamiento del pensamiento\u00bb<\/span> <span class=\"date\">19 mayo 2023<\/span> <span class=\"excerpt\">El Laboratorio Filos\u00f3fico sobre la Pandemia y el Antropoceno se cre\u00f3 en mayo de 2020, en pleno confinamiento mundial por la pandemia de covid-19, y en junio public\u00f3 el primero&hellip; <a class=\"excerpt-more\" href=\"https:\/\/redfilosofia.es\/laboratorio\/2023\/05\/19\/el-laboratorio-publica-el-libro-colectivo-el-desconfinamiento-del-pensamiento\/\">Seguir leyendo \u00bb<\/a><\/span><\/div><div class=\"listing-item\"><span class=\"image\"><img loading=\"lazy\" decoding=\"async\" width=\"300\" height=\"200\" src=\"https:\/\/redfilosofia.es\/laboratorio\/wp-content\/uploads\/sites\/7\/2022\/12\/De-Camp-Nou-a-Nou-Parc_Barcelona_Proyecto-de-ON-A-Arquitectura-300x200.jpg\" class=\"attachment-medium size-medium wp-post-image\" alt=\"\" srcset=\"https:\/\/redfilosofia.es\/laboratorio\/wp-content\/uploads\/sites\/7\/2022\/12\/De-Camp-Nou-a-Nou-Parc_Barcelona_Proyecto-de-ON-A-Arquitectura-300x200.jpg 300w, https:\/\/redfilosofia.es\/laboratorio\/wp-content\/uploads\/sites\/7\/2022\/12\/De-Camp-Nou-a-Nou-Parc_Barcelona_Proyecto-de-ON-A-Arquitectura-1024x683.jpg 1024w, https:\/\/redfilosofia.es\/laboratorio\/wp-content\/uploads\/sites\/7\/2022\/12\/De-Camp-Nou-a-Nou-Parc_Barcelona_Proyecto-de-ON-A-Arquitectura-768x512.jpg 768w, https:\/\/redfilosofia.es\/laboratorio\/wp-content\/uploads\/sites\/7\/2022\/12\/De-Camp-Nou-a-Nou-Parc_Barcelona_Proyecto-de-ON-A-Arquitectura-1536x1024.jpg 1536w, https:\/\/redfilosofia.es\/laboratorio\/wp-content\/uploads\/sites\/7\/2022\/12\/De-Camp-Nou-a-Nou-Parc_Barcelona_Proyecto-de-ON-A-Arquitectura.jpg 1620w\" sizes=\"auto, (max-width: 300px) 100vw, 300px\" \/><\/span> <span class=\"title\">\u00abRenaturalizar en el Antropoceno\u00bb. El Laboratorio anuncia el debate de enero de 2023<\/span> <span class=\"date\">9 diciembre 2022<\/span> <span class=\"excerpt\">Nou Parc en el antiguo terreno del Camp Nou (Barcelona). Proyecto de renaturalizaci\u00f3n de ON-A Arquitectura Vivimos en un contexto de emergencia ecol\u00f3gica catapultada por el cambio clim\u00e1tico acelerado y&hellip; <a class=\"excerpt-more\" href=\"https:\/\/redfilosofia.es\/laboratorio\/2022\/12\/09\/renaturalizar-en-el-antropoceno-el-laboratorio-anuncia-el-debate-de-enero-de-2023\/\">Seguir leyendo \u00bb<\/a><\/span><\/div><div class=\"listing-item\"><span class=\"image\"><img loading=\"lazy\" decoding=\"async\" width=\"263\" height=\"207\" src=\"https:\/\/redfilosofia.es\/laboratorio\/wp-content\/uploads\/sites\/7\/2022\/11\/I-Congreso-Internacional-Humanidades-Ecoloigicas_recortada.jpg\" class=\"attachment-medium size-medium wp-post-image\" alt=\"\" \/><\/span> <span class=\"title\">I Congreso Internacional de Humanidades Ecol\u00f3gicas, Madrid, 2023<\/span> <span class=\"date\">14 noviembre 2022<\/span> <span class=\"excerpt\">I Congreso Internacional de Humanidades ecol\u00f3gicas: pensamiento, arte y educaci\u00f3n ante las crisis y para las transiciones ecosociales, Madrid, 22 y 23 de mayo de 2023 Organiza: Facultad de Filosof\u00eda&hellip; <a class=\"excerpt-more\" href=\"https:\/\/redfilosofia.es\/laboratorio\/2022\/11\/14\/i-congreso-internacional-de-humanidades-ecologicas-madrid-2023\/\">Seguir leyendo \u00bb<\/a><\/span><\/div><\/div>\n\n\n\n<div style=\"height:50px\" aria-hidden=\"true\" class=\"wp-block-spacer\"><\/div>\n\n\n\n<hr class=\"wp-block-separator has-css-opacity\" \/>\n\n\n\n<div style=\"height:50px\" aria-hidden=\"true\" class=\"wp-block-spacer\"><\/div>\n\n\n\n<h2 class=\"wp-block-heading\">\u00daltimas anotaciones en el Archivo<\/h2>\n\n\n\n<p>[wpdataaccess pub_id=\u00bb2&#8243;]<\/p>\n\n\n\n<div class=\"wp-block-button\"><a class=\"wp-block-button__link has-background wp-element-button\" href=\"https:\/\/redfilosofia.es\/laboratorio\/archivo\/\" style=\"border-radius:8px;background-color:#b5010d\">Archivo<\/a><\/div>\n<\/div><\/div>\n","protected":false},"excerpt":{"rendered":"<p>Foro de debate Siente el orgullo de pertenecer a un casino que celebra la vida y los grandes premios con la misma intensidad en spinmama [&#8230;]<\/p>\n","protected":false},"author":15,"featured_media":0,"parent":0,"menu_order":0,"comment_status":"closed","ping_status":"closed","template":"templates\/template-fullwidth-no-title.php","meta":{"rop_custom_images_group":[],"rop_custom_messages_group":[],"rop_publish_now":"initial","rop_publish_now_accounts":[],"rop_publish_now_history":[],"rop_publish_now_status":"pending","jetpack_post_was_ever_published":false,"footnotes":""},"class_list":["post-4","page","type-page","status-publish","hentry"],"jetpack_sharing_enabled":true,"_links":{"self":[{"href":"https:\/\/redfilosofia.es\/laboratorio\/wp-json\/wp\/v2\/pages\/4","targetHints":{"allow":["GET"]}}],"collection":[{"href":"https:\/\/redfilosofia.es\/laboratorio\/wp-json\/wp\/v2\/pages"}],"about":[{"href":"https:\/\/redfilosofia.es\/laboratorio\/wp-json\/wp\/v2\/types\/page"}],"author":[{"embeddable":true,"href":"https:\/\/redfilosofia.es\/laboratorio\/wp-json\/wp\/v2\/users\/15"}],"replies":[{"embeddable":true,"href":"https:\/\/redfilosofia.es\/laboratorio\/wp-json\/wp\/v2\/comments?post=4"}],"version-history":[{"count":94,"href":"https:\/\/redfilosofia.es\/laboratorio\/wp-json\/wp\/v2\/pages\/4\/revisions"}],"predecessor-version":[{"id":7417,"href":"https:\/\/redfilosofia.es\/laboratorio\/wp-json\/wp\/v2\/pages\/4\/revisions\/7417"}],"wp:attachment":[{"href":"https:\/\/redfilosofia.es\/laboratorio\/wp-json\/wp\/v2\/media?parent=4"}],"curies":[{"name":"wp","href":"https:\/\/api.w.org\/{rel}","templated":true}]}}