{"id":49,"date":"2020-06-01T17:05:00","date_gmt":"2020-06-01T17:05:00","guid":{"rendered":"https:\/\/redfilosofia.es\/laboratorio\/?page_id=49"},"modified":"2023-05-15T16:39:33","modified_gmt":"2023-05-15T14:39:33","slug":"noticias","status":"publish","type":"page","link":"https:\/\/redfilosofia.es\/laboratorio\/noticias\/","title":{"rendered":"Noticias"},"content":{"rendered":"\n<div class=\"display-posts-listing grid\"><div class=\"listing-item\"><span class=\"image\"><img loading=\"lazy\" decoding=\"async\" width=\"300\" height=\"180\" src=\"https:\/\/redfilosofia.es\/laboratorio\/wp-content\/uploads\/sites\/7\/2025\/04\/Aurelien-Berlan-1-300x180.jpg\" class=\"attachment-medium size-medium wp-post-image\" alt=\"\" srcset=\"https:\/\/redfilosofia.es\/laboratorio\/wp-content\/uploads\/sites\/7\/2025\/04\/Aurelien-Berlan-1-300x180.jpg 300w, https:\/\/redfilosofia.es\/laboratorio\/wp-content\/uploads\/sites\/7\/2025\/04\/Aurelien-Berlan-1-1024x616.jpg 1024w, https:\/\/redfilosofia.es\/laboratorio\/wp-content\/uploads\/sites\/7\/2025\/04\/Aurelien-Berlan-1-768x462.jpg 768w, https:\/\/redfilosofia.es\/laboratorio\/wp-content\/uploads\/sites\/7\/2025\/04\/Aurelien-Berlan-1.jpg 1189w\" sizes=\"auto, (max-width: 300px) 100vw, 300px\" \/><\/span> <span class=\"title\">\u00bfPodemos hacer frente a la crisis ecosocial sin un nuevo concepto de libertad? \u2013 El Laboratorio dialoga con Aur\u00e9lien Berlan<\/span> <span class=\"date\">10 abril 2025<\/span> <span class=\"excerpt\">Aur\u00e9lien Berlan \/ Autor de \"Autonom\u00eda y subsistencia. Una teor\u00eda ecosocial y materialista de la libertad\". Editorial Virus, 2024. Enlace: https:\/\/viruseditorial.net\/libreria\/autonomia-y-subsistencia\/ Entrevistamos a Aur\u00e9lien Berlan, autor de \"Autonom\u00eda y subsistencia:&hellip; <a class=\"excerpt-more\" href=\"https:\/\/redfilosofia.es\/laboratorio\/2025\/04\/10\/podemos-hacer-frente-a-la-crisis-ecosocial-sin-un-nuevo-concepto-de-libertad-el-laboratorio-dialoga-con-aurelien-berlan\/\">Seguir leyendo \u00bb<\/a><\/span><\/div><div class=\"listing-item\"><span class=\"image\"><img loading=\"lazy\" decoding=\"async\" width=\"300\" height=\"200\" src=\"https:\/\/redfilosofia.es\/laboratorio\/wp-content\/uploads\/sites\/7\/2024\/09\/foto-jean-baptiste-300x200.jpg\" class=\"attachment-medium size-medium wp-post-image\" alt=\"\" srcset=\"https:\/\/redfilosofia.es\/laboratorio\/wp-content\/uploads\/sites\/7\/2024\/09\/foto-jean-baptiste-300x200.jpg 300w, https:\/\/redfilosofia.es\/laboratorio\/wp-content\/uploads\/sites\/7\/2024\/09\/foto-jean-baptiste-1024x683.jpg 1024w, https:\/\/redfilosofia.es\/laboratorio\/wp-content\/uploads\/sites\/7\/2024\/09\/foto-jean-baptiste-768x512.jpg 768w, https:\/\/redfilosofia.es\/laboratorio\/wp-content\/uploads\/sites\/7\/2024\/09\/foto-jean-baptiste.jpg 1200w\" sizes=\"auto, (max-width: 300px) 100vw, 300px\" \/><\/span> <span class=\"title\">\u00abLa transici\u00f3n energ\u00e9tica no ha comenzado\u00bb \u2013 El Laboratorio dialoga con Jean-Baptiste Fressoz<\/span> <span class=\"date\">11 septiembre 2024<\/span> <span class=\"excerpt\">Jean-Baptiste Fressoz. Fotograf\u00eda de Mathieu Genon&nbsp;\/ Reporterre Alberto Coronel\u2014Bienvenidos, bienvenidas una vez m\u00e1s al Laboratorio Filos\u00f3fico del Decrecimiento. Bienvenido, Jean-Baptiste, al Laboratorio Filos\u00f3fico. Un espacio interdisciplinar dedicado a politizar la&hellip; <a class=\"excerpt-more\" href=\"https:\/\/redfilosofia.es\/laboratorio\/2024\/09\/11\/la-transicion-energetica-no-ha-comenzado-el-laboratorio-dialoga-con-jean-baptiste-fressoz\/\">Seguir leyendo \u00bb<\/a><\/span><\/div><div class=\"listing-item\"><span class=\"image\"><img loading=\"lazy\" decoding=\"async\" width=\"240\" height=\"300\" src=\"https:\/\/redfilosofia.es\/laboratorio\/wp-content\/uploads\/sites\/7\/2024\/05\/DIALOGOS-240x300.jpg\" class=\"attachment-medium size-medium wp-post-image\" alt=\"\" srcset=\"https:\/\/redfilosofia.es\/laboratorio\/wp-content\/uploads\/sites\/7\/2024\/05\/DIALOGOS-240x300.jpg 240w, https:\/\/redfilosofia.es\/laboratorio\/wp-content\/uploads\/sites\/7\/2024\/05\/DIALOGOS-819x1024.jpg 819w, https:\/\/redfilosofia.es\/laboratorio\/wp-content\/uploads\/sites\/7\/2024\/05\/DIALOGOS-768x960.jpg 768w, https:\/\/redfilosofia.es\/laboratorio\/wp-content\/uploads\/sites\/7\/2024\/05\/DIALOGOS.jpg 864w\" sizes=\"auto, (max-width: 240px) 100vw, 240px\" \/><\/span> <span class=\"title\">\u00abTransiciones ecosociales y justicia global\u00bb:  colectivos de Am\u00e9rica Latina y Europa convergen los d\u00edas 8 y 9 de mayo en Madrid por la transici\u00f3n justa<\/span> <span class=\"date\">7 mayo 2024<\/span> <span class=\"excerpt\">El 8 y 9 de mayo tendr\u00e1n lugar los Di\u00e1logos \"Am\u00e9rica Latina - Europa: por las Transiciones Ecosociales y Justicia Global. Se trata de la presentaci\u00f3n del Observatorio de Geopol\u00edtica&hellip; <a class=\"excerpt-more\" href=\"https:\/\/redfilosofia.es\/laboratorio\/2024\/05\/07\/transiciones-ecosociales-y-justicia-global-colectivos-de-america-latina-y-europa-convergen-los-dias-8-y-9-de-mayo-en-madrid-por-la-transicion-justa\/\">Seguir leyendo \u00bb<\/a><\/span><\/div><div class=\"listing-item\"><span class=\"image\"><img loading=\"lazy\" decoding=\"async\" width=\"300\" height=\"300\" src=\"https:\/\/redfilosofia.es\/laboratorio\/wp-content\/uploads\/sites\/7\/2023\/05\/cropped-Logo-concha-negro-300x300.jpg\" class=\"attachment-medium size-medium wp-post-image\" alt=\"\" srcset=\"https:\/\/redfilosofia.es\/laboratorio\/wp-content\/uploads\/sites\/7\/2023\/05\/cropped-Logo-concha-negro-300x300.jpg 300w, https:\/\/redfilosofia.es\/laboratorio\/wp-content\/uploads\/sites\/7\/2023\/05\/cropped-Logo-concha-negro-150x150.jpg 150w, https:\/\/redfilosofia.es\/laboratorio\/wp-content\/uploads\/sites\/7\/2023\/05\/cropped-Logo-concha-negro-270x270.jpg 270w, https:\/\/redfilosofia.es\/laboratorio\/wp-content\/uploads\/sites\/7\/2023\/05\/cropped-Logo-concha-negro-192x192.jpg 192w, https:\/\/redfilosofia.es\/laboratorio\/wp-content\/uploads\/sites\/7\/2023\/05\/cropped-Logo-concha-negro-180x180.jpg 180w, https:\/\/redfilosofia.es\/laboratorio\/wp-content\/uploads\/sites\/7\/2023\/05\/cropped-Logo-concha-negro-32x32.jpg 32w, https:\/\/redfilosofia.es\/laboratorio\/wp-content\/uploads\/sites\/7\/2023\/05\/cropped-Logo-concha-negro.jpg 512w\" sizes=\"auto, (max-width: 300px) 100vw, 300px\" \/><\/span> <span class=\"title\">\u00a1Arranca el Laboratorio Filos\u00f3fico del Antropoceno y del Decrecimiento! Actividades programadas para septiembre y octubre de 2023<\/span> <span class=\"date\">8 septiembre 2023<\/span> <span class=\"excerpt\">Tras varios meses de trabajo para la transici\u00f3n, el El Laboratorio Filos\u00f3fico del Antropoceno y del Decrecimiento (@DegrowthLAB), vinculado a la Red Espa\u00f1ola de Filosof\u00eda (REF) y a la Red&hellip; <a class=\"excerpt-more\" href=\"https:\/\/redfilosofia.es\/laboratorio\/2023\/09\/08\/arranca-el-laboratorio-filosofico-del-antropoceno-y-del-decrecimiento-actividades-programadas-para-septiembre-y-octubre-de-2023\/\">Seguir leyendo \u00bb<\/a><\/span><\/div><div class=\"listing-item\"><span class=\"image\"><img loading=\"lazy\" decoding=\"async\" width=\"300\" height=\"200\" src=\"https:\/\/redfilosofia.es\/laboratorio\/wp-content\/uploads\/sites\/7\/2023\/03\/Unsplash-Thomas-Millot_Torre-de-enfriamiento-de-la-central-nuclear-de-Cattenom-Francia-300x200.jpg\" class=\"attachment-medium size-medium wp-post-image\" alt=\"\" srcset=\"https:\/\/redfilosofia.es\/laboratorio\/wp-content\/uploads\/sites\/7\/2023\/03\/Unsplash-Thomas-Millot_Torre-de-enfriamiento-de-la-central-nuclear-de-Cattenom-Francia-300x200.jpg 300w, https:\/\/redfilosofia.es\/laboratorio\/wp-content\/uploads\/sites\/7\/2023\/03\/Unsplash-Thomas-Millot_Torre-de-enfriamiento-de-la-central-nuclear-de-Cattenom-Francia-768x512.jpg 768w, https:\/\/redfilosofia.es\/laboratorio\/wp-content\/uploads\/sites\/7\/2023\/03\/Unsplash-Thomas-Millot_Torre-de-enfriamiento-de-la-central-nuclear-de-Cattenom-Francia.jpg 1024w\" sizes=\"auto, (max-width: 300px) 100vw, 300px\" \/><\/span> <span class=\"title\">La contaminaci\u00f3n mata a nueve millones de personas al a\u00f1o, m\u00e1s que la covid-19<\/span> <span class=\"date\">29 marzo 2023<\/span> <span class=\"excerpt\">Unsplash \/ Thomas Millot. Torre de enfriamiento de la central nuclear de Cattenom (Francia) Reproducimos la noticia publicada por la ONU el 16 de febrero de 2022. Un informe revela&hellip; <a class=\"excerpt-more\" href=\"https:\/\/redfilosofia.es\/laboratorio\/2023\/03\/29\/la-contaminacion-mata-nueve-millones-de-personas-al-ano-el-doble-que-el-covid-19\/\">Seguir leyendo \u00bb<\/a><\/span><\/div><div class=\"listing-item\"><span class=\"image\"><img loading=\"lazy\" decoding=\"async\" width=\"300\" height=\"169\" src=\"https:\/\/redfilosofia.es\/laboratorio\/wp-content\/uploads\/sites\/7\/2023\/03\/IPCC_2023-300x169.jpg\" class=\"attachment-medium size-medium wp-post-image\" alt=\"\" srcset=\"https:\/\/redfilosofia.es\/laboratorio\/wp-content\/uploads\/sites\/7\/2023\/03\/IPCC_2023-300x169.jpg 300w, https:\/\/redfilosofia.es\/laboratorio\/wp-content\/uploads\/sites\/7\/2023\/03\/IPCC_2023-768x432.jpg 768w, https:\/\/redfilosofia.es\/laboratorio\/wp-content\/uploads\/sites\/7\/2023\/03\/IPCC_2023.jpg 800w\" sizes=\"auto, (max-width: 300px) 100vw, 300px\" \/><\/span> <span class=\"title\">El informe de s\u00edntesis del IPCC: \u00abEl tiempo para limitar el calentamiento global se acaba\u00bb<\/span> <span class=\"date\">20 marzo 2023<\/span> <span class=\"excerpt\">La ONU ha publicado hoy, 20 de marzo de 2023, el informe de s\u00edntesis del Sexto Ciclo de Evaluaci\u00f3n del IPCC que se inici\u00f3 en 2015. En las 36 p\u00e1ginas&hellip; <a class=\"excerpt-more\" href=\"https:\/\/redfilosofia.es\/laboratorio\/2023\/03\/20\/el-informe-de-sintesis-del-ipcc-el-tiempo-para-limitar-el-calentamiento-global-se-acaba\/\">Seguir leyendo \u00bb<\/a><\/span><\/div><div class=\"listing-item\"><span class=\"image\"><img loading=\"lazy\" decoding=\"async\" width=\"300\" height=\"203\" src=\"https:\/\/redfilosofia.es\/laboratorio\/wp-content\/uploads\/sites\/7\/2023\/03\/Fondos-marinos-300x203.jpeg\" class=\"attachment-medium size-medium wp-post-image\" alt=\"\" srcset=\"https:\/\/redfilosofia.es\/laboratorio\/wp-content\/uploads\/sites\/7\/2023\/03\/Fondos-marinos-300x203.jpeg 300w, https:\/\/redfilosofia.es\/laboratorio\/wp-content\/uploads\/sites\/7\/2023\/03\/Fondos-marinos-1024x693.jpeg 1024w, https:\/\/redfilosofia.es\/laboratorio\/wp-content\/uploads\/sites\/7\/2023\/03\/Fondos-marinos-768x520.jpeg 768w, https:\/\/redfilosofia.es\/laboratorio\/wp-content\/uploads\/sites\/7\/2023\/03\/Fondos-marinos.jpeg 1245w\" sizes=\"auto, (max-width: 300px) 100vw, 300px\" \/><\/span> <span class=\"title\">La ONU aprueba el Tratado Global de los Oc\u00e9anos<\/span> <span class=\"date\">7 marzo 2023<\/span> <span class=\"excerpt\">Este acuerdo mantiene vivo el objetivo de proteger el 30% de los oc\u00e9anos para 2030 Pa\u00edses como Espa\u00f1a, entre otros, han sido actores clave para conseguir el acuerdo Los pa\u00edses&hellip; <a class=\"excerpt-more\" href=\"https:\/\/redfilosofia.es\/laboratorio\/2023\/03\/07\/la-onu-aprueba-el-tratado-global-de-los-oceanos\/\">Seguir leyendo \u00bb<\/a><\/span><\/div><div class=\"listing-item\"><span class=\"image\"><img loading=\"lazy\" decoding=\"async\" width=\"300\" height=\"205\" src=\"https:\/\/redfilosofia.es\/laboratorio\/wp-content\/uploads\/sites\/7\/2022\/12\/COP15-sobre-Biodiversidad-300x205.jpg\" class=\"attachment-medium size-medium wp-post-image\" alt=\"\" srcset=\"https:\/\/redfilosofia.es\/laboratorio\/wp-content\/uploads\/sites\/7\/2022\/12\/COP15-sobre-Biodiversidad-300x205.jpg 300w, https:\/\/redfilosofia.es\/laboratorio\/wp-content\/uploads\/sites\/7\/2022\/12\/COP15-sobre-Biodiversidad-768x526.jpg 768w, https:\/\/redfilosofia.es\/laboratorio\/wp-content\/uploads\/sites\/7\/2022\/12\/COP15-sobre-Biodiversidad.jpg 799w\" sizes=\"auto, (max-width: 300px) 100vw, 300px\" \/><\/span> <span class=\"title\">La COP15 acuerda proteger el 30% de la Tierra en 2030 para frenar la p\u00e9rdida de biodiversidad<\/span> <span class=\"date\">22 diciembre 2022<\/span> <span class=\"excerpt\">El Marco mundial de diversidad biol\u00f3gica fue aprobado en la COP 15. Foto del CDB. Las negociaciones de la ONU concluyen en Montreal con compromisos para restaurar \u00e1reas degradadas, frenar&hellip; <a class=\"excerpt-more\" href=\"https:\/\/redfilosofia.es\/laboratorio\/2022\/12\/22\/la-cop15-acuerda-proteger-el-30-de-la-tierra-en-2030-para-frenar-la-perdida-de-biodiversidad\/\">Seguir leyendo \u00bb<\/a><\/span><\/div><div class=\"listing-item\"><span class=\"image\"><img loading=\"lazy\" decoding=\"async\" width=\"300\" height=\"214\" src=\"https:\/\/redfilosofia.es\/laboratorio\/wp-content\/uploads\/sites\/7\/2022\/12\/Lince-en-Mazarambroz_Toledo_EFEverde_recortado-300x214.jpg\" class=\"attachment-medium size-medium wp-post-image\" alt=\"\" srcset=\"https:\/\/redfilosofia.es\/laboratorio\/wp-content\/uploads\/sites\/7\/2022\/12\/Lince-en-Mazarambroz_Toledo_EFEverde_recortado-300x214.jpg 300w, https:\/\/redfilosofia.es\/laboratorio\/wp-content\/uploads\/sites\/7\/2022\/12\/Lince-en-Mazarambroz_Toledo_EFEverde_recortado-1024x732.jpg 1024w, https:\/\/redfilosofia.es\/laboratorio\/wp-content\/uploads\/sites\/7\/2022\/12\/Lince-en-Mazarambroz_Toledo_EFEverde_recortado-768x549.jpg 768w, https:\/\/redfilosofia.es\/laboratorio\/wp-content\/uploads\/sites\/7\/2022\/12\/Lince-en-Mazarambroz_Toledo_EFEverde_recortado.jpg 1248w\" sizes=\"auto, (max-width: 300px) 100vw, 300px\" \/><\/span> <span class=\"title\">COP15 de Montreal: biodiversidad y supervivencia<\/span> <span class=\"date\">13 diciembre 2022<\/span> <span class=\"excerpt\">Lince en Mazarambroz (Toledo). EFEverde Estos d\u00edas est\u00e1 teniendo lugar la COP-15 del Convenio de Naciones Unidas sobre la Diversidad Biol\u00f3gica (CDB). Del 7 al 19 de diciembre, representantes pol\u00edticos&hellip; <a class=\"excerpt-more\" href=\"https:\/\/redfilosofia.es\/laboratorio\/2022\/12\/13\/cop-15-de-montreal-biodiversidad-y-supervivencia\/\">Seguir leyendo \u00bb<\/a><\/span><\/div><div class=\"listing-item\"><span class=\"image\"><img loading=\"lazy\" decoding=\"async\" width=\"300\" height=\"206\" src=\"https:\/\/redfilosofia.es\/laboratorio\/wp-content\/uploads\/sites\/7\/2022\/11\/COP27_Egipto_2022-300x206.jpg\" class=\"attachment-medium size-medium wp-post-image\" alt=\"\" srcset=\"https:\/\/redfilosofia.es\/laboratorio\/wp-content\/uploads\/sites\/7\/2022\/11\/COP27_Egipto_2022-300x206.jpg 300w, https:\/\/redfilosofia.es\/laboratorio\/wp-content\/uploads\/sites\/7\/2022\/11\/COP27_Egipto_2022-768x527.jpg 768w, https:\/\/redfilosofia.es\/laboratorio\/wp-content\/uploads\/sites\/7\/2022\/11\/COP27_Egipto_2022.jpg 813w\" sizes=\"auto, (max-width: 300px) 100vw, 300px\" \/><\/span> <span class=\"title\">Comienza la COP27 en Egipto tras un a\u00f1o de aceleraci\u00f3n del cambio clim\u00e1tico<\/span> <span class=\"date\">6 noviembre 2022<\/span> <span class=\"excerpt\">Un a\u00f1o m\u00e1s, representantes de casi todos los pa\u00edses del mundo se re\u00fanen durante dos semanas en la mayor cumbre del clima. Esta edici\u00f3n se celebra en Sharm el-Sheikh (Egipto).&hellip; <a class=\"excerpt-more\" href=\"https:\/\/redfilosofia.es\/laboratorio\/2022\/11\/06\/comienza-la-cop27-en-egipto-tras-un-ano-de-aceleracion-del-cambio-climatico\/\">Seguir leyendo \u00bb<\/a><\/span><\/div><\/div>\n","protected":false},"excerpt":{"rendered":"","protected":false},"author":15,"featured_media":0,"parent":0,"menu_order":0,"comment_status":"closed","ping_status":"closed","template":"","meta":{"rop_custom_images_group":[],"rop_custom_messages_group":[],"rop_publish_now":"initial","rop_publish_now_accounts":[],"rop_publish_now_history":[],"rop_publish_now_status":"pending","jetpack_post_was_ever_published":false,"footnotes":""},"class_list":["post-49","page","type-page","status-publish","hentry"],"jetpack_sharing_enabled":true,"_links":{"self":[{"href":"https:\/\/redfilosofia.es\/laboratorio\/wp-json\/wp\/v2\/pages\/49","targetHints":{"allow":["GET"]}}],"collection":[{"href":"https:\/\/redfilosofia.es\/laboratorio\/wp-json\/wp\/v2\/pages"}],"about":[{"href":"https:\/\/redfilosofia.es\/laboratorio\/wp-json\/wp\/v2\/types\/page"}],"author":[{"embeddable":true,"href":"https:\/\/redfilosofia.es\/laboratorio\/wp-json\/wp\/v2\/users\/15"}],"replies":[{"embeddable":true,"href":"https:\/\/redfilosofia.es\/laboratorio\/wp-json\/wp\/v2\/comments?post=49"}],"version-history":[{"count":6,"href":"https:\/\/redfilosofia.es\/laboratorio\/wp-json\/wp\/v2\/pages\/49\/revisions"}],"predecessor-version":[{"id":6660,"href":"https:\/\/redfilosofia.es\/laboratorio\/wp-json\/wp\/v2\/pages\/49\/revisions\/6660"}],"wp:attachment":[{"href":"https:\/\/redfilosofia.es\/laboratorio\/wp-json\/wp\/v2\/media?parent=49"}],"curies":[{"name":"wp","href":"https:\/\/api.w.org\/{rel}","templated":true}]}}