{"id":51,"date":"2020-06-01T17:06:00","date_gmt":"2020-06-01T17:06:00","guid":{"rendered":"https:\/\/redfilosofia.es\/laboratorio\/?page_id=51"},"modified":"2026-01-20T12:16:11","modified_gmt":"2026-01-20T10:16:11","slug":"actividades","status":"publish","type":"page","link":"https:\/\/redfilosofia.es\/laboratorio\/actividades\/","title":{"rendered":"Actividades"},"content":{"rendered":"\n<p>Aqu\u00ed encontrar\u00e1s informaci\u00f3n sobre las actividades filos\u00f3ficas o las de otros campos del conocimiento que puedan tener relevancia filos\u00f3fica y que est\u00e9n relacionadas con la pandemia y el antropoceno: seminarios, congresos, encuentros, publicaciones, etc.<\/p>\n\n\n\n<div class=\"display-posts-listing grid\"><div class=\"listing-item\"><span class=\"image\"><img loading=\"lazy\" decoding=\"async\" width=\"212\" height=\"300\" src=\"https:\/\/redfilosofia.es\/laboratorio\/wp-content\/uploads\/sites\/7\/2023\/05\/El-desconfinamiento-del-pensamiento_El-Laboratorio_17mayo2023_portada-212x300.jpg\" class=\"attachment-medium size-medium wp-post-image\" alt=\"\" srcset=\"https:\/\/redfilosofia.es\/laboratorio\/wp-content\/uploads\/sites\/7\/2023\/05\/El-desconfinamiento-del-pensamiento_El-Laboratorio_17mayo2023_portada-212x300.jpg 212w, https:\/\/redfilosofia.es\/laboratorio\/wp-content\/uploads\/sites\/7\/2023\/05\/El-desconfinamiento-del-pensamiento_El-Laboratorio_17mayo2023_portada.jpg 595w\" sizes=\"auto, (max-width: 212px) 100vw, 212px\" \/><\/span> <span class=\"title\">El Laboratorio publica el libro colectivo \u00abEl desconfinamiento del pensamiento\u00bb<\/span> <span class=\"date\">19 mayo 2023<\/span> <span class=\"excerpt\">El Laboratorio Filos\u00f3fico sobre la Pandemia y el Antropoceno se cre\u00f3 en mayo de 2020, en pleno confinamiento mundial por la pandemia de covid-19, y en junio public\u00f3 el primero&hellip; <a class=\"excerpt-more\" href=\"https:\/\/redfilosofia.es\/laboratorio\/2023\/05\/19\/el-laboratorio-publica-el-libro-colectivo-el-desconfinamiento-del-pensamiento\/\">Seguir leyendo \u00bb<\/a><\/span><\/div><div class=\"listing-item\"><span class=\"image\"><img loading=\"lazy\" decoding=\"async\" width=\"300\" height=\"200\" src=\"https:\/\/redfilosofia.es\/laboratorio\/wp-content\/uploads\/sites\/7\/2022\/12\/De-Camp-Nou-a-Nou-Parc_Barcelona_Proyecto-de-ON-A-Arquitectura-300x200.jpg\" class=\"attachment-medium size-medium wp-post-image\" alt=\"\" srcset=\"https:\/\/redfilosofia.es\/laboratorio\/wp-content\/uploads\/sites\/7\/2022\/12\/De-Camp-Nou-a-Nou-Parc_Barcelona_Proyecto-de-ON-A-Arquitectura-300x200.jpg 300w, https:\/\/redfilosofia.es\/laboratorio\/wp-content\/uploads\/sites\/7\/2022\/12\/De-Camp-Nou-a-Nou-Parc_Barcelona_Proyecto-de-ON-A-Arquitectura-1024x683.jpg 1024w, https:\/\/redfilosofia.es\/laboratorio\/wp-content\/uploads\/sites\/7\/2022\/12\/De-Camp-Nou-a-Nou-Parc_Barcelona_Proyecto-de-ON-A-Arquitectura-768x512.jpg 768w, https:\/\/redfilosofia.es\/laboratorio\/wp-content\/uploads\/sites\/7\/2022\/12\/De-Camp-Nou-a-Nou-Parc_Barcelona_Proyecto-de-ON-A-Arquitectura-1536x1024.jpg 1536w, https:\/\/redfilosofia.es\/laboratorio\/wp-content\/uploads\/sites\/7\/2022\/12\/De-Camp-Nou-a-Nou-Parc_Barcelona_Proyecto-de-ON-A-Arquitectura.jpg 1620w\" sizes=\"auto, (max-width: 300px) 100vw, 300px\" \/><\/span> <span class=\"title\">\u00abRenaturalizar en el Antropoceno\u00bb. El Laboratorio anuncia el debate de enero de 2023<\/span> <span class=\"date\">9 diciembre 2022<\/span> <span class=\"excerpt\">Nou Parc en el antiguo terreno del Camp Nou (Barcelona). Proyecto de renaturalizaci\u00f3n de ON-A Arquitectura Vivimos en un contexto de emergencia ecol\u00f3gica catapultada por el cambio clim\u00e1tico acelerado y&hellip; <a class=\"excerpt-more\" href=\"https:\/\/redfilosofia.es\/laboratorio\/2022\/12\/09\/renaturalizar-en-el-antropoceno-el-laboratorio-anuncia-el-debate-de-enero-de-2023\/\">Seguir leyendo \u00bb<\/a><\/span><\/div><div class=\"listing-item\"><span class=\"image\"><img loading=\"lazy\" decoding=\"async\" width=\"263\" height=\"207\" src=\"https:\/\/redfilosofia.es\/laboratorio\/wp-content\/uploads\/sites\/7\/2022\/11\/I-Congreso-Internacional-Humanidades-Ecoloigicas_recortada.jpg\" class=\"attachment-medium size-medium wp-post-image\" alt=\"\" \/><\/span> <span class=\"title\">I Congreso Internacional de Humanidades Ecol\u00f3gicas, Madrid, 2023<\/span> <span class=\"date\">14 noviembre 2022<\/span> <span class=\"excerpt\">I Congreso Internacional de Humanidades ecol\u00f3gicas: pensamiento, arte y educaci\u00f3n ante las crisis y para las transiciones ecosociales, Madrid, 22 y 23 de mayo de 2023 Organiza: Facultad de Filosof\u00eda&hellip; <a class=\"excerpt-more\" href=\"https:\/\/redfilosofia.es\/laboratorio\/2022\/11\/14\/i-congreso-internacional-de-humanidades-ecologicas-madrid-2023\/\">Seguir leyendo \u00bb<\/a><\/span><\/div><div class=\"listing-item\"><span class=\"image\"><img loading=\"lazy\" decoding=\"async\" width=\"300\" height=\"102\" src=\"https:\/\/redfilosofia.es\/laboratorio\/wp-content\/uploads\/sites\/7\/2022\/11\/Jean-Michel-Etchecolonea-300x102.png\" class=\"attachment-medium size-medium wp-post-image\" alt=\"\" srcset=\"https:\/\/redfilosofia.es\/laboratorio\/wp-content\/uploads\/sites\/7\/2022\/11\/Jean-Michel-Etchecolonea-300x102.png 300w, https:\/\/redfilosofia.es\/laboratorio\/wp-content\/uploads\/sites\/7\/2022\/11\/Jean-Michel-Etchecolonea-768x261.png 768w, https:\/\/redfilosofia.es\/laboratorio\/wp-content\/uploads\/sites\/7\/2022\/11\/Jean-Michel-Etchecolonea.png 1024w\" sizes=\"auto, (max-width: 300px) 100vw, 300px\" \/><\/span> <span class=\"title\">Simposio Internacional \u00abGaia y Filosof\u00eda\u00bb en Donostia (San Sebasti\u00e1n)<\/span> <span class=\"date\">9 noviembre 2022<\/span> <span class=\"excerpt\">Jean Michel Etchecolonea, CC BY-SA 3.0 via Wikimedia Commons \/ Cropped Gaia and Philosophy International Symposium1-3 December, Donostia \u2013 San Sebasti\u00e1nBasque Country University (UPV\/EHU)Organised by IAS-Research \u2013 Outonomy project \u2192Registration&hellip; <a class=\"excerpt-more\" href=\"https:\/\/redfilosofia.es\/laboratorio\/2022\/11\/09\/simposio-internacional-gaia-y-filosofia-en-donostia-san-sebastian\/\">Seguir leyendo \u00bb<\/a><\/span><\/div><div class=\"listing-item\"><span class=\"image\"><img loading=\"lazy\" decoding=\"async\" width=\"300\" height=\"200\" src=\"https:\/\/redfilosofia.es\/laboratorio\/wp-content\/uploads\/sites\/7\/2022\/10\/Amazonas-deforestado-para-soja-en-Porto-Velho_Brasil-2019_Victor-Moriyama_NYT-300x200.jpg\" class=\"attachment-medium size-medium wp-post-image\" alt=\"\" srcset=\"https:\/\/redfilosofia.es\/laboratorio\/wp-content\/uploads\/sites\/7\/2022\/10\/Amazonas-deforestado-para-soja-en-Porto-Velho_Brasil-2019_Victor-Moriyama_NYT-300x200.jpg 300w, https:\/\/redfilosofia.es\/laboratorio\/wp-content\/uploads\/sites\/7\/2022\/10\/Amazonas-deforestado-para-soja-en-Porto-Velho_Brasil-2019_Victor-Moriyama_NYT-1024x683.jpg 1024w, https:\/\/redfilosofia.es\/laboratorio\/wp-content\/uploads\/sites\/7\/2022\/10\/Amazonas-deforestado-para-soja-en-Porto-Velho_Brasil-2019_Victor-Moriyama_NYT-768x512.jpg 768w, https:\/\/redfilosofia.es\/laboratorio\/wp-content\/uploads\/sites\/7\/2022\/10\/Amazonas-deforestado-para-soja-en-Porto-Velho_Brasil-2019_Victor-Moriyama_NYT-1536x1024.jpg 1536w, https:\/\/redfilosofia.es\/laboratorio\/wp-content\/uploads\/sites\/7\/2022\/10\/Amazonas-deforestado-para-soja-en-Porto-Velho_Brasil-2019_Victor-Moriyama_NYT.jpg 1620w\" sizes=\"auto, (max-width: 300px) 100vw, 300px\" \/><\/span> <span class=\"title\">\u00ab\u00bfVivimos en el Antropoceno o en el Capitaloceno?\u00bb. El Laboratorio anuncia el debate de noviembre de 2022<\/span> <span class=\"date\">17 octubre 2022<\/span> <span class=\"excerpt\">Zona del Amazonas deforestada para plantaci\u00f3n de soja. Porto Velho (Brasil), 2019. Foto: Victor Moriyama. New York Times. \u00bfVivimos en el Antropoceno o en el Capitaloceno? \u00bfQu\u00e9 fuerza geo-hist\u00f3rica es&hellip; <a class=\"excerpt-more\" href=\"https:\/\/redfilosofia.es\/laboratorio\/2022\/10\/17\/vivimos-en-el-antropoceno-o-en-el-capitaloceno-el-laboratorio-anuncia-el-debate-de-noviembre-de-2022\/\">Seguir leyendo \u00bb<\/a><\/span><\/div><div class=\"listing-item\"><span class=\"image\"><img loading=\"lazy\" decoding=\"async\" width=\"300\" height=\"188\" src=\"https:\/\/redfilosofia.es\/laboratorio\/wp-content\/uploads\/sites\/7\/2022\/09\/Personas-que-unen-sus-manos_Freepik-300x188.jpg\" class=\"attachment-medium size-medium wp-post-image\" alt=\"\" srcset=\"https:\/\/redfilosofia.es\/laboratorio\/wp-content\/uploads\/sites\/7\/2022\/09\/Personas-que-unen-sus-manos_Freepik-300x188.jpg 300w, https:\/\/redfilosofia.es\/laboratorio\/wp-content\/uploads\/sites\/7\/2022\/09\/Personas-que-unen-sus-manos_Freepik-1024x642.jpg 1024w, https:\/\/redfilosofia.es\/laboratorio\/wp-content\/uploads\/sites\/7\/2022\/09\/Personas-que-unen-sus-manos_Freepik-768x481.jpg 768w, https:\/\/redfilosofia.es\/laboratorio\/wp-content\/uploads\/sites\/7\/2022\/09\/Personas-que-unen-sus-manos_Freepik-1536x963.jpg 1536w, https:\/\/redfilosofia.es\/laboratorio\/wp-content\/uploads\/sites\/7\/2022\/09\/Personas-que-unen-sus-manos_Freepik.jpg 1723w\" sizes=\"auto, (max-width: 300px) 100vw, 300px\" \/><\/span> <span class=\"title\">\u00abLos m\u00faltiples sentidos de la \u201cnueva normalidad\u201d\u00bb. El Laboratorio anuncia el debate de septiembre de 2022<\/span> <span class=\"date\">7 septiembre 2022<\/span> <span class=\"excerpt\">La pandemia de Covid-19 se ha superpuesto a las crisis clim\u00e1tica y socioambiental, evidenciando sus efectos en la salud humana y de los ecosistemas, as\u00ed como en la calidad de&hellip; <a class=\"excerpt-more\" href=\"https:\/\/redfilosofia.es\/laboratorio\/2022\/09\/07\/los-multiples-sentidos-de-la-nueva-normalidad-el-laboratorio-anuncia-el-debate-de-septiembre-de-2022\/\">Seguir leyendo \u00bb<\/a><\/span><\/div><div class=\"listing-item\"><span class=\"image\"><img loading=\"lazy\" decoding=\"async\" width=\"300\" height=\"256\" src=\"https:\/\/redfilosofia.es\/laboratorio\/wp-content\/uploads\/sites\/7\/2022\/06\/Debate_julio_2022Actividad-300x256.jpg\" class=\"attachment-medium size-medium wp-post-image\" alt=\"\" srcset=\"https:\/\/redfilosofia.es\/laboratorio\/wp-content\/uploads\/sites\/7\/2022\/06\/Debate_julio_2022Actividad-300x256.jpg 300w, https:\/\/redfilosofia.es\/laboratorio\/wp-content\/uploads\/sites\/7\/2022\/06\/Debate_julio_2022Actividad-768x656.jpg 768w, https:\/\/redfilosofia.es\/laboratorio\/wp-content\/uploads\/sites\/7\/2022\/06\/Debate_julio_2022Actividad.jpg 960w\" sizes=\"auto, (max-width: 300px) 100vw, 300px\" \/><\/span> <span class=\"title\">\u00abDiscapacidad y pandemia\u00bb. El Laboratorio anuncia el debate de julio de 2022.<\/span> <span class=\"date\">15 junio 2022<\/span> <span class=\"excerpt\">En las \u00faltimas d\u00e9cadas, el llamado modelo m\u00e9dico de la discapacidad, centrado en la patolog\u00eda individual y en las posibilidades rehabilitadoras y normalizadoras abiertas por la medicina y sus m\u00faltiples&hellip; <a class=\"excerpt-more\" href=\"https:\/\/redfilosofia.es\/laboratorio\/2022\/06\/15\/discapacidad-y-pandemia-el-laboratorio-anuncia-el-debate-de-julio-de-2022\/\">Seguir leyendo \u00bb<\/a><\/span><\/div><div class=\"listing-item\"><span class=\"image\"><img loading=\"lazy\" decoding=\"async\" width=\"300\" height=\"169\" src=\"https:\/\/redfilosofia.es\/laboratorio\/wp-content\/uploads\/sites\/7\/2022\/05\/Call-Foto_Mar_debate_Mayo-2022-300x169.jpg\" class=\"attachment-medium size-medium wp-post-image\" alt=\"\" srcset=\"https:\/\/redfilosofia.es\/laboratorio\/wp-content\/uploads\/sites\/7\/2022\/05\/Call-Foto_Mar_debate_Mayo-2022-300x169.jpg 300w, https:\/\/redfilosofia.es\/laboratorio\/wp-content\/uploads\/sites\/7\/2022\/05\/Call-Foto_Mar_debate_Mayo-2022-768x432.jpg 768w, https:\/\/redfilosofia.es\/laboratorio\/wp-content\/uploads\/sites\/7\/2022\/05\/Call-Foto_Mar_debate_Mayo-2022.jpg 960w\" sizes=\"auto, (max-width: 300px) 100vw, 300px\" \/><\/span> <span class=\"title\">Llamada a la participaci\u00f3n. El Laboratorio. Debate del mes de junio de 2022: \u00abOc\u00e9anos, Antropoceno y capitalismo global\u00bb<\/span> <span class=\"date\">16 mayo 2022<\/span> <span class=\"excerpt\">Nuestro planeta est\u00e1 cubierto en tres cuartas partes por los oc\u00e9anos. Fue Arthur C. Clarke, el famoso escritor de ciencia ficci\u00f3n y tambi\u00e9n cient\u00edfico, el primero en se\u00f1alar una verdad&hellip; <a class=\"excerpt-more\" href=\"https:\/\/redfilosofia.es\/laboratorio\/2022\/05\/16\/llamada-a-la-participacion-el-laboratorio-debate-del-mes-de-mayo-de-2022-oceanos-antropoceno-y-capitalismo-global%ef%bf%bc\/\">Seguir leyendo \u00bb<\/a><\/span><\/div><div class=\"listing-item\"><span class=\"image\"><img loading=\"lazy\" decoding=\"async\" width=\"300\" height=\"200\" src=\"https:\/\/redfilosofia.es\/laboratorio\/wp-content\/uploads\/sites\/7\/2022\/05\/Alfabetizacion-ecosocial-300x200.jpg\" class=\"attachment-medium size-medium wp-post-image\" alt=\"\" srcset=\"https:\/\/redfilosofia.es\/laboratorio\/wp-content\/uploads\/sites\/7\/2022\/05\/Alfabetizacion-ecosocial-300x200.jpg 300w, https:\/\/redfilosofia.es\/laboratorio\/wp-content\/uploads\/sites\/7\/2022\/05\/Alfabetizacion-ecosocial-768x512.jpg 768w, https:\/\/redfilosofia.es\/laboratorio\/wp-content\/uploads\/sites\/7\/2022\/05\/Alfabetizacion-ecosocial.jpg 960w\" sizes=\"auto, (max-width: 300px) 100vw, 300px\" \/><\/span> <span class=\"title\">Convocatoria para un monogr\u00e1fico sobre \u00abAlfabetizaci\u00f3n ecosocial\u00bb<\/span> <span class=\"date\">3 mayo 2022<\/span> <span class=\"excerpt\">Se ampl\u00eda hasta el 1 de junio el plazo para la recepci\u00f3n de art\u00edculos en el monogr\u00e1fico sobre \"Alfabetizaci\u00f3n ecosocial\" que coordinan Carmen Madorr\u00e1n y Adri\u00e1n Almaz\u00e1n en la revista&hellip; <a class=\"excerpt-more\" href=\"https:\/\/redfilosofia.es\/laboratorio\/2022\/05\/03\/convocatoria-para-un-monografico-sobre-alfabetizacion-ecosocial\/\">Seguir leyendo \u00bb<\/a><\/span><\/div><div class=\"listing-item\"><span class=\"image\"><img loading=\"lazy\" decoding=\"async\" width=\"300\" height=\"211\" src=\"https:\/\/redfilosofia.es\/laboratorio\/wp-content\/uploads\/sites\/7\/2022\/04\/DemosPaz2-300x211.jpg\" class=\"attachment-medium size-medium wp-post-image\" alt=\"\" srcset=\"https:\/\/redfilosofia.es\/laboratorio\/wp-content\/uploads\/sites\/7\/2022\/04\/DemosPaz2-300x211.jpg 300w, https:\/\/redfilosofia.es\/laboratorio\/wp-content\/uploads\/sites\/7\/2022\/04\/DemosPaz2.jpg 653w\" sizes=\"auto, (max-width: 300px) 100vw, 300px\" \/><\/span> <span class=\"title\">Conservaci\u00f3n de la biodiversidad y salud global: lo que la pandemia COVID-19 nos ha ense\u00f1ado<\/span> <span class=\"date\">26 abril 2022<\/span> <span class=\"excerpt\">Fecha: 27 de abril de 2022 Lugar: Sala Mixta de la Plaza Mayor de la Universidad Aut\u00f3noma de Madrid <a class=\"excerpt-more\" href=\"https:\/\/redfilosofia.es\/laboratorio\/2022\/04\/26\/conservacion-de-la-biodiversidad-y-salud-global-lo-que-la-pandemia-covid-19-nos-ha-ensenado\/\">Seguir leyendo \u00bb<\/a><\/span><\/div><\/div>\n","protected":false},"excerpt":{"rendered":"<p>Aqu\u00ed encontrar\u00e1s informaci\u00f3n sobre las actividades filos\u00f3ficas o las de otros campos del conocimiento que puedan tener relevancia filos\u00f3fica y que est\u00e9n relacionadas con la [&#8230;]<\/p>\n","protected":false},"author":15,"featured_media":0,"parent":0,"menu_order":0,"comment_status":"closed","ping_status":"closed","template":"","meta":{"rop_custom_images_group":[],"rop_custom_messages_group":[],"rop_publish_now":"initial","rop_publish_now_accounts":[],"rop_publish_now_history":[],"rop_publish_now_status":"pending","jetpack_post_was_ever_published":false,"footnotes":""},"class_list":["post-51","page","type-page","status-publish","hentry"],"jetpack_sharing_enabled":true,"_links":{"self":[{"href":"https:\/\/redfilosofia.es\/laboratorio\/wp-json\/wp\/v2\/pages\/51","targetHints":{"allow":["GET"]}}],"collection":[{"href":"https:\/\/redfilosofia.es\/laboratorio\/wp-json\/wp\/v2\/pages"}],"about":[{"href":"https:\/\/redfilosofia.es\/laboratorio\/wp-json\/wp\/v2\/types\/page"}],"author":[{"embeddable":true,"href":"https:\/\/redfilosofia.es\/laboratorio\/wp-json\/wp\/v2\/users\/15"}],"replies":[{"embeddable":true,"href":"https:\/\/redfilosofia.es\/laboratorio\/wp-json\/wp\/v2\/comments?post=51"}],"version-history":[{"count":11,"href":"https:\/\/redfilosofia.es\/laboratorio\/wp-json\/wp\/v2\/pages\/51\/revisions"}],"predecessor-version":[{"id":7743,"href":"https:\/\/redfilosofia.es\/laboratorio\/wp-json\/wp\/v2\/pages\/51\/revisions\/7743"}],"wp:attachment":[{"href":"https:\/\/redfilosofia.es\/laboratorio\/wp-json\/wp\/v2\/media?parent=51"}],"curies":[{"name":"wp","href":"https:\/\/api.w.org\/{rel}","templated":true}]}}