{"id":8,"date":"2020-06-01T16:11:00","date_gmt":"2020-06-01T16:11:00","guid":{"rendered":"https:\/\/redfilosofia.es\/laboratorio\/?page_id=8"},"modified":"2023-05-19T16:12:36","modified_gmt":"2023-05-19T14:12:36","slug":"presentacion","status":"publish","type":"page","link":"https:\/\/redfilosofia.es\/laboratorio\/presentacion\/","title":{"rendered":"Presentaci\u00f3n"},"content":{"rendered":"\n<p class=\"has-text-align-right\"><em>\u201cEl caracol construye la delicada arquitectura de su concha a\u00f1adiendo una tras otra las espirales cada vez m\u00e1s amplias; despu\u00e9s cesa bruscamente y comienza a enroscarse cada vez en decrecimiento, ya que una sola espiral m\u00e1s dar\u00eda a la concha una dimensi\u00f3n diecis\u00e9is veces m\u00e1s grande, lo que en lugar de contribuir al bienestar del animal, lo sobrecargar\u00eda. Y desde entonces cualquier aumento de su productividad servir\u00eda solo para paliar las dificultades creadas por esta ampliaci\u00f3n de la concha.\u201d<\/em><\/p>\n\n\n\n<p class=\"has-text-align-right\"><strong>Ivan Illich<\/strong><\/p>\n\n\n\n<p>En mayo de 2020, en pleno confinamiento mundial por la pandemia de covid-19, un grupo de personas de Espa\u00f1a y Latinoam\u00e9rica crearon el Laboratorio Filos\u00f3fico sobre la Pandemia y el Antropoceno, vinculado a la <a href=\"https:\/\/redfilosofia.es\/\">Red espa\u00f1ola de Filosof\u00eda (REF)<\/a>. Tres a\u00f1os despu\u00e9s, en mayo de 2023, la <a href=\"https:\/\/www.who.int\/es\/news\/item\/05-05-2023-statement-on-the-fifteenth-meeting-of-the-international-health-regulations-(2005)-emergency-committee-regarding-the-coronavirus-disease-(covid-19)-pandemic\">Organizaci\u00f3n Mundial de la Salud (OMS)<\/a> dio por concluida la emergencia de salud p\u00fablica global por la covid-19. En este nuevo contexto hist\u00f3rico, y ante el agravamiento de la crisis ecosocial global, El Laboratorio decidi\u00f3 dar por concluida su primera etapa mediante la publicaci\u00f3n de un libro colectivo titulado <em><a href=\"https:\/\/drive.google.com\/file\/d\/1qXrWya44jMOEBd4Z69UrLCps8lp7x5mK\/view?usp=share_link\">El desconfinamiento del pensamiento<\/a><\/em>, presentado el 24 de mayo de 2023 en el <a href=\"https:\/\/eventos.uam.es\/91013\/detail\/i-congreso-internacional-de-humanidades-ecologicas-pensamiento-arte-y-educacion-ante-las-crisis-y-p.html\">I Congreso Internacional de Humanidades Ecol\u00f3gicas<\/a> (UAM).<\/p>\n\n\n\n<p>Paralelamente, desde abril de 2023, El Laboratorio emprendi\u00f3 una segunda etapa con un nuevo equipo y con una nueva denominaci\u00f3n: El Laboratorio Filos\u00f3fico del Antropoceno y del Decrecimiento. En esta nueva etapa, El Laboratorio pretende explorar las tensiones entre el Antropoceno y el Decrecimiento como las dos caras de un presente geohist\u00f3rico cada vez m\u00e1s abocado a una crisis planetaria muldimensional.<br><br>El concepto de Antropoceno nos habla de una Tierra transformada por el crecimiento acelerado de los metabolismos urbanos, agrarios e industriales que conforman la ecolog\u00eda-mundo capitalista. El Decrecimiento, por su parte, es el t\u00e9rmino que condensa la necesidad de organizar una transici\u00f3n justa que atienda a las profundas interrelaciones que comunican la crisis ecol\u00f3gica y la desigualdad planetaria.<\/p>\n\n\n\n<p>Como parte de la <a href=\"https:\/\/redfilosofia.es\/\">Red Espa\u00f1ola de Filosof\u00eda (REF)<\/a> y de la Red de Humanidades Ecol\u00f3gicas (RHECO), este Laboratorio defiende la capacidad del pensamiento filos\u00f3fico para conectar los saberes interdisciplinares con la praxis democr\u00e1tica. Es decir, este Laboratorio Filos\u00f3fico<em> <\/em>es un espacio social y discursivo donde las ciencias naturales, las ciencias sociales, las humanidades y los agentes sociales convergen para hacer frente a las m\u00faltiples dimensiones de una crisis que no admite respuestas simples, ni unilaterales, ni autoritarias.<\/p>\n\n\n\n<p>Creemos que es imprescindible contar con un espacio de encuentro que trascienda la vieja divisi\u00f3n entre la formaci\u00f3n acad\u00e9mica, la investigaci\u00f3n cient\u00edfica y la vida social. Por eso, El Laboratorio Filos\u00f3fico del Antropoceno y del Decrecimiento<em> <\/em>promover\u00e1 un di\u00e1logo abierto entre universidades, centros de investigaci\u00f3n, profesionales de distintos \u00e1mbitos y movimientos sociales. Los objetivos b\u00e1sicos del Laboratorio son:&nbsp;&nbsp;<\/p>\n\n\n\n<ol class=\"wp-block-list\">\n<li><strong>Generar un archivo<\/strong> o repositorio digital de las reflexiones filos\u00f3ficas escritas y audiovisuales que se vayan publicando en torno al Antropoceno y el Decrecimiento. El Laboratorio <em>debe facilitar <\/em>la autoformaci\u00f3n voluntaria de cualquier persona con acceso a la red.&nbsp;<\/li>\n\n\n\n<li><strong>Ofrecer un foro de debate<\/strong> o espacio de discusi\u00f3n abierto en torno a los temas de inter\u00e9s relacionados con la crisis ecol\u00f3gica y los diversos modelos de transici\u00f3n, especialmente centrado en aquellos que ahonden en la comprensi\u00f3n de las relaciones entre decrecimiento, crisis ecosocial y transici\u00f3n justa.<\/li>\n\n\n\n<li><strong>Informar de noticias sobre el Antropoceno y el Decrecimiento <\/strong>que tengan relevancia filos\u00f3fica, pol\u00edtica o social, o bien se refieran a actividades relacionadas con estas cuestiones.<\/li>\n\n\n\n<li><strong>Promover el activismo<\/strong>, la \u00e9tica y la praxis pol\u00edtica conforme a los principios de la justicia clim\u00e1tica y la transici\u00f3n justa.  <\/li>\n<\/ol>\n\n\n\n<p>Puedes seguir las actividades en nuestra cuenta de Twitter: @LabFilosofico<\/p>\n","protected":false},"excerpt":{"rendered":"<p>\u201cEl caracol construye la delicada arquitectura de su concha a\u00f1adiendo una tras otra las espirales cada vez m\u00e1s amplias; despu\u00e9s cesa bruscamente y comienza a [&#8230;]<\/p>\n","protected":false},"author":15,"featured_media":0,"parent":0,"menu_order":0,"comment_status":"closed","ping_status":"closed","template":"","meta":{"rop_custom_images_group":[],"rop_custom_messages_group":[],"rop_publish_now":"initial","rop_publish_now_accounts":[],"rop_publish_now_history":[],"rop_publish_now_status":"pending","jetpack_post_was_ever_published":false,"footnotes":""},"class_list":["post-8","page","type-page","status-publish","hentry"],"jetpack_sharing_enabled":true,"_links":{"self":[{"href":"https:\/\/redfilosofia.es\/laboratorio\/wp-json\/wp\/v2\/pages\/8","targetHints":{"allow":["GET"]}}],"collection":[{"href":"https:\/\/redfilosofia.es\/laboratorio\/wp-json\/wp\/v2\/pages"}],"about":[{"href":"https:\/\/redfilosofia.es\/laboratorio\/wp-json\/wp\/v2\/types\/page"}],"author":[{"embeddable":true,"href":"https:\/\/redfilosofia.es\/laboratorio\/wp-json\/wp\/v2\/users\/15"}],"replies":[{"embeddable":true,"href":"https:\/\/redfilosofia.es\/laboratorio\/wp-json\/wp\/v2\/comments?post=8"}],"version-history":[{"count":20,"href":"https:\/\/redfilosofia.es\/laboratorio\/wp-json\/wp\/v2\/pages\/8\/revisions"}],"predecessor-version":[{"id":6713,"href":"https:\/\/redfilosofia.es\/laboratorio\/wp-json\/wp\/v2\/pages\/8\/revisions\/6713"}],"wp:attachment":[{"href":"https:\/\/redfilosofia.es\/laboratorio\/wp-json\/wp\/v2\/media?parent=8"}],"curies":[{"name":"wp","href":"https:\/\/api.w.org\/{rel}","templated":true}]}}