{"id":11,"date":"2013-06-06T15:03:12","date_gmt":"2013-06-06T15:03:12","guid":{"rendered":"https:\/\/redfilosofia.es\/olimpiada\/?page_id=11"},"modified":"2025-03-24T05:31:24","modified_gmt":"2025-03-24T05:31:24","slug":"olimpiadas-autonomicas","status":"publish","type":"page","link":"https:\/\/redfilosofia.es\/olimpiada\/olimpiadas-autonomicas\/","title":{"rendered":"Olimpiadas auton\u00f3micas"},"content":{"rendered":"<p>La Olimpiada Filos\u00f3fica de Espa\u00f1a (OFE) est\u00e1 integrada por las Olimpiadas Filos\u00f3ficas de las diferentes comunidades aut\u00f3nomas espa\u00f1olas, que son promovidas y organizadas por el profesorado de secundaria y de universidad de cada comunidad. Para participar en la fase final de la OFE, es preciso haber participado previamente en la fase auton\u00f3mica, y haber sido premiado o premiada en alguna de las modalidades. Por ello, enumeramos a continuaci\u00f3n todas las Olimpiadas Filos\u00f3ficas auton\u00f3micas existentes hasta la fecha, y remitimos a las personas interesadas (del profesorado o del alumnado) a la Olimpiada de su comunidad aut\u00f3noma, a trav\u00e9s de la cual podr\u00e1n participar en la espa\u00f1ola. El listado es el siguiente:<\/p>\n<table style=\"height: 2242px;\" border=\"0\" summary=\"Olimpiadas Filos\u00f3ficas de las distintas comunidades aut\u00f3nomas\" width=\"626\" cellspacing=\"0\" cellpadding=\"5\" align=\"center\">\n<tbody>\n<tr>\n<td>Andaluc\u00eda<a href=\"https:\/\/redfilosofia.es\/olimpiada\/wp-content\/uploads\/sites\/3\/2015\/04\/logo-OLIMP\u00cdADA-FILOS\u00d3FICA-DE-ANDALUC\u00cdA.jpg\"><img loading=\"lazy\" decoding=\"async\" class=\" wp-image-547 aligncenter\" src=\"https:\/\/redfilosofia.es\/olimpiada\/wp-content\/uploads\/sites\/3\/2015\/04\/logo-OLIMP\u00cdADA-FILOS\u00d3FICA-DE-ANDALUC\u00cdA-227x300.jpg\" alt=\"logo-OLIMP\u00cdADA FILOS\u00d3FICA DE ANDALUC\u00cdA\" width=\"138\" height=\"182\" srcset=\"https:\/\/redfilosofia.es\/olimpiada\/wp-content\/uploads\/sites\/3\/2015\/04\/logo-OLIMP\u00cdADA-FILOS\u00d3FICA-DE-ANDALUC\u00cdA-227x300.jpg 227w, https:\/\/redfilosofia.es\/olimpiada\/wp-content\/uploads\/sites\/3\/2015\/04\/logo-OLIMP\u00cdADA-FILOS\u00d3FICA-DE-ANDALUC\u00cdA.jpg 385w\" sizes=\"auto, (max-width: 138px) 100vw, 138px\" \/><\/a><a href=\"http:\/\/olimpidafilosoficadeandalucia.wordpress.com\/\"><br \/>\n<\/a><\/td>\n<td><span style=\"font-size: 10pt;\"><a title=\"Accede a la web de la Olimpiada Filos\u00f3fica de Andaluc\u00eda\" href=\"http:\/\/olimpiada.filosofica.andalucia.aafi.es\/\" target=\"_blank\" rel=\"noopener noreferrer\">Olimpiada Filos\u00f3fica de Andaluc\u00eda<\/a><\/span><\/td>\n<\/tr>\n<tr>\n<td>Arag\u00f3n<a href=\"http:\/\/olimpiadafilosofiaaragon.blogspot.com.es\/\"><img loading=\"lazy\" decoding=\"async\" class=\"aligncenter size-full wp-image-157\" src=\"https:\/\/redfilosofia.es\/olimpiada\/wp-content\/uploads\/sites\/3\/2013\/06\/logo-aragon.jpg\" alt=\"Logotipo de la Olimpiada Filos\u00f3fica de Arag\u00f3n\" width=\"121\" height=\"83\" \/><\/a><\/td>\n<td><span style=\"font-size: 10pt;\"><a title=\"Accede a la web de la Olimpiada Filos\u00f3fica de Arag\u00f3n\" href=\"http:\/\/olimpiadafilosofiaaragon.blogspot.com.es\/\" target=\"_blank\" rel=\"noopener noreferrer\">Olimpiada Filos\u00f3fica de Arag\u00f3n<\/a><\/span><\/td>\n<\/tr>\n<tr>\n<td>Asturias<a title=\"Accede a la web de la Olimpiada Filos\u00f3fica de Asturias\" href=\"http:\/\/sociedadasturianadefilosofia.org\/\"><img loading=\"lazy\" decoding=\"async\" class=\"size-full wp-image-75 aligncenter\" src=\"https:\/\/redfilosofia.es\/olimpiada\/wp-content\/uploads\/sites\/3\/2013\/06\/logo-asturias.gif\" alt=\"Logo de la Olimpiada Filos\u00f3fica de Asturias\" width=\"111\" height=\"111\" \/><\/a><\/td>\n<td>\u00a0<a title=\"Accede a la web de la Olimpiada Filos\u00f3fica de Asturias\" href=\"https:\/\/es-es.facebook.com\/sasturianaf\/\" target=\"_blank\" rel=\"noopener noreferrer\"><span style=\"font-size: 10pt;\">Olimpiada Filos\u00f3fica de Asturias<\/span><\/a><\/td>\n<\/tr>\n<tr>\n<td>Baleares<\/p>\n<p style=\"text-align: center;\"><a href=\"http:\/\/seras.uib.cat\/olimpiades\/filosofia\/\"><img loading=\"lazy\" decoding=\"async\" class=\"aligncenter wp-image-699 size-full\" src=\"https:\/\/redfilosofia.es\/olimpiada\/wp-content\/uploads\/sites\/3\/2013\/06\/olimpiada_filosofia_baleares.jpg\" alt=\"\" width=\"138\" height=\"149\" \/><\/a><\/p>\n<\/td>\n<td>\u00a0<span style=\"font-size: 10pt;\"><a href=\"http:\/\/seras.uib.cat\/olimpiades\/filosofia\/\">Olimpiada Filos\u00f3fica de Baleares<\/a><\/span><\/td>\n<\/tr>\n<tr>\n<td>Canarias<\/p>\n<p style=\"text-align: center;\"><a href=\"http:\/\/olimpiadafilosoficacanarias.blogspot.com.es\/\"><img loading=\"lazy\" decoding=\"async\" class=\"size-full wp-image-132 aligncenter\" src=\"https:\/\/redfilosofia.es\/olimpiada\/wp-content\/uploads\/sites\/3\/2013\/06\/logo-canarias.jpg\" alt=\"Imagen enviada a la Olimpiada Filos\u00f3fica de Canarias\" width=\"120\" height=\"90\" \/><\/a><\/p>\n<\/td>\n<td><a title=\"Accede a la web de la Olimpiada Filos\u00f3fica de Canarias\" href=\"http:\/\/olimpiadafilosoficacanarias.blogspot.com.es\/\" target=\"_blank\" rel=\"noopener noreferrer\"><span style=\"font-size: 10pt;\">Olimpiada Filos\u00f3fica de Canarias<\/span><\/a><\/td>\n<\/tr>\n<tr>\n<td>Cantabria<\/p>\n<p style=\"text-align: center;\"><a href=\"https:\/\/redfilosofia.es\/olimpiada\/wp-content\/uploads\/sites\/3\/2013\/06\/socfia.jpg\"><img loading=\"lazy\" decoding=\"async\" class=\"aligncenter size-full wp-image-758\" src=\"https:\/\/redfilosofia.es\/olimpiada\/wp-content\/uploads\/sites\/3\/2013\/06\/socfia.jpg\" alt=\"socfia\" width=\"164\" height=\"164\" srcset=\"https:\/\/redfilosofia.es\/olimpiada\/wp-content\/uploads\/sites\/3\/2013\/06\/socfia.jpg 164w, https:\/\/redfilosofia.es\/olimpiada\/wp-content\/uploads\/sites\/3\/2013\/06\/socfia-150x150.jpg 150w\" sizes=\"auto, (max-width: 164px) 100vw, 164px\" \/><\/a><\/p>\n<\/td>\n<td>\u00a0<span style=\"font-size: 10pt;\"><a href=\"https:\/\/socfiablog.wordpress.com\/olimpiada-filosofica\/iii-olimpiada-filosofica-cantabria\/\" target=\"_blank\" rel=\"noopener noreferrer\">Olimpiada Filos\u00f3fica de Cantabria<\/a><\/span><\/td>\n<\/tr>\n<tr>\n<td>Catalu\u00f1a<br \/>\n<a href=\"https:\/\/redfilosofia.es\/olimpiada\/wp-content\/uploads\/sites\/3\/2015\/09\/logo_OFCataluna.jpg\"><img loading=\"lazy\" decoding=\"async\" class=\"alignnone wp-image-600\" src=\"https:\/\/redfilosofia.es\/olimpiada\/wp-content\/uploads\/sites\/3\/2015\/09\/logo_OFCataluna-300x187.jpg\" alt=\"logo_OFCataluna\" width=\"249\" height=\"155\" srcset=\"https:\/\/redfilosofia.es\/olimpiada\/wp-content\/uploads\/sites\/3\/2015\/09\/logo_OFCataluna-300x187.jpg 300w, https:\/\/redfilosofia.es\/olimpiada\/wp-content\/uploads\/sites\/3\/2015\/09\/logo_OFCataluna-624x389.jpg 624w, https:\/\/redfilosofia.es\/olimpiada\/wp-content\/uploads\/sites\/3\/2015\/09\/logo_OFCataluna.jpg 818w\" sizes=\"auto, (max-width: 249px) 100vw, 249px\" \/><\/a><\/td>\n<td><span style=\"font-size: 10pt;\"><a title=\"Accede a la web de la Olimpiada Filos\u00f3fica de Catalu\u00f1a\" href=\"http:\/\/blocs.xtec.cat\/filolimp\/\" target=\"_blank\" rel=\"noopener noreferrer\">Olimpiada Filos\u00f3fica de Catalu\u00f1a<\/a><\/span><\/td>\n<\/tr>\n<tr>\n<td>Castilla -La Mancha<\/p>\n<p style=\"text-align: center;\"><a href=\"https:\/\/redfilosofia.es\/olimpiada\/wp-content\/uploads\/sites\/3\/2013\/06\/banner-sfcm.jpg\"><img loading=\"lazy\" decoding=\"async\" class=\"aligncenter size-full wp-image-761\" src=\"https:\/\/redfilosofia.es\/olimpiada\/wp-content\/uploads\/sites\/3\/2013\/06\/banner-sfcm.jpg\" alt=\"banner-sfcm\" width=\"149\" height=\"150\" \/><\/a><\/p>\n<\/td>\n<td>\u00a0<a href=\"http:\/\/sfcm.filosofos.org\/\"><span style=\"font-size: 10pt;\">Olimpiada Filos\u00f3fica de Castilla-La Mancha<\/span><\/a><\/td>\n<\/tr>\n<tr>\n<td>Castilla y Le\u00f3n<br \/>\n<a href=\"http:\/\/www.olimpiadafilosofica.com\"><img loading=\"lazy\" decoding=\"async\" class=\"size-full wp-image-45 aligncenter\" src=\"https:\/\/redfilosofia.es\/olimpiada\/wp-content\/uploads\/sites\/3\/2013\/06\/olimpiada-castilla-leon.gif\" alt=\"Logotipo de la Olimpiada Filos\u00f3fica de Castilla y Le\u00f3n\" width=\"110\" height=\"42\" \/><\/a><\/td>\n<td><a style=\"font-size: inherit; line-height: 2;\" title=\"Olimpiada Filos\u00f3fica de Castilla y Le\u00f3n\" href=\"http:\/\/www.olimpiadafilosofica.com\" target=\"_blank\" rel=\"noopener noreferrer\"><span style=\"font-size: 10pt;\">Olimpiada Filos\u00f3fica de Castilla y Le\u00f3n<\/span><\/a><\/td>\n<\/tr>\n<tr>\n<td>Ceuta<\/td>\n<td>https:\/\/olimpiadafilosoficaceuta.blogspot.com\/<\/td>\n<\/tr>\n<tr>\n<td>Extremadura<a href=\"https:\/\/redfilosofia.es\/olimpiada\/wp-content\/uploads\/sites\/3\/2013\/06\/Olimpiada-filosofica-Extremadura.jpg\"><img loading=\"lazy\" decoding=\"async\" class=\"aligncenter wp-image-499\" src=\"https:\/\/redfilosofia.es\/olimpiada\/wp-content\/uploads\/sites\/3\/2013\/06\/Olimpiada-filosofica-Extremadura-232x300.jpg\" alt=\"\" width=\"138\" height=\"178\" srcset=\"https:\/\/redfilosofia.es\/olimpiada\/wp-content\/uploads\/sites\/3\/2013\/06\/Olimpiada-filosofica-Extremadura-232x300.jpg 232w, https:\/\/redfilosofia.es\/olimpiada\/wp-content\/uploads\/sites\/3\/2013\/06\/Olimpiada-filosofica-Extremadura.jpg 566w\" sizes=\"auto, (max-width: 138px) 100vw, 138px\" \/><\/a><\/td>\n<td><a title=\"Accede a la web de la Olimpiada Filos\u00f3fica de Extremadura\" href=\"http:\/\/olimpiada.filosofiaextremadura.es\/\" target=\"_blank\" rel=\"noopener noreferrer\"><span style=\"font-size: 10pt;\">Olimpiada Filos\u00f3fica de Extremadura<\/span><\/a><\/td>\n<\/tr>\n<tr>\n<td>Galicia<a href=\"https:\/\/redfilosofia.es\/olimpiada\/wp-content\/uploads\/sites\/3\/2015\/04\/logo-galicia.png\"><img loading=\"lazy\" decoding=\"async\" class=\" size-full wp-image-545 aligncenter\" src=\"https:\/\/redfilosofia.es\/olimpiada\/wp-content\/uploads\/sites\/3\/2015\/04\/logo-galicia.png\" alt=\"logo galicia\" width=\"120\" height=\"100\" \/><\/a><\/td>\n<td><a href=\"http:\/\/olimpiadafilosoficagalicia.weebly.com\/\" target=\"_blank\" rel=\"noopener noreferrer\">\u00a0<span style=\"font-size: 10pt;\">Olimpiada Fils\u00f3fica de Galicia<\/span><\/a><\/td>\n<\/tr>\n<tr>\n<td>La Rioja<a href=\"https:\/\/redfilosofia.es\/olimpiada\/wp-content\/uploads\/sites\/3\/2013\/06\/Sofira-Olympic.png\"><img loading=\"lazy\" decoding=\"async\" class=\"wp-image-484 aligncenter\" src=\"https:\/\/redfilosofia.es\/olimpiada\/wp-content\/uploads\/sites\/3\/2013\/06\/Sofira-Olympic.png\" alt=\"\" width=\"123\" height=\"185\" \/><\/a><\/td>\n<td>\u00a0<a href=\"http:\/\/olimpiadafilosofialarioja.blogspot.com.es\/\" target=\"_blank\" rel=\"noopener noreferrer\"><span style=\"font-size: 10pt;\">Olimpiada Filos\u00f3fica de La Rioja<\/span><\/a><\/td>\n<\/tr>\n<tr>\n<td>Madrid<a title=\"Olimpiada Filos\u00f3fica de Madrid\" href=\"http:\/\/olimpiadafilosoficacm.blogspot.com.es\/\"><img loading=\"lazy\" decoding=\"async\" class=\"size-full wp-image-59 aligncenter\" src=\"https:\/\/redfilosofia.es\/olimpiada\/wp-content\/uploads\/sites\/3\/2013\/06\/olimpiada-filosofica-madrid.jpg\" alt=\"Logo de la Olimpiada Filos\u00f3fica de Madrid\" width=\"120\" height=\"90\" \/><\/a><\/td>\n<td>\u00a0<a title=\"Olimpiada Filos\u00f3fica de Madrid\" href=\"http:\/\/olimpiadafilosoficacm.blogspot.com.es\/\" target=\"_blank\" rel=\"noopener noreferrer\"><span style=\"font-size: 10pt;\">Olimpiada Filos\u00f3fica de Madrid<\/span><\/a><\/td>\n<\/tr>\n<tr>\n<td>Melilla<\/td>\n<td><\/td>\n<\/tr>\n<tr>\n<td>Murcia<a title=\"Accede a la web de la Olimpiada Filos\u00f3fica de Murcia\" href=\"http:\/\/olimpiadafilosoficarm.blogspot.com.es\/\" target=\"_blank\" rel=\"noopener noreferrer\"><img loading=\"lazy\" decoding=\"async\" class=\"size-full wp-image-140 aligncenter\" src=\"https:\/\/redfilosofia.es\/olimpiada\/wp-content\/uploads\/sites\/3\/2013\/06\/logotipo-olimpiada-murcia.png\" alt=\"Logotipo de la Olimpiada Filos\u00f3fica de Murcia\" width=\"120\" height=\"138\" \/><\/a><\/td>\n<td><a title=\"Accede a la web de la Olimpiada Filos\u00f3fica de Murcia\" href=\"http:\/\/olimpiadafilosoficarm.blogspot.com.es\/\" target=\"_blank\" rel=\"noopener noreferrer\"><span style=\"font-size: 10pt;\">Olimpiada Filos\u00f3fica de Murcia<\/span><\/a><\/td>\n<\/tr>\n<tr>\n<td>Navarra<a title=\"Olimpiada Filos\u00f3fica de Navarra\" href=\"http:\/\/olimpiadafilonavarra.blogspot.com.es\/\"><img loading=\"lazy\" decoding=\"async\" class=\" wp-image-55 aligncenter\" src=\"https:\/\/redfilosofia.es\/olimpiada\/wp-content\/uploads\/sites\/3\/2013\/06\/olimpiada-navarrra-sin-fondo.gif\" alt=\"Logotipo de la Olimpiada Filos\u00f3fica de Navarra\" width=\"163\" height=\"72\" \/><\/a><\/td>\n<td><span style=\"font-size: 10pt; color: #666699;\"><a style=\"color: #666699;\" title=\"Olimpiada Filos\u00f3fica de Navarra\" href=\"http:\/\/olimpiadafilonavarra.blogspot.com.es\/\" target=\"_blank\" rel=\"noopener noreferrer\">Olimpiada Filos\u00f3fica de Navarra<\/a><\/span><\/td>\n<\/tr>\n<tr>\n<td>Pa\u00eds Vasco\u00a0 <a href=\"http:\/\/euskadikofilosofiaolinpiadak.blogspot.com\/\"><img loading=\"lazy\" decoding=\"async\" class=\"aligncenter size-thumbnail wp-image-884\" src=\"https:\/\/redfilosofia.es\/olimpiada\/wp-content\/uploads\/sites\/3\/2018\/08\/1532280975225_filo-150x150.jpg\" alt=\"\" width=\"150\" height=\"150\" \/><\/a><\/td>\n<td>\n<h1><a href=\"https:\/\/euskadikofilosofiaolinpiada.mozello.es\/inicio\/\"><span style=\"font-size: 10pt; color: #666699;\">Olimpiada Filos\u00f3fica de Euskadi<\/span><\/a><\/h1>\n<\/td>\n<\/tr>\n<tr>\n<td>Valencia<strong><a href=\"https:\/\/redfilosofia.es\/olimpiada\/wp-content\/uploads\/sites\/3\/2015\/04\/logo-Olimpiada-Comunidad-Valenciana.jpg\"><img loading=\"lazy\" decoding=\"async\" class=\" wp-image-540 aligncenter\" src=\"https:\/\/redfilosofia.es\/olimpiada\/wp-content\/uploads\/sites\/3\/2015\/04\/logo-Olimpiada-Comunidad-Valenciana-300x300.jpg\" alt=\"logo Olimpiada Comunidad Valenciana\" width=\"141\" height=\"141\" srcset=\"https:\/\/redfilosofia.es\/olimpiada\/wp-content\/uploads\/sites\/3\/2015\/04\/logo-Olimpiada-Comunidad-Valenciana-300x300.jpg 300w, https:\/\/redfilosofia.es\/olimpiada\/wp-content\/uploads\/sites\/3\/2015\/04\/logo-Olimpiada-Comunidad-Valenciana-150x150.jpg 150w, https:\/\/redfilosofia.es\/olimpiada\/wp-content\/uploads\/sites\/3\/2015\/04\/logo-Olimpiada-Comunidad-Valenciana-624x624.jpg 624w, https:\/\/redfilosofia.es\/olimpiada\/wp-content\/uploads\/sites\/3\/2015\/04\/logo-Olimpiada-Comunidad-Valenciana.jpg 661w\" sizes=\"auto, (max-width: 141px) 100vw, 141px\" \/><\/a><\/strong><\/td>\n<td><a title=\"Olimpiada Filos\u00f3fica de la Comunidad Valenciana\" href=\"http:\/\/www.uv.es\/uvweb\/delegacion-incorporacion-UV\/es\/cooperacion-secundaria\/olimpiadas\/filosofia\/bases\/olimpiada-1285870999577.html\" target=\"_blank\" rel=\"noopener noreferrer\">\u00a0<span style=\"font-size: 10pt;\">Olimpiada Filos\u00f3fica de la Comunidad Valenciana<\/span><\/a><\/td>\n<\/tr>\n<\/tbody>\n<\/table>\n","protected":false},"excerpt":{"rendered":"<p>La Olimpiada Filos\u00f3fica de Espa\u00f1a (OFE) est\u00e1 integrada por las Olimpiadas Filos\u00f3ficas de las diferentes comunidades aut\u00f3nomas espa\u00f1olas, que son promovidas y organizadas por el profesorado de secundaria y de universidad de cada comunidad. Para participar en la fase final de la OFE, es preciso haber participado previamente en la fase auton\u00f3mica, y haber sido [&hellip;]<\/p>\n","protected":false},"author":2,"featured_media":0,"parent":0,"menu_order":0,"comment_status":"closed","ping_status":"closed","template":"","meta":{"jetpack_post_was_ever_published":false,"footnotes":""},"class_list":["post-11","page","type-page","status-publish","hentry"],"jetpack_sharing_enabled":true,"jetpack_shortlink":"https:\/\/wp.me\/P6Sq1k-b","_links":{"self":[{"href":"https:\/\/redfilosofia.es\/olimpiada\/wp-json\/wp\/v2\/pages\/11","targetHints":{"allow":["GET"]}}],"collection":[{"href":"https:\/\/redfilosofia.es\/olimpiada\/wp-json\/wp\/v2\/pages"}],"about":[{"href":"https:\/\/redfilosofia.es\/olimpiada\/wp-json\/wp\/v2\/types\/page"}],"author":[{"embeddable":true,"href":"https:\/\/redfilosofia.es\/olimpiada\/wp-json\/wp\/v2\/users\/2"}],"replies":[{"embeddable":true,"href":"https:\/\/redfilosofia.es\/olimpiada\/wp-json\/wp\/v2\/comments?post=11"}],"version-history":[{"count":91,"href":"https:\/\/redfilosofia.es\/olimpiada\/wp-json\/wp\/v2\/pages\/11\/revisions"}],"predecessor-version":[{"id":983,"href":"https:\/\/redfilosofia.es\/olimpiada\/wp-json\/wp\/v2\/pages\/11\/revisions\/983"}],"wp:attachment":[{"href":"https:\/\/redfilosofia.es\/olimpiada\/wp-json\/wp\/v2\/media?parent=11"}],"curies":[{"name":"wp","href":"https:\/\/api.w.org\/{rel}","templated":true}]}}