{"id":20,"date":"2013-06-06T15:27:07","date_gmt":"2013-06-06T15:27:07","guid":{"rendered":"https:\/\/redfilosofia.es\/olimpiada\/?page_id=20"},"modified":"2026-03-16T18:39:01","modified_gmt":"2026-03-16T18:39:01","slug":"comite-organizador","status":"publish","type":"page","link":"https:\/\/redfilosofia.es\/olimpiada\/comite-organizador\/","title":{"rendered":"Comisi\u00f3n organizadora"},"content":{"rendered":"<p style=\"text-align: justify\">La <strong>Comisi\u00f3n de la Olimpiada Filos\u00f3fica <\/strong>es una de las cinco <a href=\"https:\/\/redfilosofia.es\/comisiones\/\">comisiones permanentes de la Red espa\u00f1ola de Filosof\u00eda (REF)<\/a>, est\u00e1 formada por representantes de las diferentes Olimpiadas Filos\u00f3ficas auton\u00f3micas y su principal tarea consiste en coordinarlas entre s\u00ed y organizar la <strong>Olimpiada Filos\u00f3fica de Espa\u00f1a (OFE)<\/strong>.<strong><br \/>\n<\/strong><\/p>\n<p style=\"text-align: justify\">Puesto que la OFE se celebra anualmente y la sede va rotando por las diferentes ciudades y comunidades aut\u00f3nomas,\u00a0se ha acordado establecer, por un lado, un comit\u00e9 acad\u00e9mico permanente, y, por otro, un comit\u00e9 organizador local anual.<\/p>\n<h2>Comit\u00e9 acad\u00e9mico permanente<\/h2>\n<p style=\"text-align: justify\">El comit\u00e9 acad\u00e9mico permanente se encargar\u00e1 de las cuestiones relacionadas con la organizaci\u00f3n y desarrollo de las pruebas que se hayan de celebrar en la Olimpiada. El objetivo es que su experiencia redunde en las posteriores ediciones. Dicho comit\u00e9 se renovar\u00e1 a la vez que la Junta Directiva de la REF.<\/p>\n<p style=\"text-align: justify\">Sus miembros son:<\/p>\n<ul>\n<li style=\"text-align: justify\"><strong>Andrea Belench\u00f3n<\/strong>, Presidenta de la Comisi\u00f3n de la Olimpiada Filos\u00f3fica y coordinadora Olimpiada Filos\u00f3fica de Arag\u00f3n.<\/li>\n<li><strong>Albert Lobo Melgar,<\/strong> Coordinador de la Olimpiada Filos\u00f2fica de les Illes Balears.<\/li>\n<li><strong>Jorge S\u00e1nchez-Manjavacas Mellado<\/strong>, Coordinador de la Olimpiada de Filosof\u00eda de Castilla-La Mancha.<\/li>\n<\/ul>\n<h2>Comit\u00e9\u00a0de organizaci\u00f3n local<\/h2>\n<p style=\"text-align: justify\">El comit\u00e9 de organizaci\u00f3n local anual estar\u00e1\u00a0formado por un grupo de profesores y colaboradores de la comunidad aut\u00f3noma en la que se celebre la final estatal de la Olimpiada. Se encargar\u00e1 de la labor de gesti\u00f3n y acogida de los alumnos y coordinadores.<\/p>\n","protected":false},"excerpt":{"rendered":"<p>La Comisi\u00f3n de la Olimpiada Filos\u00f3fica es una de las cinco comisiones permanentes de la Red espa\u00f1ola de Filosof\u00eda (REF), est\u00e1 formada por representantes de las diferentes Olimpiadas Filos\u00f3ficas auton\u00f3micas y su principal tarea consiste en coordinarlas entre s\u00ed y organizar la Olimpiada Filos\u00f3fica de Espa\u00f1a (OFE). Puesto que la OFE se celebra anualmente y [&hellip;]<\/p>\n","protected":false},"author":2,"featured_media":0,"parent":0,"menu_order":4,"comment_status":"closed","ping_status":"closed","template":"","meta":{"jetpack_post_was_ever_published":false,"footnotes":""},"class_list":["post-20","page","type-page","status-publish","hentry"],"jetpack_sharing_enabled":true,"jetpack_shortlink":"https:\/\/wp.me\/P6Sq1k-k","_links":{"self":[{"href":"https:\/\/redfilosofia.es\/olimpiada\/wp-json\/wp\/v2\/pages\/20","targetHints":{"allow":["GET"]}}],"collection":[{"href":"https:\/\/redfilosofia.es\/olimpiada\/wp-json\/wp\/v2\/pages"}],"about":[{"href":"https:\/\/redfilosofia.es\/olimpiada\/wp-json\/wp\/v2\/types\/page"}],"author":[{"embeddable":true,"href":"https:\/\/redfilosofia.es\/olimpiada\/wp-json\/wp\/v2\/users\/2"}],"replies":[{"embeddable":true,"href":"https:\/\/redfilosofia.es\/olimpiada\/wp-json\/wp\/v2\/comments?post=20"}],"version-history":[{"count":92,"href":"https:\/\/redfilosofia.es\/olimpiada\/wp-json\/wp\/v2\/pages\/20\/revisions"}],"predecessor-version":[{"id":1004,"href":"https:\/\/redfilosofia.es\/olimpiada\/wp-json\/wp\/v2\/pages\/20\/revisions\/1004"}],"wp:attachment":[{"href":"https:\/\/redfilosofia.es\/olimpiada\/wp-json\/wp\/v2\/media?parent=20"}],"curies":[{"name":"wp","href":"https:\/\/api.w.org\/{rel}","templated":true}]}}