{"id":24,"date":"2016-11-01T00:00:27","date_gmt":"2016-11-01T00:00:27","guid":{"rendered":"https:\/\/redfilosofia.es\/olimpiada\/?page_id=24"},"modified":"2026-03-25T07:42:03","modified_gmt":"2026-03-25T07:42:03","slug":"documentacion","status":"publish","type":"page","link":"https:\/\/redfilosofia.es\/olimpiada\/documentacion\/","title":{"rendered":"Normativa"},"content":{"rendered":"<div class=\"entry-content\">\n<p>La <strong>Olimpiada Filos\u00f3fica de Espa\u00f1a (OFE)<\/strong> se celebra anualmente, en la primavera de cada curso acad\u00e9mico. En ella pueden participar los alumnos y alumnas de educaci\u00f3n secundaria obligatoria y bachillerato que hayan sido premiados en las Olimpiadas Filos\u00f3ficas de las distintas comunidades aut\u00f3nomas, a lo largo de ese mismo curso. La Olimpiada Filos\u00f3fica de cada comunidad aut\u00f3noma, una vez concluida la fase auton\u00f3mica, enviar\u00e1 a la OFE los datos de las personas ganadoras, al menos <strong>tres semanas antes<\/strong> de la celebraci\u00f3n de la fase final.<\/p>\n<p>La <strong>fase final de la OFE<\/strong> consiste en un encuentro de todo el alumnado premiado en las distintas olimpiadas auton\u00f3micas. En este encuentro se realizan unas <strong>pruebas finales<\/strong> para seleccionar a las personas ganadoras de toda Espa\u00f1a, a las cuales tambi\u00e9n pueden asistir profesores y familiares como p\u00fablico y sin interferir en su normal desarrollo. La sede del encuentro va rotando anualmente por las distintas ciudades espa\u00f1olas de las Comunidades aut\u00f3nomas participantes.<\/p>\n<p>Cada comunidad aut\u00f3noma <strong>podr\u00e1 presentar<\/strong>, como m\u00e1ximo, a un alumno o alumna representante por modalidad, y a dos cuando el n\u00famero de los centros participantes en la fase auton\u00f3mica sea igual o superior a <strong>veinticinco<\/strong>.<\/p>\n<p>El <strong>tribunal evaluador<\/strong> de las diferentes modalidades ser\u00e1 seleccionado entre los profesores y profesoras representantes de las distintas comunidades aut\u00f3nomas que asistan a las pruebas finales, siendo al menos uno de ellos, en cada modalidad, representante de la comunidad aut\u00f3noma que organice la fase final.<\/p>\n<p>En la\u00a0Olimpiada Filos\u00f3fica de Espa\u00f1a se han establecido, hasta ahora, <strong>cuatro modalidades<\/strong> diferentes de participaci\u00f3n:<\/p>\n<ol>\n<li><strong>Disertaci\u00f3n filos\u00f3fica:<\/strong> destinada al alumnado de bachillerato, la prueba consistir\u00e1 en redactar un ensayo durante <strong>90 minutos<\/strong>, que tomar\u00e1 como punto de partida una cita o fragmento breve relacionado con el tema de la Olimpiada. La extensi\u00f3n de los ejercicios no podr\u00e1 ser superior a <strong>4 p\u00e1ginas<\/strong> (4 caras) por participante.<\/li>\n<li><strong>Dilema moral:<\/strong> destinada al alumnado de 3\u00ba y 4\u00ba de ESO, la prueba consistir\u00e1 en el an\u00e1lisis por escrito de un dilema moral, que debe concluir con una respuesta razonada al mismo, contando para ello con <strong>90 minutos<\/strong>. La extensi\u00f3n de los ejercicios no podr\u00e1 ser superior a <strong>4 p\u00e1ginas<\/strong> (4 caras) por participante.<\/li>\n<li><strong>Fotograf\u00eda:<\/strong> destinada tanto al alumnado de 3\u00ba y 4\u00ba de ESO como al de bachillerato, esta prueba consiste en reflejar en im\u00e1genes o fotograf\u00edas una determinada idea o reflexi\u00f3n filos\u00f3fica relacionada con el tema de la Olimpiada. Se utilizar\u00e1 como base una fotograf\u00eda original que no podr\u00e1 ser obra de la IA, aunque s\u00ed se acepta que dicha fotograf\u00eda haya sido sometida a programas de tratamiento de imagen.<\/li>\n<li><b>V\u00eddeo<\/b>: destinada tanto al alumnado de 3\u00ba y 4\u00ba de ESO como al de bachillerato; como en el caso de la fotograf\u00eda, la prueba consiste en reflejar, mediante un v\u00eddeo original, la tem\u00e1tica elegida en la convocatoria y suscitar la reflexi\u00f3n sobre \u00e9l.<\/li>\n<li><strong>Ensayo Internacional.<\/strong> Esta edici\u00f3n, y como <strong>modalidad piloto<\/strong> y diferenciada de la modalidad de disertaci\u00f3n, ofrece a los alumnos la posibilidad de concursar redactando un <strong>ensayo<\/strong> en una de estas tres lenguas: <strong>ingl\u00e9s, franc\u00e9s o alem\u00e1n. <\/strong>A diferencia de a\u00f1os anteriores, en los que la convocatoria de ensayo internacional para elegir al representante espa\u00f1ol en la <a href=\"https:\/\/www.philosophy-olympiad.org\/\">Olimpiada Internacional de Filosof\u00eda<\/a><\/li>\n<\/ol>\n<p>Las pruebas escritas correspondientes a la <strong>Disertaci\u00f3n filos\u00f3fica<\/strong> y al <strong>Dilema moral<\/strong> se realizar\u00e1n, preferentemente, en la tarde de la primera jornada. Una vez finalizadas \u00e9stas, el tribunal evaluador correspondiente valorar\u00e1 los ejercicios realizados de acuerdo con los criterios establecidos para ello, y seleccionar\u00e1 los tres trabajos que pasar\u00e1n a la final. En dicha final, que se llevar\u00e1 a cabo en la ma\u00f1ana de la segunda jornada, cada uno de los finalistas leer\u00e1 p\u00fablicamente su trabajo y deber\u00e1 defender posteriormente su posici\u00f3n, a partir de las preguntas formuladas por el tribunal establecido a tal efecto.<\/p>\n<p>Los tres finalistas de las modalidades de <strong>Fotograf\u00eda<\/strong> y <strong>V\u00eddeo<\/strong>, cuya identidad se dar\u00e1 a conocer en la tarde de la primera jornada, deber\u00e1n hacer en la ma\u00f1ana de la segunda jornada y en un m\u00e1ximo de cinco minutos, una defensa p\u00fablica de sus trabajos ante el tribunal correspondiente.<\/p>\n<p><strong>El fallo del jurado ser\u00e1 inapelable<\/strong> y la participaci\u00f3n en la OFE implica la aceptaci\u00f3n de toda su normativa.<\/p>\n<p>Para conocer todos los detalles de la normativa de la Olimpiada Filos\u00f3fica de Espa\u00f1a, se puede consultar la documentaci\u00f3n siguiente:<\/p>\n<ul>\n<li><a href=\"https:\/\/redfilosofia.es\/olimpiada\/wp-content\/uploads\/sites\/3\/2026\/03\/IV_Video_filosofico_bases.-2025-26.pdf\" target=\"_blank\" rel=\"noopener\">Bases Video Filos\u00f3fico 2025-26<\/a><\/li>\n<li><a href=\"https:\/\/redfilosofia.es\/olimpiada\/wp-content\/uploads\/sites\/3\/2026\/03\/IV_Video_filosofico_criterios_valoracion-2025-26.pdf\" target=\"_blank\" rel=\"noopener\">Criterios de valoraci\u00f3n. Video Filos\u00f3fico 2025-26<\/a><\/li>\n<li><a href=\"https:\/\/redfilosofia.es\/olimpiada\/wp-content\/uploads\/sites\/3\/2026\/03\/IV_Disertacion_bases-2025-26.pdf\">Bases Disertaci\u00f3n. 2025-26<\/a><\/li>\n<li><a href=\"https:\/\/redfilosofia.es\/olimpiada\/wp-content\/uploads\/sites\/3\/2026\/03\/IV_Disertacion_criterios_valoracion.-2025-26.pdf\" target=\"_blank\" rel=\"noopener\">Criterios Valoraci\u00f3n. Disertaci\u00f3n. 2025-26<\/a><\/li>\n<li><a href=\"https:\/\/redfilosofia.es\/olimpiada\/wp-content\/uploads\/sites\/3\/2026\/03\/IV_Fotografia_filosofica_bases_-2025-26.pdf\" target=\"_blank\" rel=\"noopener\">Bases. Fotograf\u00eda. 2025-26<\/a><\/li>\n<li><a href=\"https:\/\/redfilosofia.es\/olimpiada\/wp-content\/uploads\/sites\/3\/2026\/03\/IV_Fotografia_filosofica_criterios_valoracion_-2025-26.pdf\" target=\"_blank\" rel=\"noopener\">Criterios Valoraci\u00f3n. Fotograf\u00eda. 2025-26<\/a><\/li>\n<li><a href=\"https:\/\/redfilosofia.es\/olimpiada\/wp-content\/uploads\/sites\/3\/2026\/03\/IV_Dilema_bases.-2025-26.pdf\" target=\"_blank\" rel=\"noopener\">Bases. Dilema. 2025-26<\/a><\/li>\n<li><a href=\"https:\/\/redfilosofia.es\/olimpiada\/wp-content\/uploads\/sites\/3\/2026\/03\/IV_Dilemas_morales_criterios_valoracion-2025-26.pdf\" target=\"_blank\" rel=\"noopener\">Criterios de Valoraci\u00f3n. Dilemas. 2025-2<\/a><\/li>\n<\/ul>\n<p><strong>INSCRIPCIONES:<\/strong><\/p>\n<ul>\n<li>Ficha\/formulario de inscripci\u00f3n en la OFE\u00a0(se debe enviar por las personas responsables de las diferentes olimpiadas auton\u00f3micas, al menos dos semanas antes de la celebraci\u00f3n de la final espa\u00f1ola). No est\u00e1 habilitado por el momento.<\/li>\n<li>Formulario de participaci\u00f3n en la fase auton\u00f3mica de la OFE\u00a0(se debe solicitar y enviar a la organizaci\u00f3n de las diferentes olimpiadas auton\u00f3micas).<\/li>\n<li><a title=\"Accede al archivo de la declaraci\u00f3n jurada simple\">Declaraci\u00f3n jurada simple<\/a>, donde se reconoce la autor\u00eda de las fotograf\u00edas y v\u00eddeos presentados a la OFE.<\/li>\n<\/ul>\n<\/div>\n","protected":false},"excerpt":{"rendered":"<p>La Olimpiada Filos\u00f3fica de Espa\u00f1a (OFE) se celebra anualmente, en la primavera de cada curso acad\u00e9mico. En ella pueden participar los alumnos y alumnas de educaci\u00f3n secundaria obligatoria y bachillerato que hayan sido premiados en las Olimpiadas Filos\u00f3ficas de las distintas comunidades aut\u00f3nomas, a lo largo de ese mismo curso. La Olimpiada Filos\u00f3fica de cada [&hellip;]<\/p>\n","protected":false},"author":1,"featured_media":0,"parent":0,"menu_order":5,"comment_status":"closed","ping_status":"closed","template":"","meta":{"jetpack_post_was_ever_published":false,"footnotes":""},"class_list":["post-24","page","type-page","status-publish","hentry"],"jetpack_sharing_enabled":true,"jetpack_shortlink":"https:\/\/wp.me\/P6Sq1k-o","_links":{"self":[{"href":"https:\/\/redfilosofia.es\/olimpiada\/wp-json\/wp\/v2\/pages\/24","targetHints":{"allow":["GET"]}}],"collection":[{"href":"https:\/\/redfilosofia.es\/olimpiada\/wp-json\/wp\/v2\/pages"}],"about":[{"href":"https:\/\/redfilosofia.es\/olimpiada\/wp-json\/wp\/v2\/types\/page"}],"author":[{"embeddable":true,"href":"https:\/\/redfilosofia.es\/olimpiada\/wp-json\/wp\/v2\/users\/1"}],"replies":[{"embeddable":true,"href":"https:\/\/redfilosofia.es\/olimpiada\/wp-json\/wp\/v2\/comments?post=24"}],"version-history":[{"count":66,"href":"https:\/\/redfilosofia.es\/olimpiada\/wp-json\/wp\/v2\/pages\/24\/revisions"}],"predecessor-version":[{"id":1017,"href":"https:\/\/redfilosofia.es\/olimpiada\/wp-json\/wp\/v2\/pages\/24\/revisions\/1017"}],"wp:attachment":[{"href":"https:\/\/redfilosofia.es\/olimpiada\/wp-json\/wp\/v2\/media?parent=24"}],"curies":[{"name":"wp","href":"https:\/\/api.w.org\/{rel}","templated":true}]}}