{"id":6,"date":"2013-06-06T14:47:26","date_gmt":"2013-06-06T14:47:26","guid":{"rendered":"https:\/\/redfilosofia.es\/olimpiada\/?page_id=6"},"modified":"2026-02-03T17:27:57","modified_gmt":"2026-02-03T17:27:57","slug":"inicio","status":"publish","type":"page","link":"https:\/\/redfilosofia.es\/olimpiada\/","title":{"rendered":"Inicio"},"content":{"rendered":"<p style=\"text-align: justify\">La <strong>Olimpiada Filos\u00f3fica de Espa\u00f1a<\/strong> <strong>(OFE)<\/strong> nace en 2013, impulsada por varias asociaciones y olimpiadas de \u00e1mbito auton\u00f3mico, todas ellas integradas en\u00a0la<strong> <a href=\"https:\/\/redfilosofia.es\/\">Red espa\u00f1ola de Filosof\u00eda (REF)<\/a><\/strong>. Fue promovida por un grupo de profesores y profesoras de filosof\u00eda, tanto de secundaria como de universidad, que ven\u00edan colaborando desde hac\u00eda tiempo en las olimpiadas filos\u00f3ficas que se celebraban en diversas comunidades aut\u00f3nomas.<\/p>\n<p style=\"text-align: justify\">Adem\u00e1s, la OFE es fruto de una experiencia acumulada y de un proceso de coordinaci\u00f3n de actividades que desde hace a\u00f1os vienen animando al alumnado de secundaria para que se inicie en el ejercicio de la reflexi\u00f3n filos\u00f3fica, sea trav\u00e9s de la docencia en el aula, sea a trav\u00e9s de cert\u00e1menes de ensayo, debates p\u00fablicos, conferencias y encuentros virtuales.<\/p>\n<p style=\"text-align: justify\">En este sentido, se trata de dar visibilidad y reconocimiento p\u00fablico a una serie de pr\u00e1cticas escolares que son inherentes a la docencia misma de la filosof\u00eda, pues el alumnado\u00a0de secundaria se ha visto a menudo en situaci\u00f3n de escribir un ensayo filos\u00f3fico, debatir con sus compa\u00f1eros de forma argumentativa o discutir un dilema moral en clase. Estas, y algunas otras, son las principales tareas que la OFE propone al alumnado.<\/p>\n<p style=\"text-align: justify\">En resumen, la <strong>Olimpiada Filos\u00f3fica de Espa\u00f1a<\/strong> pretende ser un lugar de encuentro para todo el alumnado y para todo el profesorado que desea hacer del ejercicio del pensamiento libre no una mera obligaci\u00f3n escolar, sino m\u00e1s bien una forma de vida.<\/p>\n<ul>\n<li style=\"text-align: justify\">I Olimpiada Filos\u00f3fica de Espa\u00f1a. Se celebr\u00f3 en la Universidad de Salamanca, los d\u00edas 25 y 26 de abril de 2014.<\/li>\n<li style=\"text-align: justify\">II Olimpiada Filos\u00f3fica de Espa\u00f1a. Se celebr\u00f3 en la Universidad Complutense de\u00a0Madrid, los d\u00edas 24 y 25 de abril de 2015.<\/li>\n<li>III Olimpiada Filos\u00f3fica de Espa\u00f1a. Se celebr\u00f3 en el IES \u00abLa Er\u00eda\u00bb de Oviedo, los d\u00edas 15 y 16 de abril de 2016.<\/li>\n<li>IV Olimpiada Filos\u00f3fica de Espa\u00f1a se celebr\u00f3 en el IES \u00abLicenciado Cascales\u00bb y el edificio Moneo de Murcia, los d\u00edas \u00a05 y 6\u00a0de mayo\u00a0de 2017. El tema elegido fue <em>Nuevas tecnolog\u00edas e identidad humana.<\/em><\/li>\n<li>V Olimpiada Filos\u00f3fica de Espa\u00f1a se celebr\u00f3 en Extremadura los d\u00edas 4 y 5 de mayo de 2018. En el IES \u00abEl Brocense\u00bb de C\u00e1ceres y el \u00abSanta Eulalia\u00bb de M\u00e9rida. El tema de esta edici\u00f3n fue <em>Revoluci\u00f3n y utop\u00eda.<\/em><\/li>\n<li>VI Olimpiada Filos\u00f3fica de Espa\u00f1a se celebr\u00f3 en M\u00e1laga (Andaluc\u00eda) los d\u00edas 26 y 27 de abril de 2019. En La T\u00e9rmica y el auditorio \u00abEdgar Neville\u00bb de la Diputaci\u00f3n de M\u00e1laga. El tema fue: <em>Realidad y apariencia en el mundo actual<\/em><em>,<\/em><\/li>\n<li>VII Olimpiada Filos\u00f3fica de Espa\u00f1a ten\u00eda previsto celebrarse en la comunidad de Galicia, en la ciudad de Santiago de Compostela los d\u00edas 24 y 25 de abril de 2020. Las circunstancias de la pandemia lo impidieron. El tema fue: <em>El poder del mito<\/em>.<\/li>\n<li>La VIII Olimpiada Filos\u00f3fica de Espa\u00f1a se celebr\u00f3 virtualmente. El tema fue: \u00bfLibertad o Seguridad?<\/li>\n<li>La IX Olimpiada Filos\u00f3fica se celebr\u00f3 virtualmente. El tema fue: Transhumanismo, \u00bfmejora o final de la especie humana?<\/li>\n<li>La X Olimpiada Filos\u00f3fica se celebr\u00f3 en Adeje (Tenerife) los d\u00edas 28 y 29 de abril de 2023.\u00a0<\/li>\n<li>La XI Olimpiada Filos\u00f3fica de Espa\u00f1a se celebr\u00f3 en Bilbao los d\u00edas 19 y 20 de abril de 2024 y el tema para todas sus modalidades (disertaci\u00f3n filos\u00f3fica, dilema moral, fotograf\u00eda y v\u00eddeo) fue \u00ab\u00bfQu\u00e9 es el ocio?\u00bb.<\/li>\n<li>La XII Olimpiada Filos\u00f3fica de Espa\u00f1a se celebr\u00f3 en Palma de Mallorca los d\u00edas 28 y 29 de marzo de 2025 y el tema fue todas sus modalidades (disertaci\u00f3n filos\u00f3fica, dilema moral, fotograf\u00eda y v\u00eddeo) es el siguiente: <em>Los cuidados. Cuidado del medio, cuidado de las personas y cuidado de s\u00ed.<\/em><\/li>\n<li><strong>La XIII Olimpiada Filos\u00f3fica de Espa\u00f1a que se celebrar\u00e1 en Ciudad Real los d\u00edas 17 y 18 de abril de 2026 y el tema para todas sus modalidades (disertaci\u00f3n filos\u00f3fica, dilema moral, fotograf\u00eda, video y ensayo) ser\u00e1: La locura. Don Quijote en el mundo actual.\u00a0<\/strong><\/li>\n<\/ul>\n<p style=\"text-align: justify\">Si quieres saber m\u00e1s sobre el desarrollo de la Olimpiada Filos\u00f3fica de Espa\u00f1a, no dudes en <a href=\"https:\/\/redfilosofia.es\/olimpiada\/comite-organizador\/\">ponerte en contacto con nosotros<\/a>.<\/p>\n\n\n<p><\/p>\n","protected":false},"excerpt":{"rendered":"<p>La Olimpiada Filos\u00f3fica de Espa\u00f1a (OFE) nace en 2013, impulsada por varias asociaciones y olimpiadas de \u00e1mbito auton\u00f3mico, todas ellas integradas en\u00a0la Red espa\u00f1ola de Filosof\u00eda (REF). Fue promovida por un grupo de profesores y profesoras de filosof\u00eda, tanto de secundaria como de universidad, que ven\u00edan colaborando desde hac\u00eda tiempo en las olimpiadas filos\u00f3ficas que [&hellip;]<\/p>\n","protected":false},"author":2,"featured_media":0,"parent":0,"menu_order":0,"comment_status":"closed","ping_status":"closed","template":"page-templates\/front-page.php","meta":{"jetpack_post_was_ever_published":false,"footnotes":""},"class_list":["post-6","page","type-page","status-publish","hentry"],"jetpack_sharing_enabled":true,"jetpack_shortlink":"https:\/\/wp.me\/P6Sq1k-6","_links":{"self":[{"href":"https:\/\/redfilosofia.es\/olimpiada\/wp-json\/wp\/v2\/pages\/6","targetHints":{"allow":["GET"]}}],"collection":[{"href":"https:\/\/redfilosofia.es\/olimpiada\/wp-json\/wp\/v2\/pages"}],"about":[{"href":"https:\/\/redfilosofia.es\/olimpiada\/wp-json\/wp\/v2\/types\/page"}],"author":[{"embeddable":true,"href":"https:\/\/redfilosofia.es\/olimpiada\/wp-json\/wp\/v2\/users\/2"}],"replies":[{"embeddable":true,"href":"https:\/\/redfilosofia.es\/olimpiada\/wp-json\/wp\/v2\/comments?post=6"}],"version-history":[{"count":72,"href":"https:\/\/redfilosofia.es\/olimpiada\/wp-json\/wp\/v2\/pages\/6\/revisions"}],"predecessor-version":[{"id":995,"href":"https:\/\/redfilosofia.es\/olimpiada\/wp-json\/wp\/v2\/pages\/6\/revisions\/995"}],"wp:attachment":[{"href":"https:\/\/redfilosofia.es\/olimpiada\/wp-json\/wp\/v2\/media?parent=6"}],"curies":[{"name":"wp","href":"https:\/\/api.w.org\/{rel}","templated":true}]}}