{"id":627,"date":"2015-09-21T18:55:21","date_gmt":"2015-09-21T18:55:21","guid":{"rendered":"https:\/\/redfilosofia.es\/olimpiada\/?page_id=627"},"modified":"2015-09-23T11:00:42","modified_gmt":"2015-09-23T11:00:42","slug":"i-olimpiada-filosofica-de-espana","status":"publish","type":"page","link":"https:\/\/redfilosofia.es\/olimpiada\/documentacion\/i-olimpiada-filosofica-de-espana\/","title":{"rendered":"I Olimpiada Filos\u00f3fica de Espa\u00f1a"},"content":{"rendered":"<h1>I Olimpiada Filos\u00f3fica de Espa\u00f1a, Salamanca 2014<\/h1>\n<p><a href=\"https:\/\/redfilosofia.es\/olimpiada\/wp-content\/uploads\/sites\/3\/2014\/04\/cartel-2014-pq.jpg\"><img loading=\"lazy\" decoding=\"async\" class=\"aligncenter size-medium wp-image-323\" src=\"https:\/\/redfilosofia.es\/olimpiada\/wp-content\/uploads\/sites\/3\/2014\/04\/cartel-2014-pq-211x300.jpg\" alt=\"Cartel de la I Olimpiada Filos\u00f3fica de Espa\u00f1a\" width=\"211\" height=\"300\" srcset=\"https:\/\/redfilosofia.es\/olimpiada\/wp-content\/uploads\/sites\/3\/2014\/04\/cartel-2014-pq-211x300.jpg 211w, https:\/\/redfilosofia.es\/olimpiada\/wp-content\/uploads\/sites\/3\/2014\/04\/cartel-2014-pq.jpg 250w\" sizes=\"auto, (max-width: 211px) 100vw, 211px\" \/><\/a><\/p>\n<ul>\n<li><a title=\"Resumen de la final de la I O.F.E.\" href=\"https:\/\/redfilosofia.es\/olimpiada\/2014\/05\/24\/resumen-de-la-final-de-la-i-o-f-e\/\" target=\"_blank\">Resumen de la final de la I Olimpiada Filos\u00f3fica de Espa\u00f1a<\/a><\/li>\n<li><a title=\"Resumen de la jornada inaugural de la I O.F.E.\" href=\"https:\/\/redfilosofia.es\/olimpiada\/2014\/05\/20\/jornada-inaugural-de-la-i-o-f-e\/\" target=\"_blank\">Resumen de la jornada inaugural de la I Olimpiada Filos\u00f3fica de Espa\u00f1a<\/a><\/li>\n<li><a title=\"Fotos de la final de la I O.F.E.\" href=\"https:\/\/plus.google.com\/photos\/102382069869326283413\/albums\/6007075315692760529?authkey=CKCb4IHlsJDKsAE\" target=\"_blank\">\u00c1lbum de fotos de la final de la I Olimpiada Filos\u00f3fica de Espa\u00f1a<\/a><\/li>\n<li><a title=\"Ejercicios escritos por los alumnos finalistas de la I O.F.E.\" href=\"https:\/\/drive.google.com\/file\/d\/0B5LwqvSU9DiQVGVLUG9FbWstdms\/edit?usp=sharing\" target=\"_blank\">Ejercicios de resoluci\u00f3n de dilemas morales y de disertaci\u00f3n escritos por los participantes en la final de la I Olimpiada Filos\u00f3fica de Espa\u00f1a<\/a><\/li>\n<li><a title=\"Ejercicio de la final de la I Olimpiada Filos\u00f3fica de Espa\u00f1a, dilemas morales y disertaci\u00f3n\" href=\"https:\/\/redfilosofia.es\/olimpiada\/wp-content\/uploads\/sites\/3\/2014\/04\/ejercicio-final-2014.pdf\" target=\"_blank\">Ejercicio planteado en la final de la I Olimpiada Filos\u00f3fica de Espa\u00f1a<\/a><\/li>\n<li><a title=\"Lista de finalistas de la I O.F.E.\" href=\"https:\/\/redfilosofia.es\/olimpiada\/wp-content\/uploads\/sites\/3\/2014\/04\/finalistas-2014.pdf\" target=\"_blank\">Lista de finalistas de la I Olimpiada Filos\u00f3fica de Espa\u00f1a<\/a><\/li>\n<li><a title=\"Cartel de la I Olimpiada Filos\u00f3fica de Espa\u00f1a\" href=\"https:\/\/redfilosofia.es\/olimpiada\/?attachment_id=320\" target=\"_blank\">Cartel de la I Olimpiada Filos\u00f3fica de Espa\u00f1a<\/a><\/li>\n<li><a title=\"Programa de la I O.F.E.\" href=\"https:\/\/redfilosofia.es\/olimpiada\/wp-content\/uploads\/sites\/3\/2014\/04\/programa-2014.pdf\">Programa de la I Olimpiada Filos\u00f3fica de Espa\u00f1a<\/a><\/li>\n<li><a title=\"Accede a la autorizaci\u00f3n familiar para asistir a la final de la OFE\" href=\"https:\/\/drive.google.com\/file\/d\/0B5LwqvSU9DiQZHFKWGhvcjdkYUE\/edit?usp=sharing\" target=\"_blank\">Autorizaci\u00f3n familiar para asistir a la final de la OFE<\/a><\/li>\n<li><a href=\"https:\/\/redfilosofia.es\/olimpiada\/wp-content\/uploads\/sites\/3\/2013\/11\/reglamento-olimpiada.pdf\">Reglamento de la I Olimpiada Filos\u00f3fica de Espa\u00f1a<\/a><\/li>\n<\/ul>\n<h2>Comit\u00e9 organizador local de la I OFE. Salamanca. 2014<\/h2>\n<ul>\n<li>Jos\u00e9 Luis Fuertes Herreros, <a title=\"Accede a la web de la Facultad de Filosof\u00eda de la Universidad de Salamanca\" href=\"http:\/\/www.usal.es\/webusal\/node\/29\" target=\"_blank\">Universidad de Salamanca<\/a> (<a href=\"mailto:jfue%72%74es@%75s%61l.es\">mail de contacto<\/a>)<\/li>\n<li>Sagrario Roll\u00e1n Roll\u00e1n, <a title=\"Accede a la web del I.E.S. Mateo Hern\u00e1ndez\" href=\"http:\/\/iesmateohernandez.centros.educa.jcyl.es\/sitio\/\" target=\"_blank\">I.E.S. Mateo Hern\u00e1ndez<\/a> (<a href=\"mailto:m%73a%67r%61ro%40yahoo%2Ees\">mail de contacto<\/a>)<\/li>\n<li>Celso Redero Sanrom\u00e1n, <a title=\"Accede a la web del Colegio Antonio Machado\" href=\"http:\/\/www.colegioantoniomachado.es\/\" target=\"_blank\">Colegio Antonio Machado<\/a> (<a href=\"mailto:ce%6Csor6@ono.c%6Fm\">mail de contacto<\/a>)<\/li>\n<li>Isabel Garc\u00eda Conde, <a title=\"Accede a la web del I.E.S. Francisco Salinas\" href=\"http:\/\/www.iesfranciscosalinas.com\/joomla\/\" target=\"_blank\">I.E.S. Francisco Salinas<\/a> (<a href=\"mailto:am%61%72%61nto36%40ya%68oo.es\">mail de contacto<\/a>)<\/li>\n<li>Jacinto S\u00e1nchez Mi\u00f1ambres, <a title=\"Accede a la web del I.E.S. Germ\u00e1n S\u00e1nchez Ruip\u00e9rez\" href=\"http:\/\/iesgermansanchezruiperez.centros.educa.jcyl.es\/sitio\/\" target=\"_blank\">I.E.S. Germ\u00e1n S\u00e1nchez Ruip\u00e9rez<\/a> (<a href=\"mailto:jacsami%39@gm%61%69l.co%6D\">mail de contacto<\/a>)<\/li>\n<li>Juan Antonio Hern\u00e1ndez Fuentevilla, <a title=\"Accede a la web del I.E.S. Tom\u00e1s y Valiente de Pe\u00f1aranda\" href=\"http:\/\/iestomasyvaliente.centros.educa.jcyl.es\/sitio\/\">I.E.S. Tom\u00e1s y Valiente<\/a> (<a href=\"mailto:j%75a%6Eanhf@gm%61il%2E%63om\">mail de contacto<\/a>)<\/li>\n<li>Carlos Rodr\u00edguez del Pilar, <a title=\"Accede a la web del Colegio Maestro \u00c1vila de Salamanca\" href=\"http:\/\/www.colegiomaestroavila.com\/news\/news.htm\" target=\"_blank\">Colegio Maestro \u00c1vila<\/a> (<a href=\"mailto:%66iloso%66ia@%63ole%67i%6Fmae%73%74ro%61vil%61%2Ecom\">mail de contacto<\/a>)<\/li>\n<li>Rosa Reina P\u00e9rez, <a title=\"Accede a la web del I.E.S. Los Sauces\" href=\"http:\/\/ieslossauces.centros.educa.jcyl.es\/sitio\/\" target=\"_blank\">I.E.S. Los Sauces<\/a> (<a href=\"mailto:%72osamreina%40y%61h%6Fo.es\">mail de contacto<\/a>)<\/li>\n<li>\u00c1ngel Poncela Gonz\u00e1lez, <a title=\"Web de la Facultad de Filosof\u00eda de la Universidad de Salamanca\" href=\"http:\/\/www.usal.es\/webusal\/node\/29\" target=\"_blank\">Universidad de Salamanca<\/a> (<a href=\"mailto:a%70on%63ela@us%61l%2E%65%73\">mail de contacto<\/a>)<\/li>\n<li>Ignacio Garc\u00eda Pe\u00f1a, <a title=\"Web de la Facultad de Filosof\u00eda de la Universidad de Salamanca\" href=\"http:\/\/www.usal.es\/webusal\/node\/29\" target=\"_blank\">Universidad de Salamanca<\/a>\u00a0(<a href=\"mailto:nachog%70@usal.e%73\">mail de contacto<\/a>)<\/li>\n<li>Mar\u00eda Mart\u00edn G\u00f3mez, <a title=\"Web de la Facultad de Filosof\u00eda de la Universidad de Salamanca\" href=\"http:\/\/www.usal.es\/webusal\/node\/29\" target=\"_blank\">Universidad de Salamanca<\/a> (<a href=\"mailto:mariamargo%40%75%73%61%6C.es\">mail de contacto<\/a>)<\/li>\n<li>David Jim\u00e9nez Casta\u00f1o <a title=\"Web de la Facultad de Filosof\u00eda de la Universidad de Salamanca\" href=\"http:\/\/www.usal.es\/webusal\/node\/29\" target=\"_blank\">Universidad de Salamanca<\/a> (<a href=\"mailto:%64%6Aim%65nez@us%61l%2E%65s\">mail de contacto<\/a>)<\/li>\n<li>Carlos Javier Ferrero Mart\u00ednez <a title=\"Web de la Facultad de Filosof\u00eda de la Universidad de Salamanca\" href=\"http:\/\/www.usal.es\/webusal\/node\/29\" target=\"_blank\">Universidad de Salamanca<\/a> (<a href=\"mailto:c%6A%66m@usal.es\">mail de contacto<\/a>)<\/li>\n<li>Mikel Henda G\u00f3mez de Segura <a title=\"Web de la Facultad de Filosof\u00eda de la Universidad de Salamanca\" href=\"http:\/\/www.usal.es\/webusal\/node\/29\" target=\"_blank\">Universidad de Salamanca<\/a> (<a href=\"mailto:mik%65lh%65nda@usal.es\">mail de contacto<\/a>)<\/li>\n<li>H\u00e9ctor del Estal S\u00e1nchez <a title=\"Web de la Facultad de Filosof\u00eda de la Universidad de Salamanca\" href=\"http:\/\/www.usal.es\/webusal\/node\/29\" target=\"_blank\">Universidad de Salamanca<\/a> (<a href=\"mailto:hede%73a%40usa%6C%2Ees\">mail de contacto<\/a>)<\/li>\n<li>Claudia Sopelano Gross <a title=\"Web de la Facultad de Filosof\u00eda de la Universidad de Salamanca\" href=\"http:\/\/www.usal.es\/webusal\/node\/29\" target=\"_blank\">Universidad de Salamanca<\/a> (<a href=\"mailto:cs%75p%65la%6Eo@usal.es\">mail de contacto<\/a>)<\/li>\n<\/ul>\n","protected":false},"excerpt":{"rendered":"<p>I Olimpiada Filos\u00f3fica de Espa\u00f1a, Salamanca 2014 Resumen de la final de la I Olimpiada Filos\u00f3fica de Espa\u00f1a Resumen de la jornada inaugural de la I Olimpiada Filos\u00f3fica de Espa\u00f1a \u00c1lbum de fotos de la final de la I Olimpiada Filos\u00f3fica de Espa\u00f1a Ejercicios de resoluci\u00f3n de dilemas morales y de disertaci\u00f3n escritos por los [&hellip;]<\/p>\n","protected":false},"author":1,"featured_media":0,"parent":24,"menu_order":0,"comment_status":"open","ping_status":"open","template":"","meta":{"jetpack_post_was_ever_published":false,"footnotes":""},"class_list":["post-627","page","type-page","status-publish","hentry"],"jetpack_sharing_enabled":true,"jetpack_shortlink":"https:\/\/wp.me\/P6Sq1k-a7","_links":{"self":[{"href":"https:\/\/redfilosofia.es\/olimpiada\/wp-json\/wp\/v2\/pages\/627","targetHints":{"allow":["GET"]}}],"collection":[{"href":"https:\/\/redfilosofia.es\/olimpiada\/wp-json\/wp\/v2\/pages"}],"about":[{"href":"https:\/\/redfilosofia.es\/olimpiada\/wp-json\/wp\/v2\/types\/page"}],"author":[{"embeddable":true,"href":"https:\/\/redfilosofia.es\/olimpiada\/wp-json\/wp\/v2\/users\/1"}],"replies":[{"embeddable":true,"href":"https:\/\/redfilosofia.es\/olimpiada\/wp-json\/wp\/v2\/comments?post=627"}],"version-history":[{"count":4,"href":"https:\/\/redfilosofia.es\/olimpiada\/wp-json\/wp\/v2\/pages\/627\/revisions"}],"predecessor-version":[{"id":685,"href":"https:\/\/redfilosofia.es\/olimpiada\/wp-json\/wp\/v2\/pages\/627\/revisions\/685"}],"up":[{"embeddable":true,"href":"https:\/\/redfilosofia.es\/olimpiada\/wp-json\/wp\/v2\/pages\/24"}],"wp:attachment":[{"href":"https:\/\/redfilosofia.es\/olimpiada\/wp-json\/wp\/v2\/media?parent=627"}],"curies":[{"name":"wp","href":"https:\/\/api.w.org\/{rel}","templated":true}]}}