{"id":629,"date":"2015-09-21T18:56:01","date_gmt":"2015-09-21T18:56:01","guid":{"rendered":"https:\/\/redfilosofia.es\/olimpiada\/?page_id=629"},"modified":"2015-09-23T11:01:40","modified_gmt":"2015-09-23T11:01:40","slug":"ii-olimpiada-filosofica-de-espana","status":"publish","type":"page","link":"https:\/\/redfilosofia.es\/olimpiada\/documentacion\/ii-olimpiada-filosofica-de-espana\/","title":{"rendered":"II Olimpiada Filos\u00f3fica de Espa\u00f1a"},"content":{"rendered":"<h3><strong>II Olimpiada Filos\u00f3fica de Espa\u00f1a, Madrid 2015<\/strong><\/h3>\n<p><a href=\"https:\/\/redfilosofia.es\/olimpiada\/wp-content\/uploads\/sites\/3\/2015\/09\/Cartel_II-OFE-713x1024.jpg\"><img loading=\"lazy\" decoding=\"async\" class=\"aligncenter size-full wp-image-653\" src=\"https:\/\/redfilosofia.es\/olimpiada\/wp-content\/uploads\/sites\/3\/2015\/09\/Cartel_II-OFE-713x1024.jpg\" alt=\"Cartel_II-OFE-713x1024\" width=\"321\" height=\"461\" srcset=\"https:\/\/redfilosofia.es\/olimpiada\/wp-content\/uploads\/sites\/3\/2015\/09\/Cartel_II-OFE-713x1024.jpg 321w, https:\/\/redfilosofia.es\/olimpiada\/wp-content\/uploads\/sites\/3\/2015\/09\/Cartel_II-OFE-713x1024-209x300.jpg 209w\" sizes=\"auto, (max-width: 321px) 100vw, 321px\" \/><\/a><\/p>\n<p><a href=\"https:\/\/redfilosofia.es\/olimpiada\/2015\/04\/11\/programa-de-la-ii-ofe-en-madrid\/\">Programa de la II Olimpiada Filos\u00f3fica de Espa\u00f1a<\/a><\/p>\n<p><a href=\"https:\/\/redfilosofia.es\/olimpiada\/2015\/05\/02\/presentacion-de-las-fotografias-finalista-de-la-ii-ofe\/\">Presentaci\u00f3n de las fotograf\u00edas finalistas de la II OFE<\/a><\/p>\n<p><a href=\"https:\/\/redfilosofia.es\/olimpiada\/2015\/04\/26\/ganadores-de-la-final-da-la-ii-ofe\/\">Ganadores de la final de la II OFE<\/a><\/p>\n<p><a href=\"https:\/\/redfilosofia.es\/olimpiada\/2015\/04\/19\/programa-de-la-ii-ofe\/\">Cartel de la II OFE<\/a><\/p>\n<h2>Comit\u00e9 organizador local de la II OFE. Madrid. 2015<\/h2>\n<ul>\n<li>Julio\u00a0C.\u00a0Armero\u00a0San Jos\u00e9 (Facultad de Filosof\u00eda. UNED).<\/li>\n<li>Manuel \u00c1lvaro Due\u00f1as (Facultad de Formaci\u00f3n del Profesorado. UAM).<\/li>\n<li>Lourdes Dur\u00e1n D\u00edaz (Olimpiada Filos\u00f3fica de Madrid).<\/li>\n<li>Alejandro Escudero P\u00e9rez (Facultad de Filosof\u00eda. UNED).<\/li>\n<li>Miguel Garc\u00eda-Bar\u00f3 (Departamento de Filosof\u00eda. Universidad Pontificia Comillas).<\/li>\n<li>F\u00e9lix Garc\u00eda Moriy\u00f3n (IUCE. UAM \/ Centro de Filosof\u00eda para Ni\u00f1os).<\/li>\n<li>Juan Jos\u00e9 Garc\u00eda Norro (Facultad de Filosof\u00eda. UCM).<\/li>\n<li>Ortega Rodr\u00edguez, Iv\u00e1n.\u00a0(Departamento de Filosof\u00eda. Universidad Pontificia Comillas).<\/li>\n<li>Esperanza Rodr\u00edguez Guill\u00e9n (Comisi\u00f3n de Educaci\u00f3n de la REF).<\/li>\n<li>Concha Rold\u00e1n Panadero (Instituto de Filosof\u00eda. CSIC).<\/li>\n<li>Miguel Salmer\u00f3n\u00a0(Dpto. de Filosof\u00eda. Facultad de Filosof\u00eda y Letras. UAM).<\/li>\n<li>Manuel Sanl\u00e9s (Olimpiada Filos\u00f3fica de Madrid. SEPFI).<\/li>\n<li>Julio Seoane Pinilla (Dpto de Historia y Filosof\u00eda. UAH).<\/li>\n<li>Fernando Velasco Fern\u00e1ndez (Facultad de Ciencias Jur\u00eddicas y Sociales. URJC).<\/li>\n<li>Stella Villarmea Requejo (Dpto de Historia y Filosof\u00eda. UAH).<\/li>\n<\/ul>\n","protected":false},"excerpt":{"rendered":"<p>II Olimpiada Filos\u00f3fica de Espa\u00f1a, Madrid 2015 Programa de la II Olimpiada Filos\u00f3fica de Espa\u00f1a Presentaci\u00f3n de las fotograf\u00edas finalistas de la II OFE Ganadores de la final de la II OFE Cartel de la II OFE Comit\u00e9 organizador local de la II OFE. Madrid. 2015 Julio\u00a0C.\u00a0Armero\u00a0San Jos\u00e9 (Facultad de Filosof\u00eda. UNED). Manuel \u00c1lvaro Due\u00f1as [&hellip;]<\/p>\n","protected":false},"author":1,"featured_media":0,"parent":24,"menu_order":0,"comment_status":"open","ping_status":"open","template":"","meta":{"jetpack_post_was_ever_published":false,"footnotes":""},"class_list":["post-629","page","type-page","status-publish","hentry"],"jetpack_sharing_enabled":true,"jetpack_shortlink":"https:\/\/wp.me\/P6Sq1k-a9","_links":{"self":[{"href":"https:\/\/redfilosofia.es\/olimpiada\/wp-json\/wp\/v2\/pages\/629","targetHints":{"allow":["GET"]}}],"collection":[{"href":"https:\/\/redfilosofia.es\/olimpiada\/wp-json\/wp\/v2\/pages"}],"about":[{"href":"https:\/\/redfilosofia.es\/olimpiada\/wp-json\/wp\/v2\/types\/page"}],"author":[{"embeddable":true,"href":"https:\/\/redfilosofia.es\/olimpiada\/wp-json\/wp\/v2\/users\/1"}],"replies":[{"embeddable":true,"href":"https:\/\/redfilosofia.es\/olimpiada\/wp-json\/wp\/v2\/comments?post=629"}],"version-history":[{"count":9,"href":"https:\/\/redfilosofia.es\/olimpiada\/wp-json\/wp\/v2\/pages\/629\/revisions"}],"predecessor-version":[{"id":686,"href":"https:\/\/redfilosofia.es\/olimpiada\/wp-json\/wp\/v2\/pages\/629\/revisions\/686"}],"up":[{"embeddable":true,"href":"https:\/\/redfilosofia.es\/olimpiada\/wp-json\/wp\/v2\/pages\/24"}],"wp:attachment":[{"href":"https:\/\/redfilosofia.es\/olimpiada\/wp-json\/wp\/v2\/media?parent=629"}],"curies":[{"name":"wp","href":"https:\/\/api.w.org\/{rel}","templated":true}]}}